


{"id":52290,"date":"2021-08-02T10:16:36","date_gmt":"2021-08-02T08:16:36","guid":{"rendered":"https:\/\/www.icon-icon.com\/produit\/mumm-une-incroyable-histoire\/"},"modified":"2022-07-05T16:50:09","modified_gmt":"2022-07-05T14:50:09","slug":"mumm-une-incroyable-histoire","status":"publish","type":"product","link":"https:\/\/www.icon-icon.com\/en\/produit\/mumm-une-incroyable-histoire\/","title":{"rendered":"Mumm, une incroyable histoire"},"content":{"rendered":"","protected":false},"excerpt":{"rendered":"<p><strong>Icon Icon Opinion :\u00a0<\/strong><\/p>\n<p>&#8220;Nothing but the best&#8221; &#8211; this beautiful book offers a unique insight into the soul and know-how of this two hundred year old house, whose motto reveals the true secrets behind the production of this delectable champagne!<\/p>\n<p><b>Author<\/b><b>: <\/b>Denis Rolland<\/p>\n<p><b>Publishing House: <\/b>Le Pythagore Editions<\/p>\n<p><b>Publication Date : <\/b>November 2019<\/p>\n<p>Mumm, saga familiale et industrielle, durant un si\u00e8cle, de Reims \u00e0 New York en passant par Francfort. En Allemagne, la famille Mumm von Schwarzenstein produisait un vin p\u00e9tillant fort r\u00e9put\u00e9, le Sekt de Johannisberg. La maison Mumm de Reims fut cr\u00e9\u00e9e en 1827. En 1914, elle \u00e9tait le 3e producteur de champagne. La d\u00e9claration de guerre sonne le glas de la puissance des Mumm. Bien que d\u00e9sireux de rester en France, car non mobilisable, Hermann est arr\u00eat\u00e9 puis soup\u00e7onn\u00e9 d&#8217;espionnage, tandis que Walther, retourn\u00e9 en Allemagne, est mobilis\u00e9 dans l&#8217;aviation allemande.<\/p>\n<p>Durant toute la guerre, la soci\u00e9t\u00e9 de Reims est mise sous s\u00e9questre. Elle est vendue aux ench\u00e8res en 1920 par l&#8217;Etat fran\u00e7ais. Un certain Alaric d&#8217;Ornhjelm l&#8217;ach\u00e8te sous couvert d&#8217;une nouvelle entreprise, la Soci\u00e9t\u00e9 des vignerons de Champagne (S. V. C.). Pendant plus de vingt ans, cette acquisition sera \u00e0 l&#8217;origine d&#8217;une lutte sans merci avec la famille Mumm \u00e0 propos de l&#8217;utilisation des marques Mumm.<\/p>\n","protected":false},"featured_media":60599,"template":"","meta":{"_acf_changed":false},"product_brand":[],"product_cat":[21562,21710,22973,24887,21728],"product_tag":[],"class_list":{"0":"post-52290","1":"product","2":"type-product","3":"status-publish","4":"has-post-thumbnail","6":"product_cat-books","7":"product_cat-champagne-selection","8":"product_cat-culture-and-technology","9":"product_cat-luxury-and-lifestyle","10":"product_cat-wines-spirits-gastronomy-selection","12":"first","13":"instock","14":"product-type-external"},"acf":[],"yoast_head":"<!-- This site is optimized with the Yoast SEO plugin v27.2 - https:\/\/yoast.com\/product\/yoast-seo-wordpress\/ -->\n<title>Mumm, une incroyable histoire - ICON-ICON<\/title>\n<meta name=\"robots\" content=\"index, follow, max-snippet:-1, max-image-preview:large, max-video-preview:-1\" \/>\n<link rel=\"canonical\" href=\"https:\/\/www.icon-icon.com\/en\/produit\/mumm-une-incroyable-histoire\/\" \/>\n<meta property=\"og:locale\" content=\"en_US\" \/>\n<meta property=\"og:type\" content=\"article\" \/>\n<meta property=\"og:title\" content=\"Mumm, une incroyable histoire - ICON-ICON\" \/>\n<meta property=\"og:description\" content=\"Icon Icon Opinion :\u00a0  &quot;Nothing but the best&quot; - this beautiful book offers a unique insight into the soul and know-how of this two hundred year old house, whose motto reveals the true secrets behind the production of this delectable champagne!  Author: Denis Rolland  Publishing House: Le Pythagore Editions  Publication Date : November 2019  Mumm, saga familiale et industrielle, durant un si\u00e8cle, de Reims \u00e0 New York en passant par Francfort. En Allemagne, la famille Mumm von Schwarzenstein produisait un vin p\u00e9tillant fort r\u00e9put\u00e9, le Sekt de Johannisberg. La maison Mumm de Reims fut cr\u00e9\u00e9e en 1827. En 1914, elle \u00e9tait le 3e producteur de champagne. La d\u00e9claration de guerre sonne le glas de la puissance des Mumm. Bien que d\u00e9sireux de rester en France, car non mobilisable, Hermann est arr\u00eat\u00e9 puis soup\u00e7onn\u00e9 d&#039;espionnage, tandis que Walther, retourn\u00e9 en Allemagne, est mobilis\u00e9 dans l&#039;aviation allemande.  Durant toute la guerre, la soci\u00e9t\u00e9 de Reims est mise sous s\u00e9questre. Elle est vendue aux ench\u00e8res en 1920 par l&#039;Etat fran\u00e7ais. Un certain Alaric d&#039;Ornhjelm l&#039;ach\u00e8te sous couvert d&#039;une nouvelle entreprise, la Soci\u00e9t\u00e9 des vignerons de Champagne (S. V. C.). Pendant plus de vingt ans, cette acquisition sera \u00e0 l&#039;origine d&#039;une lutte sans merci avec la famille Mumm \u00e0 propos de l&#039;utilisation des marques Mumm.\" \/>\n<meta property=\"og:url\" content=\"https:\/\/www.icon-icon.com\/en\/produit\/mumm-une-incroyable-histoire\/\" \/>\n<meta property=\"og:site_name\" content=\"ICON-ICON\" \/>\n<meta property=\"article:modified_time\" content=\"2022-07-05T14:50:09+00:00\" \/>\n<meta property=\"og:image\" content=\"https:\/\/www.icon-icon.com\/wp-content\/uploads\/2021\/08\/denis-rolland.jpg\" \/>\n\t<meta property=\"og:image:width\" content=\"500\" \/>\n\t<meta property=\"og:image:height\" content=\"500\" \/>\n\t<meta property=\"og:image:type\" content=\"image\/jpeg\" \/>\n<meta name=\"twitter:card\" content=\"summary_large_image\" \/>\n<meta name=\"twitter:label1\" content=\"Est. reading time\" \/>\n\t<meta name=\"twitter:data1\" content=\"1 minute\" \/>\n<script type=\"application\/ld+json\" class=\"yoast-schema-graph\">{\"@context\":\"https:\/\/schema.org\",\"@graph\":[{\"@type\":\"WebPage\",\"@id\":\"https:\/\/www.icon-icon.com\/en\/produit\/mumm-une-incroyable-histoire\/\",\"url\":\"https:\/\/www.icon-icon.com\/en\/produit\/mumm-une-incroyable-histoire\/\",\"name\":\"Mumm, une incroyable histoire - ICON-ICON\",\"isPartOf\":{\"@id\":\"https:\/\/www.icon-icon.com\/#website\"},\"primaryImageOfPage\":{\"@id\":\"https:\/\/www.icon-icon.com\/en\/produit\/mumm-une-incroyable-histoire\/#primaryimage\"},\"image\":{\"@id\":\"https:\/\/www.icon-icon.com\/en\/produit\/mumm-une-incroyable-histoire\/#primaryimage\"},\"thumbnailUrl\":\"https:\/\/www.icon-icon.com\/wp-content\/uploads\/2021\/08\/denis-rolland.jpg\",\"datePublished\":\"2021-08-02T08:16:36+00:00\",\"dateModified\":\"2022-07-05T14:50:09+00:00\",\"breadcrumb\":{\"@id\":\"https:\/\/www.icon-icon.com\/en\/produit\/mumm-une-incroyable-histoire\/#breadcrumb\"},\"inLanguage\":\"en-US\",\"potentialAction\":[{\"@type\":\"ReadAction\",\"target\":[\"https:\/\/www.icon-icon.com\/en\/produit\/mumm-une-incroyable-histoire\/\"]}]},{\"@type\":\"ImageObject\",\"inLanguage\":\"en-US\",\"@id\":\"https:\/\/www.icon-icon.com\/en\/produit\/mumm-une-incroyable-histoire\/#primaryimage\",\"url\":\"https:\/\/www.icon-icon.com\/wp-content\/uploads\/2021\/08\/denis-rolland.jpg\",\"contentUrl\":\"https:\/\/www.icon-icon.com\/wp-content\/uploads\/2021\/08\/denis-rolland.jpg\",\"width\":500,\"height\":500},{\"@type\":\"BreadcrumbList\",\"@id\":\"https:\/\/www.icon-icon.com\/en\/produit\/mumm-une-incroyable-histoire\/#breadcrumb\",\"itemListElement\":[{\"@type\":\"ListItem\",\"position\":1,\"name\":\"Accueil\",\"item\":\"https:\/\/www.icon-icon.com\/en\/\"},{\"@type\":\"ListItem\",\"position\":2,\"name\":\"Shop\",\"item\":\"https:\/\/www.icon-icon.com\/en\/shop-2\/\"},{\"@type\":\"ListItem\",\"position\":3,\"name\":\"Mumm, une incroyable histoire\"}]},{\"@type\":\"WebSite\",\"@id\":\"https:\/\/www.icon-icon.com\/#website\",\"url\":\"https:\/\/www.icon-icon.com\/\",\"name\":\"ICON-ICON\",\"description\":\"Luxury Stories\",\"potentialAction\":[{\"@type\":\"SearchAction\",\"target\":{\"@type\":\"EntryPoint\",\"urlTemplate\":\"https:\/\/www.icon-icon.com\/?s={search_term_string}\"},\"query-input\":{\"@type\":\"PropertyValueSpecification\",\"valueRequired\":true,\"valueName\":\"search_term_string\"}}],\"inLanguage\":\"en-US\"}]}<\/script>\n<!-- \/ Yoast SEO plugin. -->","yoast_head_json":{"title":"Mumm, une incroyable histoire - ICON-ICON","robots":{"index":"index","follow":"follow","max-snippet":"max-snippet:-1","max-image-preview":"max-image-preview:large","max-video-preview":"max-video-preview:-1"},"canonical":"https:\/\/www.icon-icon.com\/en\/produit\/mumm-une-incroyable-histoire\/","og_locale":"en_US","og_type":"article","og_title":"Mumm, une incroyable histoire - ICON-ICON","og_description":"Icon Icon Opinion :\u00a0  \"Nothing but the best\" - this beautiful book offers a unique insight into the soul and know-how of this two hundred year old house, whose motto reveals the true secrets behind the production of this delectable champagne!  Author: Denis Rolland  Publishing House: Le Pythagore Editions  Publication Date : November 2019  Mumm, saga familiale et industrielle, durant un si\u00e8cle, de Reims \u00e0 New York en passant par Francfort. En Allemagne, la famille Mumm von Schwarzenstein produisait un vin p\u00e9tillant fort r\u00e9put\u00e9, le Sekt de Johannisberg. La maison Mumm de Reims fut cr\u00e9\u00e9e en 1827. En 1914, elle \u00e9tait le 3e producteur de champagne. La d\u00e9claration de guerre sonne le glas de la puissance des Mumm. Bien que d\u00e9sireux de rester en France, car non mobilisable, Hermann est arr\u00eat\u00e9 puis soup\u00e7onn\u00e9 d'espionnage, tandis que Walther, retourn\u00e9 en Allemagne, est mobilis\u00e9 dans l'aviation allemande.  Durant toute la guerre, la soci\u00e9t\u00e9 de Reims est mise sous s\u00e9questre. Elle est vendue aux ench\u00e8res en 1920 par l'Etat fran\u00e7ais. Un certain Alaric d'Ornhjelm l'ach\u00e8te sous couvert d'une nouvelle entreprise, la Soci\u00e9t\u00e9 des vignerons de Champagne (S. V. C.). Pendant plus de vingt ans, cette acquisition sera \u00e0 l'origine d'une lutte sans merci avec la famille Mumm \u00e0 propos de l'utilisation des marques Mumm.","og_url":"https:\/\/www.icon-icon.com\/en\/produit\/mumm-une-incroyable-histoire\/","og_site_name":"ICON-ICON","article_modified_time":"2022-07-05T14:50:09+00:00","og_image":[{"width":500,"height":500,"url":"https:\/\/www.icon-icon.com\/wp-content\/uploads\/2021\/08\/denis-rolland.jpg","type":"image\/jpeg"}],"twitter_card":"summary_large_image","twitter_misc":{"Est. reading time":"1 minute"},"schema":{"@context":"https:\/\/schema.org","@graph":[{"@type":"WebPage","@id":"https:\/\/www.icon-icon.com\/en\/produit\/mumm-une-incroyable-histoire\/","url":"https:\/\/www.icon-icon.com\/en\/produit\/mumm-une-incroyable-histoire\/","name":"Mumm, une incroyable histoire - ICON-ICON","isPartOf":{"@id":"https:\/\/www.icon-icon.com\/#website"},"primaryImageOfPage":{"@id":"https:\/\/www.icon-icon.com\/en\/produit\/mumm-une-incroyable-histoire\/#primaryimage"},"image":{"@id":"https:\/\/www.icon-icon.com\/en\/produit\/mumm-une-incroyable-histoire\/#primaryimage"},"thumbnailUrl":"https:\/\/www.icon-icon.com\/wp-content\/uploads\/2021\/08\/denis-rolland.jpg","datePublished":"2021-08-02T08:16:36+00:00","dateModified":"2022-07-05T14:50:09+00:00","breadcrumb":{"@id":"https:\/\/www.icon-icon.com\/en\/produit\/mumm-une-incroyable-histoire\/#breadcrumb"},"inLanguage":"en-US","potentialAction":[{"@type":"ReadAction","target":["https:\/\/www.icon-icon.com\/en\/produit\/mumm-une-incroyable-histoire\/"]}]},{"@type":"ImageObject","inLanguage":"en-US","@id":"https:\/\/www.icon-icon.com\/en\/produit\/mumm-une-incroyable-histoire\/#primaryimage","url":"https:\/\/www.icon-icon.com\/wp-content\/uploads\/2021\/08\/denis-rolland.jpg","contentUrl":"https:\/\/www.icon-icon.com\/wp-content\/uploads\/2021\/08\/denis-rolland.jpg","width":500,"height":500},{"@type":"BreadcrumbList","@id":"https:\/\/www.icon-icon.com\/en\/produit\/mumm-une-incroyable-histoire\/#breadcrumb","itemListElement":[{"@type":"ListItem","position":1,"name":"Accueil","item":"https:\/\/www.icon-icon.com\/en\/"},{"@type":"ListItem","position":2,"name":"Shop","item":"https:\/\/www.icon-icon.com\/en\/shop-2\/"},{"@type":"ListItem","position":3,"name":"Mumm, une incroyable histoire"}]},{"@type":"WebSite","@id":"https:\/\/www.icon-icon.com\/#website","url":"https:\/\/www.icon-icon.com\/","name":"ICON-ICON","description":"Luxury Stories","potentialAction":[{"@type":"SearchAction","target":{"@type":"EntryPoint","urlTemplate":"https:\/\/www.icon-icon.com\/?s={search_term_string}"},"query-input":{"@type":"PropertyValueSpecification","valueRequired":true,"valueName":"search_term_string"}}],"inLanguage":"en-US"}]}},"_links":{"self":[{"href":"https:\/\/www.icon-icon.com\/en\/wp-json\/wp\/v2\/product\/52290","targetHints":{"allow":["GET"]}}],"collection":[{"href":"https:\/\/www.icon-icon.com\/en\/wp-json\/wp\/v2\/product"}],"about":[{"href":"https:\/\/www.icon-icon.com\/en\/wp-json\/wp\/v2\/types\/product"}],"wp:featuredmedia":[{"embeddable":true,"href":"https:\/\/www.icon-icon.com\/en\/wp-json\/wp\/v2\/media\/60599"}],"wp:attachment":[{"href":"https:\/\/www.icon-icon.com\/en\/wp-json\/wp\/v2\/media?parent=52290"}],"wp:term":[{"taxonomy":"product_brand","embeddable":true,"href":"https:\/\/www.icon-icon.com\/en\/wp-json\/wp\/v2\/product_brand?post=52290"},{"taxonomy":"product_cat","embeddable":true,"href":"https:\/\/www.icon-icon.com\/en\/wp-json\/wp\/v2\/product_cat?post=52290"},{"taxonomy":"product_tag","embeddable":true,"href":"https:\/\/www.icon-icon.com\/en\/wp-json\/wp\/v2\/product_tag?post=52290"}],"curies":[{"name":"wp","href":"https:\/\/api.w.org\/{rel}","templated":true}]}}