


{"id":51156,"date":"2021-07-22T14:44:02","date_gmt":"2021-09-03T08:32:53","guid":{"rendered":"https:\/\/www.icon-icon.com\/?post_type=product&#038;p=51156"},"modified":"2022-07-06T15:16:02","modified_gmt":"2022-07-06T13:16:02","slug":"desseralite","status":"publish","type":"product","link":"https:\/\/www.icon-icon.com\/en\/produit\/desseralite\/","title":{"rendered":"Desseralit\u00e9"},"content":{"rendered":"","protected":false},"excerpt":{"rendered":"<p><strong>Icon Icon Opinion :\u00a0<\/strong><\/p>\n<p>A blend of dessert and naturalness&#8230; A complex and delicious vision offered by the world&#8217;s best pastry chef in 2019 &#8211; this book, with pages as gourmand as they are chic, unveils the secret of the Plaza Ath\u00e9n\u00e9e&#8217;s pastries. A place that is all the more symbolic of the French art of living as its bar inspired Christian Dior to create the iconic Tailleur Bar.<\/p>\n<p><b>Author<\/b><strong>:<\/strong> Jessica Prealpato<\/p>\n<p><strong>Publishing House: <\/strong>Ducasse Edition<\/p>\n<p><b>Publication Date:<\/b> November 2018<\/p>\n<p><b>Description :\u00a0<\/b><\/p>\n<p>Enter a fascinating universe where Nature takes over in 45 unique and unexpected creations. Jessica Pr\u00e9alpato, pastry chef at Alain Ducasse&#8217;s restaurant at the Plaza Ath\u00e9n\u00e9e, interprets the generosity of Nature in high quality desserts: Peaches and nectarines from Lizac and glazed sweet clover; Quinoa with milk, natural citrus fruits and mint; Alain Ducasse chocolate, toasted cereals and single malt&#8230;<\/p>\n<p>This book is a real manifesto of a new pastry at the frontier of cooking, anchored in naturalness, inseparable from seasons and producers, respectful of tastes and the environment.<\/p>\n","protected":false},"featured_media":51155,"template":"","meta":{"_acf_changed":false},"product_brand":[],"product_cat":[21562,22973,21688,24887,21728],"product_tag":[24918,24920,24900,22284],"class_list":{"0":"post-51156","1":"product","2":"type-product","3":"status-publish","4":"has-post-thumbnail","6":"product_cat-books","7":"product_cat-culture-and-technology","8":"product_cat-iconic-patissiers-and-pastries-selection","9":"product_cat-luxury-and-lifestyle","10":"product_cat-wines-spirits-gastronomy-selection","11":"product_tag-ducasse-edition-en","12":"product_tag-jessica-prealpato-en","13":"product_tag-livres-et-documentaires-en","14":"product_tag-luxury-en","16":"first","17":"instock","18":"product-type-external"},"acf":[],"yoast_head":"<!-- This site is optimized with the Yoast SEO plugin v27.2 - https:\/\/yoast.com\/product\/yoast-seo-wordpress\/ -->\n<title>Desseralit\u00e9 - ICON-ICON<\/title>\n<meta name=\"robots\" content=\"index, follow, max-snippet:-1, max-image-preview:large, max-video-preview:-1\" \/>\n<link rel=\"canonical\" href=\"http:\/\/www.icon-icon.com\/en\/produit\/desseralite\/\" \/>\n<meta property=\"og:locale\" content=\"en_US\" \/>\n<meta property=\"og:type\" content=\"article\" \/>\n<meta property=\"og:title\" content=\"Desseralit\u00e9 - ICON-ICON\" \/>\n<meta property=\"og:description\" content=\"Icon Icon Opinion :\u00a0  A blend of dessert and naturalness... A complex and delicious vision offered by the world&#039;s best pastry chef in 2019 - this book, with pages as gourmand as they are chic, unveils the secret of the Plaza Ath\u00e9n\u00e9e&#039;s pastries. A place that is all the more symbolic of the French art of living as its bar inspired Christian Dior to create the iconic Tailleur Bar.  Author: Jessica Prealpato  Publishing House: Ducasse Edition  Publication Date: November 2018  Description :\u00a0  Enter a fascinating universe where Nature takes over in 45 unique and unexpected creations. Jessica Pr\u00e9alpato, pastry chef at Alain Ducasse&#039;s restaurant at the Plaza Ath\u00e9n\u00e9e, interprets the generosity of Nature in high quality desserts: Peaches and nectarines from Lizac and glazed sweet clover; Quinoa with milk, natural citrus fruits and mint; Alain Ducasse chocolate, toasted cereals and single malt...  This book is a real manifesto of a new pastry at the frontier of cooking, anchored in naturalness, inseparable from seasons and producers, respectful of tastes and the environment.\" \/>\n<meta property=\"og:url\" content=\"http:\/\/www.icon-icon.com\/en\/produit\/desseralite\/\" \/>\n<meta property=\"og:site_name\" content=\"ICON-ICON\" \/>\n<meta property=\"article:modified_time\" content=\"2022-07-06T13:16:02+00:00\" \/>\n<meta property=\"og:image\" content=\"http:\/\/www.icon-icon.com\/wp-content\/uploads\/2021\/07\/9782841239931_1_75.jpg\" \/>\n\t<meta property=\"og:image:width\" content=\"600\" \/>\n\t<meta property=\"og:image:height\" content=\"766\" \/>\n\t<meta property=\"og:image:type\" content=\"image\/jpeg\" \/>\n<meta name=\"twitter:card\" content=\"summary_large_image\" \/>\n<meta name=\"twitter:label1\" content=\"Est. reading time\" \/>\n\t<meta name=\"twitter:data1\" content=\"1 minute\" \/>\n<script type=\"application\/ld+json\" class=\"yoast-schema-graph\">{\"@context\":\"https:\/\/schema.org\",\"@graph\":[{\"@type\":\"WebPage\",\"@id\":\"http:\/\/www.icon-icon.com\/en\/produit\/desseralite\/\",\"url\":\"http:\/\/www.icon-icon.com\/en\/produit\/desseralite\/\",\"name\":\"Desseralit\u00e9 - ICON-ICON\",\"isPartOf\":{\"@id\":\"https:\/\/www.icon-icon.com\/en\/#website\"},\"primaryImageOfPage\":{\"@id\":\"http:\/\/www.icon-icon.com\/en\/produit\/desseralite\/#primaryimage\"},\"image\":{\"@id\":\"http:\/\/www.icon-icon.com\/en\/produit\/desseralite\/#primaryimage\"},\"thumbnailUrl\":\"https:\/\/www.icon-icon.com\/wp-content\/uploads\/2021\/07\/9782841239931_1_75.jpg\",\"datePublished\":\"2021-09-03T08:32:53+00:00\",\"dateModified\":\"2022-07-06T13:16:02+00:00\",\"breadcrumb\":{\"@id\":\"http:\/\/www.icon-icon.com\/en\/produit\/desseralite\/#breadcrumb\"},\"inLanguage\":\"en-US\",\"potentialAction\":[{\"@type\":\"ReadAction\",\"target\":[\"http:\/\/www.icon-icon.com\/en\/produit\/desseralite\/\"]}]},{\"@type\":\"ImageObject\",\"inLanguage\":\"en-US\",\"@id\":\"http:\/\/www.icon-icon.com\/en\/produit\/desseralite\/#primaryimage\",\"url\":\"https:\/\/www.icon-icon.com\/wp-content\/uploads\/2021\/07\/9782841239931_1_75.jpg\",\"contentUrl\":\"https:\/\/www.icon-icon.com\/wp-content\/uploads\/2021\/07\/9782841239931_1_75.jpg\",\"width\":600,\"height\":766},{\"@type\":\"BreadcrumbList\",\"@id\":\"http:\/\/www.icon-icon.com\/en\/produit\/desseralite\/#breadcrumb\",\"itemListElement\":[{\"@type\":\"ListItem\",\"position\":1,\"name\":\"Accueil\",\"item\":\"https:\/\/www.icon-icon.com\/en\/\"},{\"@type\":\"ListItem\",\"position\":2,\"name\":\"Shop\",\"item\":\"https:\/\/www.icon-icon.com\/en\/shop-2\/\"},{\"@type\":\"ListItem\",\"position\":3,\"name\":\"Desseralit\u00e9\"}]},{\"@type\":\"WebSite\",\"@id\":\"https:\/\/www.icon-icon.com\/en\/#website\",\"url\":\"https:\/\/www.icon-icon.com\/en\/\",\"name\":\"ICON-ICON\",\"description\":\"Luxury Stories\",\"potentialAction\":[{\"@type\":\"SearchAction\",\"target\":{\"@type\":\"EntryPoint\",\"urlTemplate\":\"https:\/\/www.icon-icon.com\/en\/?s={search_term_string}\"},\"query-input\":{\"@type\":\"PropertyValueSpecification\",\"valueRequired\":true,\"valueName\":\"search_term_string\"}}],\"inLanguage\":\"en-US\"}]}<\/script>\n<!-- \/ Yoast SEO plugin. -->","yoast_head_json":{"title":"Desseralit\u00e9 - ICON-ICON","robots":{"index":"index","follow":"follow","max-snippet":"max-snippet:-1","max-image-preview":"max-image-preview:large","max-video-preview":"max-video-preview:-1"},"canonical":"http:\/\/www.icon-icon.com\/en\/produit\/desseralite\/","og_locale":"en_US","og_type":"article","og_title":"Desseralit\u00e9 - ICON-ICON","og_description":"Icon Icon Opinion :\u00a0  A blend of dessert and naturalness... A complex and delicious vision offered by the world's best pastry chef in 2019 - this book, with pages as gourmand as they are chic, unveils the secret of the Plaza Ath\u00e9n\u00e9e's pastries. A place that is all the more symbolic of the French art of living as its bar inspired Christian Dior to create the iconic Tailleur Bar.  Author: Jessica Prealpato  Publishing House: Ducasse Edition  Publication Date: November 2018  Description :\u00a0  Enter a fascinating universe where Nature takes over in 45 unique and unexpected creations. Jessica Pr\u00e9alpato, pastry chef at Alain Ducasse's restaurant at the Plaza Ath\u00e9n\u00e9e, interprets the generosity of Nature in high quality desserts: Peaches and nectarines from Lizac and glazed sweet clover; Quinoa with milk, natural citrus fruits and mint; Alain Ducasse chocolate, toasted cereals and single malt...  This book is a real manifesto of a new pastry at the frontier of cooking, anchored in naturalness, inseparable from seasons and producers, respectful of tastes and the environment.","og_url":"http:\/\/www.icon-icon.com\/en\/produit\/desseralite\/","og_site_name":"ICON-ICON","article_modified_time":"2022-07-06T13:16:02+00:00","og_image":[{"width":600,"height":766,"url":"http:\/\/www.icon-icon.com\/wp-content\/uploads\/2021\/07\/9782841239931_1_75.jpg","type":"image\/jpeg"}],"twitter_card":"summary_large_image","twitter_misc":{"Est. reading time":"1 minute"},"schema":{"@context":"https:\/\/schema.org","@graph":[{"@type":"WebPage","@id":"http:\/\/www.icon-icon.com\/en\/produit\/desseralite\/","url":"http:\/\/www.icon-icon.com\/en\/produit\/desseralite\/","name":"Desseralit\u00e9 - ICON-ICON","isPartOf":{"@id":"https:\/\/www.icon-icon.com\/en\/#website"},"primaryImageOfPage":{"@id":"http:\/\/www.icon-icon.com\/en\/produit\/desseralite\/#primaryimage"},"image":{"@id":"http:\/\/www.icon-icon.com\/en\/produit\/desseralite\/#primaryimage"},"thumbnailUrl":"https:\/\/www.icon-icon.com\/wp-content\/uploads\/2021\/07\/9782841239931_1_75.jpg","datePublished":"2021-09-03T08:32:53+00:00","dateModified":"2022-07-06T13:16:02+00:00","breadcrumb":{"@id":"http:\/\/www.icon-icon.com\/en\/produit\/desseralite\/#breadcrumb"},"inLanguage":"en-US","potentialAction":[{"@type":"ReadAction","target":["http:\/\/www.icon-icon.com\/en\/produit\/desseralite\/"]}]},{"@type":"ImageObject","inLanguage":"en-US","@id":"http:\/\/www.icon-icon.com\/en\/produit\/desseralite\/#primaryimage","url":"https:\/\/www.icon-icon.com\/wp-content\/uploads\/2021\/07\/9782841239931_1_75.jpg","contentUrl":"https:\/\/www.icon-icon.com\/wp-content\/uploads\/2021\/07\/9782841239931_1_75.jpg","width":600,"height":766},{"@type":"BreadcrumbList","@id":"http:\/\/www.icon-icon.com\/en\/produit\/desseralite\/#breadcrumb","itemListElement":[{"@type":"ListItem","position":1,"name":"Accueil","item":"https:\/\/www.icon-icon.com\/en\/"},{"@type":"ListItem","position":2,"name":"Shop","item":"https:\/\/www.icon-icon.com\/en\/shop-2\/"},{"@type":"ListItem","position":3,"name":"Desseralit\u00e9"}]},{"@type":"WebSite","@id":"https:\/\/www.icon-icon.com\/en\/#website","url":"https:\/\/www.icon-icon.com\/en\/","name":"ICON-ICON","description":"Luxury Stories","potentialAction":[{"@type":"SearchAction","target":{"@type":"EntryPoint","urlTemplate":"https:\/\/www.icon-icon.com\/en\/?s={search_term_string}"},"query-input":{"@type":"PropertyValueSpecification","valueRequired":true,"valueName":"search_term_string"}}],"inLanguage":"en-US"}]}},"_links":{"self":[{"href":"https:\/\/www.icon-icon.com\/en\/wp-json\/wp\/v2\/product\/51156","targetHints":{"allow":["GET"]}}],"collection":[{"href":"https:\/\/www.icon-icon.com\/en\/wp-json\/wp\/v2\/product"}],"about":[{"href":"https:\/\/www.icon-icon.com\/en\/wp-json\/wp\/v2\/types\/product"}],"wp:featuredmedia":[{"embeddable":true,"href":"https:\/\/www.icon-icon.com\/en\/wp-json\/wp\/v2\/media\/51155"}],"wp:attachment":[{"href":"https:\/\/www.icon-icon.com\/en\/wp-json\/wp\/v2\/media?parent=51156"}],"wp:term":[{"taxonomy":"product_brand","embeddable":true,"href":"https:\/\/www.icon-icon.com\/en\/wp-json\/wp\/v2\/product_brand?post=51156"},{"taxonomy":"product_cat","embeddable":true,"href":"https:\/\/www.icon-icon.com\/en\/wp-json\/wp\/v2\/product_cat?post=51156"},{"taxonomy":"product_tag","embeddable":true,"href":"https:\/\/www.icon-icon.com\/en\/wp-json\/wp\/v2\/product_tag?post=51156"}],"curies":[{"name":"wp","href":"https:\/\/api.w.org\/{rel}","templated":true}]}}