


{"id":50786,"date":"2021-07-20T17:10:11","date_gmt":"2021-07-20T11:52:12","guid":{"rendered":"https:\/\/www.icon-icon.com\/?post_type=product&#038;p=50786"},"modified":"2021-07-22T16:37:12","modified_gmt":"2021-07-22T14:37:12","slug":"lepopee-ligier-en-formule-1","status":"publish","type":"product","link":"https:\/\/www.icon-icon.com\/en\/produit\/lepopee-ligier-en-formule-1\/","title":{"rendered":"L\u2019\u00e9pop\u00e9e Ligier en Formule 1"},"content":{"rendered":"<div><span lang=\"EN-GB\">Ligier and his team went down in the history of F1 \u2014 this reference book relates fascinating parts of the history of Formula 1 as well as an actual adventure.\u00a0<\/p>\n<p><\/span><\/div>\n","protected":false},"excerpt":{"rendered":"<p><strong>Author:<\/strong> Jean-Fran\u00e7ois S\u00e9it\u00e9<\/p>\n<p><strong>Publishing House:<\/strong> E.T.A.I (Edition Techniques pour l\u2019Automobiles et l\u2019Industrie)<\/p>\n<p><strong>Publication Date:<\/strong> September 2016<\/p>\n<p>On August 23, 2015 Guy Ligier passed away at the age of 85. For nearly half a century, he has marked the history of motorsport. However, it is only when he was in his thirtiesthat this all-round sportsman took the turn in motorsport. Few French drivers have scoreda point in the F1 world championship, Guy Ligier has done it! For Guy, F1 is also the death of a dear friend, Jo Schlesser. As a tribute, Guy Ligier, who became a constructor, will name all his racing cars with the initials JS. This book traces the history of one of the most beautiful French Formula 1 teams. For twenty-one years, from the JS5 to the JS43, the last Ligier to win a Grand Prix, the Vichy team will have competed in 326 Grand Prix, for 9 victories and 50 podiums. Relive this epic illustrated by the superb photos of Bernard Asset.<\/p>\n","protected":false},"featured_media":51234,"template":"","meta":{"_acf_changed":false},"product_brand":[],"product_cat":[21562,21723,21677],"product_tag":[],"class_list":{"0":"post-50786","1":"product","2":"type-product","3":"status-publish","4":"has-post-thumbnail","6":"product_cat-books","7":"product_cat-cars-sports","8":"product_cat-formula-1","10":"first","11":"instock","12":"product-type-external"},"acf":[],"yoast_head":"<!-- This site is optimized with the Yoast SEO plugin v27.2 - https:\/\/yoast.com\/product\/yoast-seo-wordpress\/ -->\n<title>L\u2019\u00e9pop\u00e9e Ligier en Formule 1 - ICON-ICON<\/title>\n<meta name=\"robots\" content=\"index, follow, max-snippet:-1, max-image-preview:large, max-video-preview:-1\" \/>\n<link rel=\"canonical\" href=\"http:\/\/www.icon-icon.com\/en\/produit\/lepopee-ligier-en-formule-1\/\" \/>\n<meta property=\"og:locale\" content=\"en_US\" \/>\n<meta property=\"og:type\" content=\"article\" \/>\n<meta property=\"og:title\" content=\"L\u2019\u00e9pop\u00e9e Ligier en Formule 1 - ICON-ICON\" \/>\n<meta property=\"og:description\" content=\"Author: Jean-Fran\u00e7ois S\u00e9it\u00e9Publishing House: E.T.A.I (Edition Techniques pour l\u2019Automobiles et l\u2019Industrie)Publication Date: September 2016On August 23, 2015 Guy Ligier passed away at the age of 85. For nearly half a century, he has marked the history of motorsport. However, it is only when he was in his thirtiesthat this all-round sportsman took the turn in motorsport. Few French drivers have scoreda point in the F1 world championship, Guy Ligier has done it! For Guy, F1 is also the death of a dear friend, Jo Schlesser. As a tribute, Guy Ligier, who became a constructor, will name all his racing cars with the initials JS. This book traces the history of one of the most beautiful French Formula 1 teams. For twenty-one years, from the JS5 to the JS43, the last Ligier to win a Grand Prix, the Vichy team will have competed in 326 Grand Prix, for 9 victories and 50 podiums. Relive this epic illustrated by the superb photos of Bernard Asset.\" \/>\n<meta property=\"og:url\" content=\"http:\/\/www.icon-icon.com\/en\/produit\/lepopee-ligier-en-formule-1\/\" \/>\n<meta property=\"og:site_name\" content=\"ICON-ICON\" \/>\n<meta property=\"article:modified_time\" content=\"2021-07-22T14:37:12+00:00\" \/>\n<meta property=\"og:image\" content=\"http:\/\/www.icon-icon.com\/wp-content\/uploads\/2021\/07\/812XMvebz2L.jpg\" \/>\n\t<meta property=\"og:image:width\" content=\"600\" \/>\n\t<meta property=\"og:image:height\" content=\"748\" \/>\n\t<meta property=\"og:image:type\" content=\"image\/jpeg\" \/>\n<meta name=\"twitter:card\" content=\"summary_large_image\" \/>\n<meta name=\"twitter:label1\" content=\"Est. reading time\" \/>\n\t<meta name=\"twitter:data1\" content=\"1 minute\" \/>\n<script type=\"application\/ld+json\" class=\"yoast-schema-graph\">{\"@context\":\"https:\/\/schema.org\",\"@graph\":[{\"@type\":\"WebPage\",\"@id\":\"http:\/\/www.icon-icon.com\/en\/produit\/lepopee-ligier-en-formule-1\/\",\"url\":\"http:\/\/www.icon-icon.com\/en\/produit\/lepopee-ligier-en-formule-1\/\",\"name\":\"L\u2019\u00e9pop\u00e9e Ligier en Formule 1 - ICON-ICON\",\"isPartOf\":{\"@id\":\"https:\/\/www.icon-icon.com\/#website\"},\"primaryImageOfPage\":{\"@id\":\"http:\/\/www.icon-icon.com\/en\/produit\/lepopee-ligier-en-formule-1\/#primaryimage\"},\"image\":{\"@id\":\"http:\/\/www.icon-icon.com\/en\/produit\/lepopee-ligier-en-formule-1\/#primaryimage\"},\"thumbnailUrl\":\"https:\/\/www.icon-icon.com\/wp-content\/uploads\/2021\/07\/812XMvebz2L.jpg\",\"datePublished\":\"2021-07-20T11:52:12+00:00\",\"dateModified\":\"2021-07-22T14:37:12+00:00\",\"breadcrumb\":{\"@id\":\"http:\/\/www.icon-icon.com\/en\/produit\/lepopee-ligier-en-formule-1\/#breadcrumb\"},\"inLanguage\":\"en-US\",\"potentialAction\":[{\"@type\":\"ReadAction\",\"target\":[\"http:\/\/www.icon-icon.com\/en\/produit\/lepopee-ligier-en-formule-1\/\"]}]},{\"@type\":\"ImageObject\",\"inLanguage\":\"en-US\",\"@id\":\"http:\/\/www.icon-icon.com\/en\/produit\/lepopee-ligier-en-formule-1\/#primaryimage\",\"url\":\"https:\/\/www.icon-icon.com\/wp-content\/uploads\/2021\/07\/812XMvebz2L.jpg\",\"contentUrl\":\"https:\/\/www.icon-icon.com\/wp-content\/uploads\/2021\/07\/812XMvebz2L.jpg\",\"width\":600,\"height\":748},{\"@type\":\"BreadcrumbList\",\"@id\":\"http:\/\/www.icon-icon.com\/en\/produit\/lepopee-ligier-en-formule-1\/#breadcrumb\",\"itemListElement\":[{\"@type\":\"ListItem\",\"position\":1,\"name\":\"Accueil\",\"item\":\"https:\/\/www.icon-icon.com\/en\/\"},{\"@type\":\"ListItem\",\"position\":2,\"name\":\"Shop\",\"item\":\"https:\/\/www.icon-icon.com\/en\/shop-2\/\"},{\"@type\":\"ListItem\",\"position\":3,\"name\":\"L\u2019\u00e9pop\u00e9e Ligier en Formule 1\"}]},{\"@type\":\"WebSite\",\"@id\":\"https:\/\/www.icon-icon.com\/#website\",\"url\":\"https:\/\/www.icon-icon.com\/\",\"name\":\"ICON-ICON\",\"description\":\"Luxury Stories\",\"potentialAction\":[{\"@type\":\"SearchAction\",\"target\":{\"@type\":\"EntryPoint\",\"urlTemplate\":\"https:\/\/www.icon-icon.com\/?s={search_term_string}\"},\"query-input\":{\"@type\":\"PropertyValueSpecification\",\"valueRequired\":true,\"valueName\":\"search_term_string\"}}],\"inLanguage\":\"en-US\"}]}<\/script>\n<!-- \/ Yoast SEO plugin. -->","yoast_head_json":{"title":"L\u2019\u00e9pop\u00e9e Ligier en Formule 1 - ICON-ICON","robots":{"index":"index","follow":"follow","max-snippet":"max-snippet:-1","max-image-preview":"max-image-preview:large","max-video-preview":"max-video-preview:-1"},"canonical":"http:\/\/www.icon-icon.com\/en\/produit\/lepopee-ligier-en-formule-1\/","og_locale":"en_US","og_type":"article","og_title":"L\u2019\u00e9pop\u00e9e Ligier en Formule 1 - ICON-ICON","og_description":"Author: Jean-Fran\u00e7ois S\u00e9it\u00e9Publishing House: E.T.A.I (Edition Techniques pour l\u2019Automobiles et l\u2019Industrie)Publication Date: September 2016On August 23, 2015 Guy Ligier passed away at the age of 85. For nearly half a century, he has marked the history of motorsport. However, it is only when he was in his thirtiesthat this all-round sportsman took the turn in motorsport. Few French drivers have scoreda point in the F1 world championship, Guy Ligier has done it! For Guy, F1 is also the death of a dear friend, Jo Schlesser. As a tribute, Guy Ligier, who became a constructor, will name all his racing cars with the initials JS. This book traces the history of one of the most beautiful French Formula 1 teams. For twenty-one years, from the JS5 to the JS43, the last Ligier to win a Grand Prix, the Vichy team will have competed in 326 Grand Prix, for 9 victories and 50 podiums. Relive this epic illustrated by the superb photos of Bernard Asset.","og_url":"http:\/\/www.icon-icon.com\/en\/produit\/lepopee-ligier-en-formule-1\/","og_site_name":"ICON-ICON","article_modified_time":"2021-07-22T14:37:12+00:00","og_image":[{"width":600,"height":748,"url":"http:\/\/www.icon-icon.com\/wp-content\/uploads\/2021\/07\/812XMvebz2L.jpg","type":"image\/jpeg"}],"twitter_card":"summary_large_image","twitter_misc":{"Est. reading time":"1 minute"},"schema":{"@context":"https:\/\/schema.org","@graph":[{"@type":"WebPage","@id":"http:\/\/www.icon-icon.com\/en\/produit\/lepopee-ligier-en-formule-1\/","url":"http:\/\/www.icon-icon.com\/en\/produit\/lepopee-ligier-en-formule-1\/","name":"L\u2019\u00e9pop\u00e9e Ligier en Formule 1 - ICON-ICON","isPartOf":{"@id":"https:\/\/www.icon-icon.com\/#website"},"primaryImageOfPage":{"@id":"http:\/\/www.icon-icon.com\/en\/produit\/lepopee-ligier-en-formule-1\/#primaryimage"},"image":{"@id":"http:\/\/www.icon-icon.com\/en\/produit\/lepopee-ligier-en-formule-1\/#primaryimage"},"thumbnailUrl":"https:\/\/www.icon-icon.com\/wp-content\/uploads\/2021\/07\/812XMvebz2L.jpg","datePublished":"2021-07-20T11:52:12+00:00","dateModified":"2021-07-22T14:37:12+00:00","breadcrumb":{"@id":"http:\/\/www.icon-icon.com\/en\/produit\/lepopee-ligier-en-formule-1\/#breadcrumb"},"inLanguage":"en-US","potentialAction":[{"@type":"ReadAction","target":["http:\/\/www.icon-icon.com\/en\/produit\/lepopee-ligier-en-formule-1\/"]}]},{"@type":"ImageObject","inLanguage":"en-US","@id":"http:\/\/www.icon-icon.com\/en\/produit\/lepopee-ligier-en-formule-1\/#primaryimage","url":"https:\/\/www.icon-icon.com\/wp-content\/uploads\/2021\/07\/812XMvebz2L.jpg","contentUrl":"https:\/\/www.icon-icon.com\/wp-content\/uploads\/2021\/07\/812XMvebz2L.jpg","width":600,"height":748},{"@type":"BreadcrumbList","@id":"http:\/\/www.icon-icon.com\/en\/produit\/lepopee-ligier-en-formule-1\/#breadcrumb","itemListElement":[{"@type":"ListItem","position":1,"name":"Accueil","item":"https:\/\/www.icon-icon.com\/en\/"},{"@type":"ListItem","position":2,"name":"Shop","item":"https:\/\/www.icon-icon.com\/en\/shop-2\/"},{"@type":"ListItem","position":3,"name":"L\u2019\u00e9pop\u00e9e Ligier en Formule 1"}]},{"@type":"WebSite","@id":"https:\/\/www.icon-icon.com\/#website","url":"https:\/\/www.icon-icon.com\/","name":"ICON-ICON","description":"Luxury Stories","potentialAction":[{"@type":"SearchAction","target":{"@type":"EntryPoint","urlTemplate":"https:\/\/www.icon-icon.com\/?s={search_term_string}"},"query-input":{"@type":"PropertyValueSpecification","valueRequired":true,"valueName":"search_term_string"}}],"inLanguage":"en-US"}]}},"_links":{"self":[{"href":"https:\/\/www.icon-icon.com\/en\/wp-json\/wp\/v2\/product\/50786","targetHints":{"allow":["GET"]}}],"collection":[{"href":"https:\/\/www.icon-icon.com\/en\/wp-json\/wp\/v2\/product"}],"about":[{"href":"https:\/\/www.icon-icon.com\/en\/wp-json\/wp\/v2\/types\/product"}],"wp:featuredmedia":[{"embeddable":true,"href":"https:\/\/www.icon-icon.com\/en\/wp-json\/wp\/v2\/media\/51234"}],"wp:attachment":[{"href":"https:\/\/www.icon-icon.com\/en\/wp-json\/wp\/v2\/media?parent=50786"}],"wp:term":[{"taxonomy":"product_brand","embeddable":true,"href":"https:\/\/www.icon-icon.com\/en\/wp-json\/wp\/v2\/product_brand?post=50786"},{"taxonomy":"product_cat","embeddable":true,"href":"https:\/\/www.icon-icon.com\/en\/wp-json\/wp\/v2\/product_cat?post=50786"},{"taxonomy":"product_tag","embeddable":true,"href":"https:\/\/www.icon-icon.com\/en\/wp-json\/wp\/v2\/product_tag?post=50786"}],"curies":[{"name":"wp","href":"https:\/\/api.w.org\/{rel}","templated":true}]}}