


{"id":50645,"date":"2021-07-19T14:16:06","date_gmt":"2021-07-19T12:21:51","guid":{"rendered":"https:\/\/www.icon-icon.com\/?post_type=product&#038;p=50645"},"modified":"2021-11-23T17:04:04","modified_gmt":"2021-11-23T16:04:04","slug":"les-maitres-de-lillustration-de-mode","status":"publish","type":"product","link":"https:\/\/www.icon-icon.com\/en\/produit\/les-maitres-de-lillustration-de-mode\/","title":{"rendered":"Les Ma\u00eetres de l&#8217;illustration de Mode"},"content":{"rendered":"","protected":false},"excerpt":{"rendered":"<p><b>Author<\/b><b>: <\/b>David Downton<\/p>\n<p><b>Publishing<\/b><b> House<\/b><b>: <\/b>Eyrolles<\/p>\n<p><b>Publication Date<\/b><b>: <\/b>Octobre 2011<\/p>\n<p><b>Description :\u00a0<\/b>Orchestrated by David Downton, one of the leading figures in contemporary fashion illustration, this book offers a unique journey through the lives and works of the most fabulous fashion illustrators of the 20th century.From Giovanni Boldini, the socialite portraitist of the Belle Epoque, to the brilliant Antonio Lopez and Tony Viramontes, symbols of the glamour of the 1980s, not forgetting the great names of Etienne Drian, Ert\u00e9, Andy Warhol or Ren\u00e9 Bouch\u00e9, we discover a century of fashion drawings with a wealth of creativity and eclecticism. No less than 200 illustrations are presented, some of which are reproduced here for the first time since their initial publication. But make no mistake: this book is neither a catalog nor an exhaustive collection, it is rather the result of a bias, that of David Downton, and its main subject is above all the drawing. For if these artists each have their own style, they all have one thing in common: they are masters of the fluid and simple line, which beyond the garment, testify to their time and celebrate the great icons of fashion that have crossed it. A portfolio of David Downton&#8217;s work closes this kaleidoscope. An opportunity to appreciate the work of this outstanding artist.<\/p>\n","protected":false},"featured_media":61309,"template":"","meta":{"_acf_changed":false},"product_brand":[],"product_cat":[21562,22973,21618,25037],"product_tag":[25293,25285,25145,22284],"class_list":{"0":"post-50645","1":"product","2":"type-product","3":"status-publish","4":"has-post-thumbnail","6":"product_cat-books","7":"product_cat-culture-and-technology","8":"product_cat-fashion-drawings-selection","9":"product_cat-mode-et-art-en","10":"product_tag-david-downton-en","11":"product_tag-eyrolles-en","12":"product_tag-livres-en","13":"product_tag-luxury-en","15":"first","16":"instock","17":"product-type-external"},"acf":[],"yoast_head":"<!-- This site is optimized with the Yoast SEO plugin v27.2 - https:\/\/yoast.com\/product\/yoast-seo-wordpress\/ -->\n<title>Les Ma\u00eetres de l&#039;illustration de Mode - ICON-ICON<\/title>\n<meta name=\"robots\" content=\"index, follow, max-snippet:-1, max-image-preview:large, max-video-preview:-1\" \/>\n<link rel=\"canonical\" href=\"https:\/\/www.icon-icon.com\/en\/produit\/les-maitres-de-lillustration-de-mode\/\" \/>\n<meta property=\"og:locale\" content=\"en_US\" \/>\n<meta property=\"og:type\" content=\"article\" \/>\n<meta property=\"og:title\" content=\"Les Ma\u00eetres de l&#039;illustration de Mode - ICON-ICON\" \/>\n<meta property=\"og:description\" content=\"Author: David Downton  Publishing House: Eyrolles  Publication Date: Octobre 2011  Description :\u00a0Orchestrated by David Downton, one of the leading figures in contemporary fashion illustration, this book offers a unique journey through the lives and works of the most fabulous fashion illustrators of the 20th century.From Giovanni Boldini, the socialite portraitist of the Belle Epoque, to the brilliant Antonio Lopez and Tony Viramontes, symbols of the glamour of the 1980s, not forgetting the great names of Etienne Drian, Ert\u00e9, Andy Warhol or Ren\u00e9 Bouch\u00e9, we discover a century of fashion drawings with a wealth of creativity and eclecticism. No less than 200 illustrations are presented, some of which are reproduced here for the first time since their initial publication. But make no mistake: this book is neither a catalog nor an exhaustive collection, it is rather the result of a bias, that of David Downton, and its main subject is above all the drawing. For if these artists each have their own style, they all have one thing in common: they are masters of the fluid and simple line, which beyond the garment, testify to their time and celebrate the great icons of fashion that have crossed it. A portfolio of David Downton&#039;s work closes this kaleidoscope. An opportunity to appreciate the work of this outstanding artist.\" \/>\n<meta property=\"og:url\" content=\"https:\/\/www.icon-icon.com\/en\/produit\/les-maitres-de-lillustration-de-mode\/\" \/>\n<meta property=\"og:site_name\" content=\"ICON-ICON\" \/>\n<meta property=\"article:modified_time\" content=\"2021-11-23T16:04:04+00:00\" \/>\n<meta property=\"og:image\" content=\"https:\/\/www.icon-icon.com\/wp-content\/uploads\/2021\/07\/David-Downton-.jpg\" \/>\n\t<meta property=\"og:image:width\" content=\"500\" \/>\n\t<meta property=\"og:image:height\" content=\"500\" \/>\n\t<meta property=\"og:image:type\" content=\"image\/jpeg\" \/>\n<meta name=\"twitter:card\" content=\"summary_large_image\" \/>\n<script type=\"application\/ld+json\" class=\"yoast-schema-graph\">{\"@context\":\"https:\/\/schema.org\",\"@graph\":[{\"@type\":\"WebPage\",\"@id\":\"https:\/\/www.icon-icon.com\/en\/produit\/les-maitres-de-lillustration-de-mode\/\",\"url\":\"https:\/\/www.icon-icon.com\/en\/produit\/les-maitres-de-lillustration-de-mode\/\",\"name\":\"Les Ma\u00eetres de l'illustration de Mode - ICON-ICON\",\"isPartOf\":{\"@id\":\"https:\/\/www.icon-icon.com\/#website\"},\"primaryImageOfPage\":{\"@id\":\"https:\/\/www.icon-icon.com\/en\/produit\/les-maitres-de-lillustration-de-mode\/#primaryimage\"},\"image\":{\"@id\":\"https:\/\/www.icon-icon.com\/en\/produit\/les-maitres-de-lillustration-de-mode\/#primaryimage\"},\"thumbnailUrl\":\"https:\/\/www.icon-icon.com\/wp-content\/uploads\/2021\/07\/David-Downton-.jpg\",\"datePublished\":\"2021-07-19T12:21:51+00:00\",\"dateModified\":\"2021-11-23T16:04:04+00:00\",\"breadcrumb\":{\"@id\":\"https:\/\/www.icon-icon.com\/en\/produit\/les-maitres-de-lillustration-de-mode\/#breadcrumb\"},\"inLanguage\":\"en-US\",\"potentialAction\":[{\"@type\":\"ReadAction\",\"target\":[\"https:\/\/www.icon-icon.com\/en\/produit\/les-maitres-de-lillustration-de-mode\/\"]}]},{\"@type\":\"ImageObject\",\"inLanguage\":\"en-US\",\"@id\":\"https:\/\/www.icon-icon.com\/en\/produit\/les-maitres-de-lillustration-de-mode\/#primaryimage\",\"url\":\"https:\/\/www.icon-icon.com\/wp-content\/uploads\/2021\/07\/David-Downton-.jpg\",\"contentUrl\":\"https:\/\/www.icon-icon.com\/wp-content\/uploads\/2021\/07\/David-Downton-.jpg\",\"width\":500,\"height\":500},{\"@type\":\"BreadcrumbList\",\"@id\":\"https:\/\/www.icon-icon.com\/en\/produit\/les-maitres-de-lillustration-de-mode\/#breadcrumb\",\"itemListElement\":[{\"@type\":\"ListItem\",\"position\":1,\"name\":\"Accueil\",\"item\":\"https:\/\/www.icon-icon.com\/en\/\"},{\"@type\":\"ListItem\",\"position\":2,\"name\":\"Shop\",\"item\":\"https:\/\/www.icon-icon.com\/en\/shop-2\/\"},{\"@type\":\"ListItem\",\"position\":3,\"name\":\"Les Ma\u00eetres de l&#8217;illustration de Mode\"}]},{\"@type\":\"WebSite\",\"@id\":\"https:\/\/www.icon-icon.com\/#website\",\"url\":\"https:\/\/www.icon-icon.com\/\",\"name\":\"ICON-ICON\",\"description\":\"Luxury Stories\",\"potentialAction\":[{\"@type\":\"SearchAction\",\"target\":{\"@type\":\"EntryPoint\",\"urlTemplate\":\"https:\/\/www.icon-icon.com\/?s={search_term_string}\"},\"query-input\":{\"@type\":\"PropertyValueSpecification\",\"valueRequired\":true,\"valueName\":\"search_term_string\"}}],\"inLanguage\":\"en-US\"}]}<\/script>\n<!-- \/ Yoast SEO plugin. -->","yoast_head_json":{"title":"Les Ma\u00eetres de l'illustration de Mode - ICON-ICON","robots":{"index":"index","follow":"follow","max-snippet":"max-snippet:-1","max-image-preview":"max-image-preview:large","max-video-preview":"max-video-preview:-1"},"canonical":"https:\/\/www.icon-icon.com\/en\/produit\/les-maitres-de-lillustration-de-mode\/","og_locale":"en_US","og_type":"article","og_title":"Les Ma\u00eetres de l'illustration de Mode - ICON-ICON","og_description":"Author: David Downton  Publishing House: Eyrolles  Publication Date: Octobre 2011  Description :\u00a0Orchestrated by David Downton, one of the leading figures in contemporary fashion illustration, this book offers a unique journey through the lives and works of the most fabulous fashion illustrators of the 20th century.From Giovanni Boldini, the socialite portraitist of the Belle Epoque, to the brilliant Antonio Lopez and Tony Viramontes, symbols of the glamour of the 1980s, not forgetting the great names of Etienne Drian, Ert\u00e9, Andy Warhol or Ren\u00e9 Bouch\u00e9, we discover a century of fashion drawings with a wealth of creativity and eclecticism. No less than 200 illustrations are presented, some of which are reproduced here for the first time since their initial publication. But make no mistake: this book is neither a catalog nor an exhaustive collection, it is rather the result of a bias, that of David Downton, and its main subject is above all the drawing. For if these artists each have their own style, they all have one thing in common: they are masters of the fluid and simple line, which beyond the garment, testify to their time and celebrate the great icons of fashion that have crossed it. A portfolio of David Downton's work closes this kaleidoscope. An opportunity to appreciate the work of this outstanding artist.","og_url":"https:\/\/www.icon-icon.com\/en\/produit\/les-maitres-de-lillustration-de-mode\/","og_site_name":"ICON-ICON","article_modified_time":"2021-11-23T16:04:04+00:00","og_image":[{"width":500,"height":500,"url":"https:\/\/www.icon-icon.com\/wp-content\/uploads\/2021\/07\/David-Downton-.jpg","type":"image\/jpeg"}],"twitter_card":"summary_large_image","schema":{"@context":"https:\/\/schema.org","@graph":[{"@type":"WebPage","@id":"https:\/\/www.icon-icon.com\/en\/produit\/les-maitres-de-lillustration-de-mode\/","url":"https:\/\/www.icon-icon.com\/en\/produit\/les-maitres-de-lillustration-de-mode\/","name":"Les Ma\u00eetres de l'illustration de Mode - ICON-ICON","isPartOf":{"@id":"https:\/\/www.icon-icon.com\/#website"},"primaryImageOfPage":{"@id":"https:\/\/www.icon-icon.com\/en\/produit\/les-maitres-de-lillustration-de-mode\/#primaryimage"},"image":{"@id":"https:\/\/www.icon-icon.com\/en\/produit\/les-maitres-de-lillustration-de-mode\/#primaryimage"},"thumbnailUrl":"https:\/\/www.icon-icon.com\/wp-content\/uploads\/2021\/07\/David-Downton-.jpg","datePublished":"2021-07-19T12:21:51+00:00","dateModified":"2021-11-23T16:04:04+00:00","breadcrumb":{"@id":"https:\/\/www.icon-icon.com\/en\/produit\/les-maitres-de-lillustration-de-mode\/#breadcrumb"},"inLanguage":"en-US","potentialAction":[{"@type":"ReadAction","target":["https:\/\/www.icon-icon.com\/en\/produit\/les-maitres-de-lillustration-de-mode\/"]}]},{"@type":"ImageObject","inLanguage":"en-US","@id":"https:\/\/www.icon-icon.com\/en\/produit\/les-maitres-de-lillustration-de-mode\/#primaryimage","url":"https:\/\/www.icon-icon.com\/wp-content\/uploads\/2021\/07\/David-Downton-.jpg","contentUrl":"https:\/\/www.icon-icon.com\/wp-content\/uploads\/2021\/07\/David-Downton-.jpg","width":500,"height":500},{"@type":"BreadcrumbList","@id":"https:\/\/www.icon-icon.com\/en\/produit\/les-maitres-de-lillustration-de-mode\/#breadcrumb","itemListElement":[{"@type":"ListItem","position":1,"name":"Accueil","item":"https:\/\/www.icon-icon.com\/en\/"},{"@type":"ListItem","position":2,"name":"Shop","item":"https:\/\/www.icon-icon.com\/en\/shop-2\/"},{"@type":"ListItem","position":3,"name":"Les Ma\u00eetres de l&#8217;illustration de Mode"}]},{"@type":"WebSite","@id":"https:\/\/www.icon-icon.com\/#website","url":"https:\/\/www.icon-icon.com\/","name":"ICON-ICON","description":"Luxury Stories","potentialAction":[{"@type":"SearchAction","target":{"@type":"EntryPoint","urlTemplate":"https:\/\/www.icon-icon.com\/?s={search_term_string}"},"query-input":{"@type":"PropertyValueSpecification","valueRequired":true,"valueName":"search_term_string"}}],"inLanguage":"en-US"}]}},"_links":{"self":[{"href":"https:\/\/www.icon-icon.com\/en\/wp-json\/wp\/v2\/product\/50645","targetHints":{"allow":["GET"]}}],"collection":[{"href":"https:\/\/www.icon-icon.com\/en\/wp-json\/wp\/v2\/product"}],"about":[{"href":"https:\/\/www.icon-icon.com\/en\/wp-json\/wp\/v2\/types\/product"}],"wp:featuredmedia":[{"embeddable":true,"href":"https:\/\/www.icon-icon.com\/en\/wp-json\/wp\/v2\/media\/61309"}],"wp:attachment":[{"href":"https:\/\/www.icon-icon.com\/en\/wp-json\/wp\/v2\/media?parent=50645"}],"wp:term":[{"taxonomy":"product_brand","embeddable":true,"href":"https:\/\/www.icon-icon.com\/en\/wp-json\/wp\/v2\/product_brand?post=50645"},{"taxonomy":"product_cat","embeddable":true,"href":"https:\/\/www.icon-icon.com\/en\/wp-json\/wp\/v2\/product_cat?post=50645"},{"taxonomy":"product_tag","embeddable":true,"href":"https:\/\/www.icon-icon.com\/en\/wp-json\/wp\/v2\/product_tag?post=50645"}],"curies":[{"name":"wp","href":"https:\/\/api.w.org\/{rel}","templated":true}]}}