


{"id":50430,"date":"2021-07-16T10:50:27","date_gmt":"2021-07-16T08:52:34","guid":{"rendered":"https:\/\/www.icon-icon.com\/?post_type=product&#038;p=50430"},"modified":"2021-07-16T15:00:27","modified_gmt":"2021-07-16T13:00:27","slug":"intra-muros","status":"publish","type":"product","link":"https:\/\/www.icon-icon.com\/en\/produit\/intra-muros\/","title":{"rendered":"Intra Muros"},"content":{"rendered":"","protected":false},"excerpt":{"rendered":"<p><strong>Date<\/strong>: From 27 August 2021 to 30 December 2021\u00a0<\/p>\n<p><strong>Location<\/strong>: La Pepiniere Theatre, 7, Rue Louis-le-Grand, 75002 Paris<\/p>\n<p><strong>Prices<\/strong>: From 43.60\u20ac<\/p>\n<p>Written and directed by Alexis Michalik <br \/>Starring in alternation: Cl\u00e9mentine Aussourd, Christopher Bayemi, Chlo\u00e9 Berthier, Rapha\u00e8le Bouchard, Hocine Choutri, Johann Dionnet, Jean Fornerod, Jean-Louis Gar\u00e7on, Aur\u00e9lie Konat\u00e9, Ariane Mourier, Arnaud Pfeiffer, Jean-Philippe Ricci, Fay\u00e7al Safi, Marie Sambourg, L\u00e9opoldine Serre, and musicians Rapha\u00ebl Bancou, Sylvain Briat, Raph\u00e4el Charpentier and Mathias Louis<br \/>While the storm threatens, Richard, a returning director, comes to give his first theatre class in a central location. He is hoping for a big turnout, which would lead to more classes &#8211; and more fees &#8211; but only two inmates show up: Kevin, a maladjusted young man, and Ange, a mute man in his fifties, who is only there to accompany his friend. Richard, assisted by one of his former actresses &#8211; incidentally his ex-wife &#8211; and by an inexperienced social worker, chooses to give his class anyway&#8230;<\/p>\n","protected":false},"featured_media":50429,"template":"","meta":{"_acf_changed":false},"product_brand":[],"product_cat":[21598,21611],"product_tag":[],"class_list":{"0":"post-50430","1":"product","2":"type-product","3":"status-publish","4":"has-post-thumbnail","6":"product_cat-events","7":"product_cat-improve-your-general-culture","9":"first","10":"instock","11":"product-type-external"},"acf":[],"yoast_head":"<!-- This site is optimized with the Yoast SEO plugin v27.2 - https:\/\/yoast.com\/product\/yoast-seo-wordpress\/ -->\n<title>Intra Muros - ICON-ICON<\/title>\n<meta name=\"robots\" content=\"index, follow, max-snippet:-1, max-image-preview:large, max-video-preview:-1\" \/>\n<link rel=\"canonical\" href=\"https:\/\/www.icon-icon.com\/en\/produit\/intra-muros\/\" \/>\n<meta property=\"og:locale\" content=\"en_US\" \/>\n<meta property=\"og:type\" content=\"article\" \/>\n<meta property=\"og:title\" content=\"Intra Muros - ICON-ICON\" \/>\n<meta property=\"og:description\" content=\"Date: From 27 August 2021 to 30 December 2021\u00a0Location: La Pepiniere Theatre, 7, Rue Louis-le-Grand, 75002 ParisPrices: From 43.60\u20acWritten and directed by Alexis Michalik Starring in alternation: Cl\u00e9mentine Aussourd, Christopher Bayemi, Chlo\u00e9 Berthier, Rapha\u00e8le Bouchard, Hocine Choutri, Johann Dionnet, Jean Fornerod, Jean-Louis Gar\u00e7on, Aur\u00e9lie Konat\u00e9, Ariane Mourier, Arnaud Pfeiffer, Jean-Philippe Ricci, Fay\u00e7al Safi, Marie Sambourg, L\u00e9opoldine Serre, and musicians Rapha\u00ebl Bancou, Sylvain Briat, Raph\u00e4el Charpentier and Mathias LouisWhile the storm threatens, Richard, a returning director, comes to give his first theatre class in a central location. He is hoping for a big turnout, which would lead to more classes - and more fees - but only two inmates show up: Kevin, a maladjusted young man, and Ange, a mute man in his fifties, who is only there to accompany his friend. Richard, assisted by one of his former actresses - incidentally his ex-wife - and by an inexperienced social worker, chooses to give his class anyway...\" \/>\n<meta property=\"og:url\" content=\"https:\/\/www.icon-icon.com\/en\/produit\/intra-muros\/\" \/>\n<meta property=\"og:site_name\" content=\"ICON-ICON\" \/>\n<meta property=\"article:modified_time\" content=\"2021-07-16T13:00:27+00:00\" \/>\n<meta property=\"og:image\" content=\"https:\/\/www.icon-icon.com\/wp-content\/uploads\/2021\/07\/intra-muros.jpeg\" \/>\n\t<meta property=\"og:image:width\" content=\"600\" \/>\n\t<meta property=\"og:image:height\" content=\"900\" \/>\n\t<meta property=\"og:image:type\" content=\"image\/jpeg\" \/>\n<meta name=\"twitter:card\" content=\"summary_large_image\" \/>\n<script type=\"application\/ld+json\" class=\"yoast-schema-graph\">{\"@context\":\"https:\/\/schema.org\",\"@graph\":[{\"@type\":\"WebPage\",\"@id\":\"https:\/\/www.icon-icon.com\/en\/produit\/intra-muros\/\",\"url\":\"https:\/\/www.icon-icon.com\/en\/produit\/intra-muros\/\",\"name\":\"Intra Muros - ICON-ICON\",\"isPartOf\":{\"@id\":\"https:\/\/www.icon-icon.com\/#website\"},\"primaryImageOfPage\":{\"@id\":\"https:\/\/www.icon-icon.com\/en\/produit\/intra-muros\/#primaryimage\"},\"image\":{\"@id\":\"https:\/\/www.icon-icon.com\/en\/produit\/intra-muros\/#primaryimage\"},\"thumbnailUrl\":\"https:\/\/www.icon-icon.com\/wp-content\/uploads\/2021\/07\/intra-muros.jpeg\",\"datePublished\":\"2021-07-16T08:52:34+00:00\",\"dateModified\":\"2021-07-16T13:00:27+00:00\",\"breadcrumb\":{\"@id\":\"https:\/\/www.icon-icon.com\/en\/produit\/intra-muros\/#breadcrumb\"},\"inLanguage\":\"en-US\",\"potentialAction\":[{\"@type\":\"ReadAction\",\"target\":[\"https:\/\/www.icon-icon.com\/en\/produit\/intra-muros\/\"]}]},{\"@type\":\"ImageObject\",\"inLanguage\":\"en-US\",\"@id\":\"https:\/\/www.icon-icon.com\/en\/produit\/intra-muros\/#primaryimage\",\"url\":\"https:\/\/www.icon-icon.com\/wp-content\/uploads\/2021\/07\/intra-muros.jpeg\",\"contentUrl\":\"https:\/\/www.icon-icon.com\/wp-content\/uploads\/2021\/07\/intra-muros.jpeg\",\"width\":600,\"height\":900},{\"@type\":\"BreadcrumbList\",\"@id\":\"https:\/\/www.icon-icon.com\/en\/produit\/intra-muros\/#breadcrumb\",\"itemListElement\":[{\"@type\":\"ListItem\",\"position\":1,\"name\":\"Accueil\",\"item\":\"https:\/\/www.icon-icon.com\/en\/\"},{\"@type\":\"ListItem\",\"position\":2,\"name\":\"Shop\",\"item\":\"https:\/\/www.icon-icon.com\/en\/shop-2\/\"},{\"@type\":\"ListItem\",\"position\":3,\"name\":\"Intra Muros\"}]},{\"@type\":\"WebSite\",\"@id\":\"https:\/\/www.icon-icon.com\/#website\",\"url\":\"https:\/\/www.icon-icon.com\/\",\"name\":\"ICON-ICON\",\"description\":\"Luxury Stories\",\"potentialAction\":[{\"@type\":\"SearchAction\",\"target\":{\"@type\":\"EntryPoint\",\"urlTemplate\":\"https:\/\/www.icon-icon.com\/?s={search_term_string}\"},\"query-input\":{\"@type\":\"PropertyValueSpecification\",\"valueRequired\":true,\"valueName\":\"search_term_string\"}}],\"inLanguage\":\"en-US\"}]}<\/script>\n<!-- \/ Yoast SEO plugin. -->","yoast_head_json":{"title":"Intra Muros - ICON-ICON","robots":{"index":"index","follow":"follow","max-snippet":"max-snippet:-1","max-image-preview":"max-image-preview:large","max-video-preview":"max-video-preview:-1"},"canonical":"https:\/\/www.icon-icon.com\/en\/produit\/intra-muros\/","og_locale":"en_US","og_type":"article","og_title":"Intra Muros - ICON-ICON","og_description":"Date: From 27 August 2021 to 30 December 2021\u00a0Location: La Pepiniere Theatre, 7, Rue Louis-le-Grand, 75002 ParisPrices: From 43.60\u20acWritten and directed by Alexis Michalik Starring in alternation: Cl\u00e9mentine Aussourd, Christopher Bayemi, Chlo\u00e9 Berthier, Rapha\u00e8le Bouchard, Hocine Choutri, Johann Dionnet, Jean Fornerod, Jean-Louis Gar\u00e7on, Aur\u00e9lie Konat\u00e9, Ariane Mourier, Arnaud Pfeiffer, Jean-Philippe Ricci, Fay\u00e7al Safi, Marie Sambourg, L\u00e9opoldine Serre, and musicians Rapha\u00ebl Bancou, Sylvain Briat, Raph\u00e4el Charpentier and Mathias LouisWhile the storm threatens, Richard, a returning director, comes to give his first theatre class in a central location. He is hoping for a big turnout, which would lead to more classes - and more fees - but only two inmates show up: Kevin, a maladjusted young man, and Ange, a mute man in his fifties, who is only there to accompany his friend. Richard, assisted by one of his former actresses - incidentally his ex-wife - and by an inexperienced social worker, chooses to give his class anyway...","og_url":"https:\/\/www.icon-icon.com\/en\/produit\/intra-muros\/","og_site_name":"ICON-ICON","article_modified_time":"2021-07-16T13:00:27+00:00","og_image":[{"width":600,"height":900,"url":"https:\/\/www.icon-icon.com\/wp-content\/uploads\/2021\/07\/intra-muros.jpeg","type":"image\/jpeg"}],"twitter_card":"summary_large_image","schema":{"@context":"https:\/\/schema.org","@graph":[{"@type":"WebPage","@id":"https:\/\/www.icon-icon.com\/en\/produit\/intra-muros\/","url":"https:\/\/www.icon-icon.com\/en\/produit\/intra-muros\/","name":"Intra Muros - ICON-ICON","isPartOf":{"@id":"https:\/\/www.icon-icon.com\/#website"},"primaryImageOfPage":{"@id":"https:\/\/www.icon-icon.com\/en\/produit\/intra-muros\/#primaryimage"},"image":{"@id":"https:\/\/www.icon-icon.com\/en\/produit\/intra-muros\/#primaryimage"},"thumbnailUrl":"https:\/\/www.icon-icon.com\/wp-content\/uploads\/2021\/07\/intra-muros.jpeg","datePublished":"2021-07-16T08:52:34+00:00","dateModified":"2021-07-16T13:00:27+00:00","breadcrumb":{"@id":"https:\/\/www.icon-icon.com\/en\/produit\/intra-muros\/#breadcrumb"},"inLanguage":"en-US","potentialAction":[{"@type":"ReadAction","target":["https:\/\/www.icon-icon.com\/en\/produit\/intra-muros\/"]}]},{"@type":"ImageObject","inLanguage":"en-US","@id":"https:\/\/www.icon-icon.com\/en\/produit\/intra-muros\/#primaryimage","url":"https:\/\/www.icon-icon.com\/wp-content\/uploads\/2021\/07\/intra-muros.jpeg","contentUrl":"https:\/\/www.icon-icon.com\/wp-content\/uploads\/2021\/07\/intra-muros.jpeg","width":600,"height":900},{"@type":"BreadcrumbList","@id":"https:\/\/www.icon-icon.com\/en\/produit\/intra-muros\/#breadcrumb","itemListElement":[{"@type":"ListItem","position":1,"name":"Accueil","item":"https:\/\/www.icon-icon.com\/en\/"},{"@type":"ListItem","position":2,"name":"Shop","item":"https:\/\/www.icon-icon.com\/en\/shop-2\/"},{"@type":"ListItem","position":3,"name":"Intra Muros"}]},{"@type":"WebSite","@id":"https:\/\/www.icon-icon.com\/#website","url":"https:\/\/www.icon-icon.com\/","name":"ICON-ICON","description":"Luxury Stories","potentialAction":[{"@type":"SearchAction","target":{"@type":"EntryPoint","urlTemplate":"https:\/\/www.icon-icon.com\/?s={search_term_string}"},"query-input":{"@type":"PropertyValueSpecification","valueRequired":true,"valueName":"search_term_string"}}],"inLanguage":"en-US"}]}},"_links":{"self":[{"href":"https:\/\/www.icon-icon.com\/en\/wp-json\/wp\/v2\/product\/50430","targetHints":{"allow":["GET"]}}],"collection":[{"href":"https:\/\/www.icon-icon.com\/en\/wp-json\/wp\/v2\/product"}],"about":[{"href":"https:\/\/www.icon-icon.com\/en\/wp-json\/wp\/v2\/types\/product"}],"wp:featuredmedia":[{"embeddable":true,"href":"https:\/\/www.icon-icon.com\/en\/wp-json\/wp\/v2\/media\/50429"}],"wp:attachment":[{"href":"https:\/\/www.icon-icon.com\/en\/wp-json\/wp\/v2\/media?parent=50430"}],"wp:term":[{"taxonomy":"product_brand","embeddable":true,"href":"https:\/\/www.icon-icon.com\/en\/wp-json\/wp\/v2\/product_brand?post=50430"},{"taxonomy":"product_cat","embeddable":true,"href":"https:\/\/www.icon-icon.com\/en\/wp-json\/wp\/v2\/product_cat?post=50430"},{"taxonomy":"product_tag","embeddable":true,"href":"https:\/\/www.icon-icon.com\/en\/wp-json\/wp\/v2\/product_tag?post=50430"}],"curies":[{"name":"wp","href":"https:\/\/api.w.org\/{rel}","templated":true}]}}