


{"id":49885,"date":"2021-07-13T14:32:45","date_gmt":"2021-07-15T12:25:47","guid":{"rendered":"https:\/\/www.icon-icon.com\/?post_type=product&#038;p=49885"},"modified":"2022-07-11T14:32:02","modified_gmt":"2022-07-11T12:32:02","slug":"martin-scorsese","status":"publish","type":"product","link":"https:\/\/www.icon-icon.com\/en\/produit\/martin-scorsese\/","title":{"rendered":"Martin Scorsese"},"content":{"rendered":"<div><span lang=\"EN-GB\">This precious book highlights Martin Scorsese\u2019s large filmography&#8230; His incredible influence on collective imaginary and cinema, his unparalleled narration \u2014 this book is made for cinema experts and enthusiasts!<\/span><\/div>\n","protected":false},"excerpt":{"rendered":"<p><strong>Icon Icon Opinion :\u00a0<\/strong><\/p>\n<p><span lang=\"EN-GB\">This precious book highlights Martin Scorsese\u2019s large filmography&#8230; His incredible influence on collective imaginary and cinema, his unparalleled narration \u2014 this book is made for cinema experts and enthusiasts!<\/span><\/p>\n<p><b>Authors<\/b>: Collectif Silvana, Carole Aghion, Rossana Curr\u00e0<\/p>\n<p><b>Publishing House<\/b>: Silvana Editoriale<\/p>\n<p><b>Publication Date<\/b>: 2 Octobre 2015<\/p>\n<p>Martin Scorsese is one of the major directors of the second half of the 20th century. The exhibition presented at the Cin\u00e9math\u00e8que fran\u00e7aise and its catalog pay tribute to the totality of his work and show to what extent his artistic approach has had a lasting influence on American cinema, even today. His films are often set in New York City, particularly in the heart of Little Italy, where Scorsese grew up, surrounded by other Italian immigrants. He films characters from this urban microcosm (Goodfellas, Raging Bull), in which violence plays a central role, as well as the spiritual search. Whether in his psychological thrillers, musicals, experimental films or costume films, it is always with mastery that the destiny of his characters (his muses Robert De Niro and Leonardo DiCaprio) embodies powerful existential issues, giving his feature films the form of contemporary tragedies. The exhibition catalog, richly illustrated with emblematic photos and rare documents, accompanies the major &#8220;Martin Scorsese&#8221; exhibition, the complete retrospective of his films, conferences, meetings organized at the Cin\u00e9math\u00e8que fran\u00e7aise, and multiple cross-organizational initiatives with numerous partners over several months. A never-before-seen interview with Martin Scorsese and numerous testimonies from his closest collaborators, including Leonardo DiCaprio, allow us to delve into the filmmaker&#8217;s sources of inspiration and discover his working methods. A Scorsese event for the general public that will be promoted by a massive communication campaign deployed on all media and throughout France. Finally, the book will be published at the same time as the release and promotion of Silence, Martin Scorsese&#8217;s new film adapted from the novel by Shushako Endo.<\/p>\n","protected":false},"featured_media":49884,"template":"","meta":{"_acf_changed":false},"product_brand":[],"product_cat":[21562,22973,21724,21670,25037],"product_tag":[],"class_list":{"0":"post-49885","1":"product","2":"type-product","3":"status-publish","4":"has-post-thumbnail","6":"product_cat-books","7":"product_cat-culture-and-technology","8":"product_cat-design-and-art-selection","9":"product_cat-directors-selection","10":"product_cat-mode-et-art-en","12":"first","13":"instock","14":"product-type-external"},"acf":[],"yoast_head":"<!-- This site is optimized with the Yoast SEO plugin v27.2 - https:\/\/yoast.com\/product\/yoast-seo-wordpress\/ -->\n<title>Martin Scorsese - ICON-ICON<\/title>\n<meta name=\"robots\" content=\"index, follow, max-snippet:-1, max-image-preview:large, max-video-preview:-1\" \/>\n<link rel=\"canonical\" href=\"https:\/\/www.icon-icon.com\/en\/produit\/martin-scorsese\/\" \/>\n<meta property=\"og:locale\" content=\"en_US\" \/>\n<meta property=\"og:type\" content=\"article\" \/>\n<meta property=\"og:title\" content=\"Martin Scorsese - ICON-ICON\" \/>\n<meta property=\"og:description\" content=\"Icon Icon Opinion :\u00a0  This precious book highlights Martin Scorsese\u2019s large filmography... His incredible influence on collective imaginary and cinema, his unparalleled narration \u2014 this book is made for cinema experts and enthusiasts!  Authors: Collectif Silvana, Carole Aghion, Rossana Curr\u00e0  Publishing House: Silvana Editoriale  Publication Date: 2 Octobre 2015  Martin Scorsese is one of the major directors of the second half of the 20th century. The exhibition presented at the Cin\u00e9math\u00e8que fran\u00e7aise and its catalog pay tribute to the totality of his work and show to what extent his artistic approach has had a lasting influence on American cinema, even today. His films are often set in New York City, particularly in the heart of Little Italy, where Scorsese grew up, surrounded by other Italian immigrants. He films characters from this urban microcosm (Goodfellas, Raging Bull), in which violence plays a central role, as well as the spiritual search. Whether in his psychological thrillers, musicals, experimental films or costume films, it is always with mastery that the destiny of his characters (his muses Robert De Niro and Leonardo DiCaprio) embodies powerful existential issues, giving his feature films the form of contemporary tragedies. The exhibition catalog, richly illustrated with emblematic photos and rare documents, accompanies the major &quot;Martin Scorsese&quot; exhibition, the complete retrospective of his films, conferences, meetings organized at the Cin\u00e9math\u00e8que fran\u00e7aise, and multiple cross-organizational initiatives with numerous partners over several months. A never-before-seen interview with Martin Scorsese and numerous testimonies from his closest collaborators, including Leonardo DiCaprio, allow us to delve into the filmmaker&#039;s sources of inspiration and discover his working methods. A Scorsese event for the general public that will be promoted by a massive communication campaign deployed on all media and throughout France. Finally, the book will be published at the same time as the release and promotion of Silence, Martin Scorsese&#039;s new film adapted from the novel by Shushako Endo.\" \/>\n<meta property=\"og:url\" content=\"https:\/\/www.icon-icon.com\/en\/produit\/martin-scorsese\/\" \/>\n<meta property=\"og:site_name\" content=\"ICON-ICON\" \/>\n<meta property=\"article:modified_time\" content=\"2022-07-11T12:32:02+00:00\" \/>\n<meta property=\"og:image\" content=\"https:\/\/www.icon-icon.com\/wp-content\/uploads\/2021\/07\/scorsese.jpeg\" \/>\n\t<meta property=\"og:image:width\" content=\"600\" \/>\n\t<meta property=\"og:image:height\" content=\"809\" \/>\n\t<meta property=\"og:image:type\" content=\"image\/jpeg\" \/>\n<meta name=\"twitter:card\" content=\"summary_large_image\" \/>\n<meta name=\"twitter:label1\" content=\"Est. reading time\" \/>\n\t<meta name=\"twitter:data1\" content=\"1 minute\" \/>\n<script type=\"application\/ld+json\" class=\"yoast-schema-graph\">{\"@context\":\"https:\/\/schema.org\",\"@graph\":[{\"@type\":\"WebPage\",\"@id\":\"https:\/\/www.icon-icon.com\/en\/produit\/martin-scorsese\/\",\"url\":\"https:\/\/www.icon-icon.com\/en\/produit\/martin-scorsese\/\",\"name\":\"Martin Scorsese - ICON-ICON\",\"isPartOf\":{\"@id\":\"https:\/\/www.icon-icon.com\/#website\"},\"primaryImageOfPage\":{\"@id\":\"https:\/\/www.icon-icon.com\/en\/produit\/martin-scorsese\/#primaryimage\"},\"image\":{\"@id\":\"https:\/\/www.icon-icon.com\/en\/produit\/martin-scorsese\/#primaryimage\"},\"thumbnailUrl\":\"https:\/\/www.icon-icon.com\/wp-content\/uploads\/2021\/07\/scorsese.jpeg\",\"datePublished\":\"2021-07-15T12:25:47+00:00\",\"dateModified\":\"2022-07-11T12:32:02+00:00\",\"breadcrumb\":{\"@id\":\"https:\/\/www.icon-icon.com\/en\/produit\/martin-scorsese\/#breadcrumb\"},\"inLanguage\":\"en-US\",\"potentialAction\":[{\"@type\":\"ReadAction\",\"target\":[\"https:\/\/www.icon-icon.com\/en\/produit\/martin-scorsese\/\"]}]},{\"@type\":\"ImageObject\",\"inLanguage\":\"en-US\",\"@id\":\"https:\/\/www.icon-icon.com\/en\/produit\/martin-scorsese\/#primaryimage\",\"url\":\"https:\/\/www.icon-icon.com\/wp-content\/uploads\/2021\/07\/scorsese.jpeg\",\"contentUrl\":\"https:\/\/www.icon-icon.com\/wp-content\/uploads\/2021\/07\/scorsese.jpeg\",\"width\":600,\"height\":809},{\"@type\":\"BreadcrumbList\",\"@id\":\"https:\/\/www.icon-icon.com\/en\/produit\/martin-scorsese\/#breadcrumb\",\"itemListElement\":[{\"@type\":\"ListItem\",\"position\":1,\"name\":\"Accueil\",\"item\":\"https:\/\/www.icon-icon.com\/en\/\"},{\"@type\":\"ListItem\",\"position\":2,\"name\":\"Shop\",\"item\":\"https:\/\/www.icon-icon.com\/en\/shop-2\/\"},{\"@type\":\"ListItem\",\"position\":3,\"name\":\"Martin Scorsese\"}]},{\"@type\":\"WebSite\",\"@id\":\"https:\/\/www.icon-icon.com\/#website\",\"url\":\"https:\/\/www.icon-icon.com\/\",\"name\":\"ICON-ICON\",\"description\":\"Luxury Stories\",\"potentialAction\":[{\"@type\":\"SearchAction\",\"target\":{\"@type\":\"EntryPoint\",\"urlTemplate\":\"https:\/\/www.icon-icon.com\/?s={search_term_string}\"},\"query-input\":{\"@type\":\"PropertyValueSpecification\",\"valueRequired\":true,\"valueName\":\"search_term_string\"}}],\"inLanguage\":\"en-US\"}]}<\/script>\n<!-- \/ Yoast SEO plugin. -->","yoast_head_json":{"title":"Martin Scorsese - ICON-ICON","robots":{"index":"index","follow":"follow","max-snippet":"max-snippet:-1","max-image-preview":"max-image-preview:large","max-video-preview":"max-video-preview:-1"},"canonical":"https:\/\/www.icon-icon.com\/en\/produit\/martin-scorsese\/","og_locale":"en_US","og_type":"article","og_title":"Martin Scorsese - ICON-ICON","og_description":"Icon Icon Opinion :\u00a0  This precious book highlights Martin Scorsese\u2019s large filmography... His incredible influence on collective imaginary and cinema, his unparalleled narration \u2014 this book is made for cinema experts and enthusiasts!  Authors: Collectif Silvana, Carole Aghion, Rossana Curr\u00e0  Publishing House: Silvana Editoriale  Publication Date: 2 Octobre 2015  Martin Scorsese is one of the major directors of the second half of the 20th century. The exhibition presented at the Cin\u00e9math\u00e8que fran\u00e7aise and its catalog pay tribute to the totality of his work and show to what extent his artistic approach has had a lasting influence on American cinema, even today. His films are often set in New York City, particularly in the heart of Little Italy, where Scorsese grew up, surrounded by other Italian immigrants. He films characters from this urban microcosm (Goodfellas, Raging Bull), in which violence plays a central role, as well as the spiritual search. Whether in his psychological thrillers, musicals, experimental films or costume films, it is always with mastery that the destiny of his characters (his muses Robert De Niro and Leonardo DiCaprio) embodies powerful existential issues, giving his feature films the form of contemporary tragedies. The exhibition catalog, richly illustrated with emblematic photos and rare documents, accompanies the major \"Martin Scorsese\" exhibition, the complete retrospective of his films, conferences, meetings organized at the Cin\u00e9math\u00e8que fran\u00e7aise, and multiple cross-organizational initiatives with numerous partners over several months. A never-before-seen interview with Martin Scorsese and numerous testimonies from his closest collaborators, including Leonardo DiCaprio, allow us to delve into the filmmaker's sources of inspiration and discover his working methods. A Scorsese event for the general public that will be promoted by a massive communication campaign deployed on all media and throughout France. Finally, the book will be published at the same time as the release and promotion of Silence, Martin Scorsese's new film adapted from the novel by Shushako Endo.","og_url":"https:\/\/www.icon-icon.com\/en\/produit\/martin-scorsese\/","og_site_name":"ICON-ICON","article_modified_time":"2022-07-11T12:32:02+00:00","og_image":[{"width":600,"height":809,"url":"https:\/\/www.icon-icon.com\/wp-content\/uploads\/2021\/07\/scorsese.jpeg","type":"image\/jpeg"}],"twitter_card":"summary_large_image","twitter_misc":{"Est. reading time":"1 minute"},"schema":{"@context":"https:\/\/schema.org","@graph":[{"@type":"WebPage","@id":"https:\/\/www.icon-icon.com\/en\/produit\/martin-scorsese\/","url":"https:\/\/www.icon-icon.com\/en\/produit\/martin-scorsese\/","name":"Martin Scorsese - ICON-ICON","isPartOf":{"@id":"https:\/\/www.icon-icon.com\/#website"},"primaryImageOfPage":{"@id":"https:\/\/www.icon-icon.com\/en\/produit\/martin-scorsese\/#primaryimage"},"image":{"@id":"https:\/\/www.icon-icon.com\/en\/produit\/martin-scorsese\/#primaryimage"},"thumbnailUrl":"https:\/\/www.icon-icon.com\/wp-content\/uploads\/2021\/07\/scorsese.jpeg","datePublished":"2021-07-15T12:25:47+00:00","dateModified":"2022-07-11T12:32:02+00:00","breadcrumb":{"@id":"https:\/\/www.icon-icon.com\/en\/produit\/martin-scorsese\/#breadcrumb"},"inLanguage":"en-US","potentialAction":[{"@type":"ReadAction","target":["https:\/\/www.icon-icon.com\/en\/produit\/martin-scorsese\/"]}]},{"@type":"ImageObject","inLanguage":"en-US","@id":"https:\/\/www.icon-icon.com\/en\/produit\/martin-scorsese\/#primaryimage","url":"https:\/\/www.icon-icon.com\/wp-content\/uploads\/2021\/07\/scorsese.jpeg","contentUrl":"https:\/\/www.icon-icon.com\/wp-content\/uploads\/2021\/07\/scorsese.jpeg","width":600,"height":809},{"@type":"BreadcrumbList","@id":"https:\/\/www.icon-icon.com\/en\/produit\/martin-scorsese\/#breadcrumb","itemListElement":[{"@type":"ListItem","position":1,"name":"Accueil","item":"https:\/\/www.icon-icon.com\/en\/"},{"@type":"ListItem","position":2,"name":"Shop","item":"https:\/\/www.icon-icon.com\/en\/shop-2\/"},{"@type":"ListItem","position":3,"name":"Martin Scorsese"}]},{"@type":"WebSite","@id":"https:\/\/www.icon-icon.com\/#website","url":"https:\/\/www.icon-icon.com\/","name":"ICON-ICON","description":"Luxury Stories","potentialAction":[{"@type":"SearchAction","target":{"@type":"EntryPoint","urlTemplate":"https:\/\/www.icon-icon.com\/?s={search_term_string}"},"query-input":{"@type":"PropertyValueSpecification","valueRequired":true,"valueName":"search_term_string"}}],"inLanguage":"en-US"}]}},"_links":{"self":[{"href":"https:\/\/www.icon-icon.com\/en\/wp-json\/wp\/v2\/product\/49885","targetHints":{"allow":["GET"]}}],"collection":[{"href":"https:\/\/www.icon-icon.com\/en\/wp-json\/wp\/v2\/product"}],"about":[{"href":"https:\/\/www.icon-icon.com\/en\/wp-json\/wp\/v2\/types\/product"}],"wp:featuredmedia":[{"embeddable":true,"href":"https:\/\/www.icon-icon.com\/en\/wp-json\/wp\/v2\/media\/49884"}],"wp:attachment":[{"href":"https:\/\/www.icon-icon.com\/en\/wp-json\/wp\/v2\/media?parent=49885"}],"wp:term":[{"taxonomy":"product_brand","embeddable":true,"href":"https:\/\/www.icon-icon.com\/en\/wp-json\/wp\/v2\/product_brand?post=49885"},{"taxonomy":"product_cat","embeddable":true,"href":"https:\/\/www.icon-icon.com\/en\/wp-json\/wp\/v2\/product_cat?post=49885"},{"taxonomy":"product_tag","embeddable":true,"href":"https:\/\/www.icon-icon.com\/en\/wp-json\/wp\/v2\/product_tag?post=49885"}],"curies":[{"name":"wp","href":"https:\/\/api.w.org\/{rel}","templated":true}]}}