


{"id":49868,"date":"2021-07-13T14:08:32","date_gmt":"2021-07-15T12:20:30","guid":{"rendered":"https:\/\/www.icon-icon.com\/?post_type=product&#038;p=49868"},"modified":"2022-07-11T13:09:39","modified_gmt":"2022-07-11T11:09:39","slug":"cinema-et-peinture-reedition","status":"publish","type":"product","link":"https:\/\/www.icon-icon.com\/en\/produit\/cinema-et-peinture-reedition\/","title":{"rendered":"Cin\u00e9ma et peinture R\u00e9\u00e9dition"},"content":{"rendered":"","protected":false},"excerpt":{"rendered":"<p><strong>Icon Icon Opinion :<\/strong><\/p>\n<p>Cinema feeds on painting, and the relationship, which is very little studied, is studied here in an exhaustive and interesting way! Many filmmakers whose techniques and visual frameworks are revealed here through the paintings of masters who inspired their perspective&#8230; sometimes in ways that are anything but suspect!<\/p>\n<p><b>Author<\/b>: Jo\u00eblle Moulin<\/p>\n<p><b>Publishing House<\/b>: Citadelles &amp; Mazenod<\/p>\n<p><b>Publication Date<\/b>: 25 September 2019<\/p>\n<p><b>Description :\u00a0<\/b>What if the magic of cinema was linked to painting? To the paintings that the director sometimes revisits before putting his script into images, to the works of art or pictorial atmospheres that impose themselves on the spectator when watching certain films.<\/p>\n<p>This book was born from these crossed glances between the seventh art and painting, where the filmic image hides or reveals a pictorial image.<\/p>\n<p>In this exercise, almost all the great cinematographic currents have distinguished themselves because many directors have developed, consciously or not, an aesthetic in affinity with the silent and immobile art that is painting.<\/p>\n<p>From the Lumi\u00e8re brothers to David Lynch, a fascinating study of the fertile relationship between painting and cinema.<\/p>\n<p>&#8220;The relationships between these two arts are thus deciphered, and one will admire in particular the developments on German expressionism, the different visions of Van Gogh (in PIalat, Minnelli and Kurosawa) or the presence of the American painter Edward Hopper in some filmmakers &#8211; in particular Hitchcock, who is often quoted in this book as refined as it is informative.&#8221; Baptiste Liger, L&#8217;Express.<\/p>\n","protected":false},"featured_media":60913,"template":"","meta":{"_acf_changed":false},"product_brand":[],"product_cat":[21562,22973,21724,21670,25037],"product_tag":[25060,25059,24900,22284],"class_list":{"0":"post-49868","1":"product","2":"type-product","3":"status-publish","4":"has-post-thumbnail","6":"product_cat-books","7":"product_cat-culture-and-technology","8":"product_cat-design-and-art-selection","9":"product_cat-directors-selection","10":"product_cat-mode-et-art-en","11":"product_tag-citadelles-mazenod-en","12":"product_tag-joelle-moulin-en","13":"product_tag-livres-et-documentaires-en","14":"product_tag-luxury-en","16":"first","17":"instock","18":"product-type-external"},"acf":[],"yoast_head":"<!-- This site is optimized with the Yoast SEO plugin v27.2 - https:\/\/yoast.com\/product\/yoast-seo-wordpress\/ -->\n<title>Cin\u00e9ma et peinture R\u00e9\u00e9dition - ICON-ICON<\/title>\n<meta name=\"robots\" content=\"index, follow, max-snippet:-1, max-image-preview:large, max-video-preview:-1\" \/>\n<link rel=\"canonical\" href=\"https:\/\/www.icon-icon.com\/en\/produit\/cinema-et-peinture-reedition\/\" \/>\n<meta property=\"og:locale\" content=\"en_US\" \/>\n<meta property=\"og:type\" content=\"article\" \/>\n<meta property=\"og:title\" content=\"Cin\u00e9ma et peinture R\u00e9\u00e9dition - ICON-ICON\" \/>\n<meta property=\"og:description\" content=\"Icon Icon Opinion :  Cinema feeds on painting, and the relationship, which is very little studied, is studied here in an exhaustive and interesting way! Many filmmakers whose techniques and visual frameworks are revealed here through the paintings of masters who inspired their perspective... sometimes in ways that are anything but suspect!  Author: Jo\u00eblle Moulin  Publishing House: Citadelles &amp; Mazenod  Publication Date: 25 September 2019  Description :\u00a0What if the magic of cinema was linked to painting? To the paintings that the director sometimes revisits before putting his script into images, to the works of art or pictorial atmospheres that impose themselves on the spectator when watching certain films.  This book was born from these crossed glances between the seventh art and painting, where the filmic image hides or reveals a pictorial image.  In this exercise, almost all the great cinematographic currents have distinguished themselves because many directors have developed, consciously or not, an aesthetic in affinity with the silent and immobile art that is painting.  From the Lumi\u00e8re brothers to David Lynch, a fascinating study of the fertile relationship between painting and cinema.  &quot;The relationships between these two arts are thus deciphered, and one will admire in particular the developments on German expressionism, the different visions of Van Gogh (in PIalat, Minnelli and Kurosawa) or the presence of the American painter Edward Hopper in some filmmakers - in particular Hitchcock, who is often quoted in this book as refined as it is informative.&quot; Baptiste Liger, L&#039;Express.\" \/>\n<meta property=\"og:url\" content=\"https:\/\/www.icon-icon.com\/en\/produit\/cinema-et-peinture-reedition\/\" \/>\n<meta property=\"og:site_name\" content=\"ICON-ICON\" \/>\n<meta property=\"article:modified_time\" content=\"2022-07-11T11:09:39+00:00\" \/>\n<meta property=\"og:image\" content=\"https:\/\/www.icon-icon.com\/wp-content\/uploads\/2021\/07\/Joe\u0308lle-Moulin.jpg\" \/>\n\t<meta property=\"og:image:width\" content=\"500\" \/>\n\t<meta property=\"og:image:height\" content=\"500\" \/>\n\t<meta property=\"og:image:type\" content=\"image\/jpeg\" \/>\n<meta name=\"twitter:card\" content=\"summary_large_image\" \/>\n<meta name=\"twitter:label1\" content=\"Est. reading time\" \/>\n\t<meta name=\"twitter:data1\" content=\"1 minute\" \/>\n<script type=\"application\/ld+json\" class=\"yoast-schema-graph\">{\"@context\":\"https:\/\/schema.org\",\"@graph\":[{\"@type\":\"WebPage\",\"@id\":\"https:\/\/www.icon-icon.com\/en\/produit\/cinema-et-peinture-reedition\/\",\"url\":\"https:\/\/www.icon-icon.com\/en\/produit\/cinema-et-peinture-reedition\/\",\"name\":\"Cin\u00e9ma et peinture R\u00e9\u00e9dition - ICON-ICON\",\"isPartOf\":{\"@id\":\"https:\/\/www.icon-icon.com\/en\/#website\"},\"primaryImageOfPage\":{\"@id\":\"https:\/\/www.icon-icon.com\/en\/produit\/cinema-et-peinture-reedition\/#primaryimage\"},\"image\":{\"@id\":\"https:\/\/www.icon-icon.com\/en\/produit\/cinema-et-peinture-reedition\/#primaryimage\"},\"thumbnailUrl\":\"https:\/\/www.icon-icon.com\/wp-content\/uploads\/2021\/07\/Joe\u0308lle-Moulin.jpg\",\"datePublished\":\"2021-07-15T12:20:30+00:00\",\"dateModified\":\"2022-07-11T11:09:39+00:00\",\"breadcrumb\":{\"@id\":\"https:\/\/www.icon-icon.com\/en\/produit\/cinema-et-peinture-reedition\/#breadcrumb\"},\"inLanguage\":\"en-US\",\"potentialAction\":[{\"@type\":\"ReadAction\",\"target\":[\"https:\/\/www.icon-icon.com\/en\/produit\/cinema-et-peinture-reedition\/\"]}]},{\"@type\":\"ImageObject\",\"inLanguage\":\"en-US\",\"@id\":\"https:\/\/www.icon-icon.com\/en\/produit\/cinema-et-peinture-reedition\/#primaryimage\",\"url\":\"https:\/\/www.icon-icon.com\/wp-content\/uploads\/2021\/07\/Joe\u0308lle-Moulin.jpg\",\"contentUrl\":\"https:\/\/www.icon-icon.com\/wp-content\/uploads\/2021\/07\/Joe\u0308lle-Moulin.jpg\",\"width\":500,\"height\":500},{\"@type\":\"BreadcrumbList\",\"@id\":\"https:\/\/www.icon-icon.com\/en\/produit\/cinema-et-peinture-reedition\/#breadcrumb\",\"itemListElement\":[{\"@type\":\"ListItem\",\"position\":1,\"name\":\"Accueil\",\"item\":\"https:\/\/www.icon-icon.com\/en\/\"},{\"@type\":\"ListItem\",\"position\":2,\"name\":\"Shop\",\"item\":\"https:\/\/www.icon-icon.com\/en\/shop-2\/\"},{\"@type\":\"ListItem\",\"position\":3,\"name\":\"Cin\u00e9ma et peinture R\u00e9\u00e9dition\"}]},{\"@type\":\"WebSite\",\"@id\":\"https:\/\/www.icon-icon.com\/en\/#website\",\"url\":\"https:\/\/www.icon-icon.com\/en\/\",\"name\":\"ICON-ICON\",\"description\":\"Luxury Stories\",\"potentialAction\":[{\"@type\":\"SearchAction\",\"target\":{\"@type\":\"EntryPoint\",\"urlTemplate\":\"https:\/\/www.icon-icon.com\/en\/?s={search_term_string}\"},\"query-input\":{\"@type\":\"PropertyValueSpecification\",\"valueRequired\":true,\"valueName\":\"search_term_string\"}}],\"inLanguage\":\"en-US\"}]}<\/script>\n<!-- \/ Yoast SEO plugin. -->","yoast_head_json":{"title":"Cin\u00e9ma et peinture R\u00e9\u00e9dition - ICON-ICON","robots":{"index":"index","follow":"follow","max-snippet":"max-snippet:-1","max-image-preview":"max-image-preview:large","max-video-preview":"max-video-preview:-1"},"canonical":"https:\/\/www.icon-icon.com\/en\/produit\/cinema-et-peinture-reedition\/","og_locale":"en_US","og_type":"article","og_title":"Cin\u00e9ma et peinture R\u00e9\u00e9dition - ICON-ICON","og_description":"Icon Icon Opinion :  Cinema feeds on painting, and the relationship, which is very little studied, is studied here in an exhaustive and interesting way! Many filmmakers whose techniques and visual frameworks are revealed here through the paintings of masters who inspired their perspective... sometimes in ways that are anything but suspect!  Author: Jo\u00eblle Moulin  Publishing House: Citadelles &amp; Mazenod  Publication Date: 25 September 2019  Description :\u00a0What if the magic of cinema was linked to painting? To the paintings that the director sometimes revisits before putting his script into images, to the works of art or pictorial atmospheres that impose themselves on the spectator when watching certain films.  This book was born from these crossed glances between the seventh art and painting, where the filmic image hides or reveals a pictorial image.  In this exercise, almost all the great cinematographic currents have distinguished themselves because many directors have developed, consciously or not, an aesthetic in affinity with the silent and immobile art that is painting.  From the Lumi\u00e8re brothers to David Lynch, a fascinating study of the fertile relationship between painting and cinema.  \"The relationships between these two arts are thus deciphered, and one will admire in particular the developments on German expressionism, the different visions of Van Gogh (in PIalat, Minnelli and Kurosawa) or the presence of the American painter Edward Hopper in some filmmakers - in particular Hitchcock, who is often quoted in this book as refined as it is informative.\" Baptiste Liger, L'Express.","og_url":"https:\/\/www.icon-icon.com\/en\/produit\/cinema-et-peinture-reedition\/","og_site_name":"ICON-ICON","article_modified_time":"2022-07-11T11:09:39+00:00","og_image":[{"width":500,"height":500,"url":"https:\/\/www.icon-icon.com\/wp-content\/uploads\/2021\/07\/Joe\u0308lle-Moulin.jpg","type":"image\/jpeg"}],"twitter_card":"summary_large_image","twitter_misc":{"Est. reading time":"1 minute"},"schema":{"@context":"https:\/\/schema.org","@graph":[{"@type":"WebPage","@id":"https:\/\/www.icon-icon.com\/en\/produit\/cinema-et-peinture-reedition\/","url":"https:\/\/www.icon-icon.com\/en\/produit\/cinema-et-peinture-reedition\/","name":"Cin\u00e9ma et peinture R\u00e9\u00e9dition - ICON-ICON","isPartOf":{"@id":"https:\/\/www.icon-icon.com\/en\/#website"},"primaryImageOfPage":{"@id":"https:\/\/www.icon-icon.com\/en\/produit\/cinema-et-peinture-reedition\/#primaryimage"},"image":{"@id":"https:\/\/www.icon-icon.com\/en\/produit\/cinema-et-peinture-reedition\/#primaryimage"},"thumbnailUrl":"https:\/\/www.icon-icon.com\/wp-content\/uploads\/2021\/07\/Joe\u0308lle-Moulin.jpg","datePublished":"2021-07-15T12:20:30+00:00","dateModified":"2022-07-11T11:09:39+00:00","breadcrumb":{"@id":"https:\/\/www.icon-icon.com\/en\/produit\/cinema-et-peinture-reedition\/#breadcrumb"},"inLanguage":"en-US","potentialAction":[{"@type":"ReadAction","target":["https:\/\/www.icon-icon.com\/en\/produit\/cinema-et-peinture-reedition\/"]}]},{"@type":"ImageObject","inLanguage":"en-US","@id":"https:\/\/www.icon-icon.com\/en\/produit\/cinema-et-peinture-reedition\/#primaryimage","url":"https:\/\/www.icon-icon.com\/wp-content\/uploads\/2021\/07\/Joe\u0308lle-Moulin.jpg","contentUrl":"https:\/\/www.icon-icon.com\/wp-content\/uploads\/2021\/07\/Joe\u0308lle-Moulin.jpg","width":500,"height":500},{"@type":"BreadcrumbList","@id":"https:\/\/www.icon-icon.com\/en\/produit\/cinema-et-peinture-reedition\/#breadcrumb","itemListElement":[{"@type":"ListItem","position":1,"name":"Accueil","item":"https:\/\/www.icon-icon.com\/en\/"},{"@type":"ListItem","position":2,"name":"Shop","item":"https:\/\/www.icon-icon.com\/en\/shop-2\/"},{"@type":"ListItem","position":3,"name":"Cin\u00e9ma et peinture R\u00e9\u00e9dition"}]},{"@type":"WebSite","@id":"https:\/\/www.icon-icon.com\/en\/#website","url":"https:\/\/www.icon-icon.com\/en\/","name":"ICON-ICON","description":"Luxury Stories","potentialAction":[{"@type":"SearchAction","target":{"@type":"EntryPoint","urlTemplate":"https:\/\/www.icon-icon.com\/en\/?s={search_term_string}"},"query-input":{"@type":"PropertyValueSpecification","valueRequired":true,"valueName":"search_term_string"}}],"inLanguage":"en-US"}]}},"_links":{"self":[{"href":"https:\/\/www.icon-icon.com\/en\/wp-json\/wp\/v2\/product\/49868","targetHints":{"allow":["GET"]}}],"collection":[{"href":"https:\/\/www.icon-icon.com\/en\/wp-json\/wp\/v2\/product"}],"about":[{"href":"https:\/\/www.icon-icon.com\/en\/wp-json\/wp\/v2\/types\/product"}],"wp:featuredmedia":[{"embeddable":true,"href":"https:\/\/www.icon-icon.com\/en\/wp-json\/wp\/v2\/media\/60913"}],"wp:attachment":[{"href":"https:\/\/www.icon-icon.com\/en\/wp-json\/wp\/v2\/media?parent=49868"}],"wp:term":[{"taxonomy":"product_brand","embeddable":true,"href":"https:\/\/www.icon-icon.com\/en\/wp-json\/wp\/v2\/product_brand?post=49868"},{"taxonomy":"product_cat","embeddable":true,"href":"https:\/\/www.icon-icon.com\/en\/wp-json\/wp\/v2\/product_cat?post=49868"},{"taxonomy":"product_tag","embeddable":true,"href":"https:\/\/www.icon-icon.com\/en\/wp-json\/wp\/v2\/product_tag?post=49868"}],"curies":[{"name":"wp","href":"https:\/\/api.w.org\/{rel}","templated":true}]}}