


{"id":49702,"date":"2021-07-15T16:24:44","date_gmt":"2021-07-15T14:24:44","guid":{"rendered":"https:\/\/www.icon-icon.com\/?post_type=product&#038;p=49702"},"modified":"2021-07-15T16:24:44","modified_gmt":"2021-07-15T14:24:44","slug":"luxes","status":"publish","type":"product","link":"https:\/\/www.icon-icon.com\/en\/produit\/luxes\/","title":{"rendered":"LUXES"},"content":{"rendered":"","protected":false},"excerpt":{"rendered":"<p><strong>Date<\/strong>: From Thursday 15 October 2020 to Sunday 18 July 2021<br \/><strong>Location<\/strong>: Mus\u00e9e des Arts D\u00e9coratifs, 107, rue de Rivoli, 75001 Paris<\/p>\n<p><strong>Prices<\/strong>:<br \/>Full price: 14\u20ac<br \/>Reduced price: 10\u20ac<\/p>\n<p>Following &#8220;Ten Thousand Years of Luxury&#8221;, organised together with the Louvre Abu Dhabi in 2019, the Mus\u00e9e des Arts D\u00e9coratifs presents &#8220;Luxes&#8221;. The exhibition offers a journey through time and geography, combining moments of contemplation and more monumental scans, offering each of the 100 works presented the most relevant space for delectation and understanding. The chronological and thematic tour opens up two emblematic places that are usually closed to visitors: the Salon 1900, a living memory of the Paris Universal Exhibition, a museum commission to celebrate Art Nouveau and the French decorative arts, and the Salon des Boiseries, revealing other masterpieces of European decoration, including an incredible chandelier by Venini exhibited in Paris in 1925, a spacious room in which to read and dream, taking time to enjoy the Tuileries and the rhythm of the city. Sensitive and encyclopaedic, selective and historical, the exhibition thus offers, for the first time in Paris and at the Mus\u00e9e des Arts D\u00e9coratifs, an insight into luxury for the contemporary world. The scenography was entrusted to Nathalie Crini\u00e8re and her agency, with the exceptional participation of the European Confederation of Flax.<\/p>\n","protected":false},"featured_media":50296,"template":"","meta":{"_acf_changed":false},"product_brand":[],"product_cat":[21598,21605],"product_tag":[],"class_list":{"0":"post-49702","1":"product","2":"type-product","3":"status-publish","4":"has-post-thumbnail","6":"product_cat-events","7":"product_cat-fashion-and-luxury-aficionados","9":"first","10":"instock","11":"product-type-external"},"acf":[],"yoast_head":"<!-- This site is optimized with the Yoast SEO plugin v27.2 - https:\/\/yoast.com\/product\/yoast-seo-wordpress\/ -->\n<title>LUXES - ICON-ICON<\/title>\n<meta name=\"robots\" content=\"index, follow, max-snippet:-1, max-image-preview:large, max-video-preview:-1\" \/>\n<link rel=\"canonical\" href=\"https:\/\/www.icon-icon.com\/en\/produit\/luxes\/\" \/>\n<meta property=\"og:locale\" content=\"en_US\" \/>\n<meta property=\"og:type\" content=\"article\" \/>\n<meta property=\"og:title\" content=\"LUXES - ICON-ICON\" \/>\n<meta property=\"og:description\" content=\"Date: From Thursday 15 October 2020 to Sunday 18 July 2021Location: Mus\u00e9e des Arts D\u00e9coratifs, 107, rue de Rivoli, 75001 ParisPrices:Full price: 14\u20acReduced price: 10\u20acFollowing &quot;Ten Thousand Years of Luxury&quot;, organised together with the Louvre Abu Dhabi in 2019, the Mus\u00e9e des Arts D\u00e9coratifs presents &quot;Luxes&quot;. The exhibition offers a journey through time and geography, combining moments of contemplation and more monumental scans, offering each of the 100 works presented the most relevant space for delectation and understanding. The chronological and thematic tour opens up two emblematic places that are usually closed to visitors: the Salon 1900, a living memory of the Paris Universal Exhibition, a museum commission to celebrate Art Nouveau and the French decorative arts, and the Salon des Boiseries, revealing other masterpieces of European decoration, including an incredible chandelier by Venini exhibited in Paris in 1925, a spacious room in which to read and dream, taking time to enjoy the Tuileries and the rhythm of the city. Sensitive and encyclopaedic, selective and historical, the exhibition thus offers, for the first time in Paris and at the Mus\u00e9e des Arts D\u00e9coratifs, an insight into luxury for the contemporary world. The scenography was entrusted to Nathalie Crini\u00e8re and her agency, with the exceptional participation of the European Confederation of Flax.\" \/>\n<meta property=\"og:url\" content=\"https:\/\/www.icon-icon.com\/en\/produit\/luxes\/\" \/>\n<meta property=\"og:site_name\" content=\"ICON-ICON\" \/>\n<meta property=\"og:image\" content=\"https:\/\/www.icon-icon.com\/wp-content\/uploads\/2021\/07\/LUXES.jpeg\" \/>\n\t<meta property=\"og:image:width\" content=\"600\" \/>\n\t<meta property=\"og:image:height\" content=\"886\" \/>\n\t<meta property=\"og:image:type\" content=\"image\/jpeg\" \/>\n<meta name=\"twitter:card\" content=\"summary_large_image\" \/>\n<script type=\"application\/ld+json\" class=\"yoast-schema-graph\">{\"@context\":\"https:\/\/schema.org\",\"@graph\":[{\"@type\":\"WebPage\",\"@id\":\"https:\/\/www.icon-icon.com\/en\/produit\/luxes\/\",\"url\":\"https:\/\/www.icon-icon.com\/en\/produit\/luxes\/\",\"name\":\"LUXES - ICON-ICON\",\"isPartOf\":{\"@id\":\"https:\/\/www.icon-icon.com\/#website\"},\"primaryImageOfPage\":{\"@id\":\"https:\/\/www.icon-icon.com\/en\/produit\/luxes\/#primaryimage\"},\"image\":{\"@id\":\"https:\/\/www.icon-icon.com\/en\/produit\/luxes\/#primaryimage\"},\"thumbnailUrl\":\"https:\/\/www.icon-icon.com\/wp-content\/uploads\/2021\/07\/LUXES.jpeg\",\"datePublished\":\"2021-07-15T14:24:44+00:00\",\"breadcrumb\":{\"@id\":\"https:\/\/www.icon-icon.com\/en\/produit\/luxes\/#breadcrumb\"},\"inLanguage\":\"en-US\",\"potentialAction\":[{\"@type\":\"ReadAction\",\"target\":[\"https:\/\/www.icon-icon.com\/en\/produit\/luxes\/\"]}]},{\"@type\":\"ImageObject\",\"inLanguage\":\"en-US\",\"@id\":\"https:\/\/www.icon-icon.com\/en\/produit\/luxes\/#primaryimage\",\"url\":\"https:\/\/www.icon-icon.com\/wp-content\/uploads\/2021\/07\/LUXES.jpeg\",\"contentUrl\":\"https:\/\/www.icon-icon.com\/wp-content\/uploads\/2021\/07\/LUXES.jpeg\",\"width\":600,\"height\":886},{\"@type\":\"BreadcrumbList\",\"@id\":\"https:\/\/www.icon-icon.com\/en\/produit\/luxes\/#breadcrumb\",\"itemListElement\":[{\"@type\":\"ListItem\",\"position\":1,\"name\":\"Accueil\",\"item\":\"https:\/\/www.icon-icon.com\/en\/\"},{\"@type\":\"ListItem\",\"position\":2,\"name\":\"Shop\",\"item\":\"https:\/\/www.icon-icon.com\/en\/shop-2\/\"},{\"@type\":\"ListItem\",\"position\":3,\"name\":\"LUXES\"}]},{\"@type\":\"WebSite\",\"@id\":\"https:\/\/www.icon-icon.com\/#website\",\"url\":\"https:\/\/www.icon-icon.com\/\",\"name\":\"ICON-ICON\",\"description\":\"Luxury Stories\",\"potentialAction\":[{\"@type\":\"SearchAction\",\"target\":{\"@type\":\"EntryPoint\",\"urlTemplate\":\"https:\/\/www.icon-icon.com\/?s={search_term_string}\"},\"query-input\":{\"@type\":\"PropertyValueSpecification\",\"valueRequired\":true,\"valueName\":\"search_term_string\"}}],\"inLanguage\":\"en-US\"}]}<\/script>\n<!-- \/ Yoast SEO plugin. -->","yoast_head_json":{"title":"LUXES - ICON-ICON","robots":{"index":"index","follow":"follow","max-snippet":"max-snippet:-1","max-image-preview":"max-image-preview:large","max-video-preview":"max-video-preview:-1"},"canonical":"https:\/\/www.icon-icon.com\/en\/produit\/luxes\/","og_locale":"en_US","og_type":"article","og_title":"LUXES - ICON-ICON","og_description":"Date: From Thursday 15 October 2020 to Sunday 18 July 2021Location: Mus\u00e9e des Arts D\u00e9coratifs, 107, rue de Rivoli, 75001 ParisPrices:Full price: 14\u20acReduced price: 10\u20acFollowing \"Ten Thousand Years of Luxury\", organised together with the Louvre Abu Dhabi in 2019, the Mus\u00e9e des Arts D\u00e9coratifs presents \"Luxes\". The exhibition offers a journey through time and geography, combining moments of contemplation and more monumental scans, offering each of the 100 works presented the most relevant space for delectation and understanding. The chronological and thematic tour opens up two emblematic places that are usually closed to visitors: the Salon 1900, a living memory of the Paris Universal Exhibition, a museum commission to celebrate Art Nouveau and the French decorative arts, and the Salon des Boiseries, revealing other masterpieces of European decoration, including an incredible chandelier by Venini exhibited in Paris in 1925, a spacious room in which to read and dream, taking time to enjoy the Tuileries and the rhythm of the city. Sensitive and encyclopaedic, selective and historical, the exhibition thus offers, for the first time in Paris and at the Mus\u00e9e des Arts D\u00e9coratifs, an insight into luxury for the contemporary world. The scenography was entrusted to Nathalie Crini\u00e8re and her agency, with the exceptional participation of the European Confederation of Flax.","og_url":"https:\/\/www.icon-icon.com\/en\/produit\/luxes\/","og_site_name":"ICON-ICON","og_image":[{"width":600,"height":886,"url":"https:\/\/www.icon-icon.com\/wp-content\/uploads\/2021\/07\/LUXES.jpeg","type":"image\/jpeg"}],"twitter_card":"summary_large_image","schema":{"@context":"https:\/\/schema.org","@graph":[{"@type":"WebPage","@id":"https:\/\/www.icon-icon.com\/en\/produit\/luxes\/","url":"https:\/\/www.icon-icon.com\/en\/produit\/luxes\/","name":"LUXES - ICON-ICON","isPartOf":{"@id":"https:\/\/www.icon-icon.com\/#website"},"primaryImageOfPage":{"@id":"https:\/\/www.icon-icon.com\/en\/produit\/luxes\/#primaryimage"},"image":{"@id":"https:\/\/www.icon-icon.com\/en\/produit\/luxes\/#primaryimage"},"thumbnailUrl":"https:\/\/www.icon-icon.com\/wp-content\/uploads\/2021\/07\/LUXES.jpeg","datePublished":"2021-07-15T14:24:44+00:00","breadcrumb":{"@id":"https:\/\/www.icon-icon.com\/en\/produit\/luxes\/#breadcrumb"},"inLanguage":"en-US","potentialAction":[{"@type":"ReadAction","target":["https:\/\/www.icon-icon.com\/en\/produit\/luxes\/"]}]},{"@type":"ImageObject","inLanguage":"en-US","@id":"https:\/\/www.icon-icon.com\/en\/produit\/luxes\/#primaryimage","url":"https:\/\/www.icon-icon.com\/wp-content\/uploads\/2021\/07\/LUXES.jpeg","contentUrl":"https:\/\/www.icon-icon.com\/wp-content\/uploads\/2021\/07\/LUXES.jpeg","width":600,"height":886},{"@type":"BreadcrumbList","@id":"https:\/\/www.icon-icon.com\/en\/produit\/luxes\/#breadcrumb","itemListElement":[{"@type":"ListItem","position":1,"name":"Accueil","item":"https:\/\/www.icon-icon.com\/en\/"},{"@type":"ListItem","position":2,"name":"Shop","item":"https:\/\/www.icon-icon.com\/en\/shop-2\/"},{"@type":"ListItem","position":3,"name":"LUXES"}]},{"@type":"WebSite","@id":"https:\/\/www.icon-icon.com\/#website","url":"https:\/\/www.icon-icon.com\/","name":"ICON-ICON","description":"Luxury Stories","potentialAction":[{"@type":"SearchAction","target":{"@type":"EntryPoint","urlTemplate":"https:\/\/www.icon-icon.com\/?s={search_term_string}"},"query-input":{"@type":"PropertyValueSpecification","valueRequired":true,"valueName":"search_term_string"}}],"inLanguage":"en-US"}]}},"_links":{"self":[{"href":"https:\/\/www.icon-icon.com\/en\/wp-json\/wp\/v2\/product\/49702","targetHints":{"allow":["GET"]}}],"collection":[{"href":"https:\/\/www.icon-icon.com\/en\/wp-json\/wp\/v2\/product"}],"about":[{"href":"https:\/\/www.icon-icon.com\/en\/wp-json\/wp\/v2\/types\/product"}],"wp:featuredmedia":[{"embeddable":true,"href":"https:\/\/www.icon-icon.com\/en\/wp-json\/wp\/v2\/media\/50296"}],"wp:attachment":[{"href":"https:\/\/www.icon-icon.com\/en\/wp-json\/wp\/v2\/media?parent=49702"}],"wp:term":[{"taxonomy":"product_brand","embeddable":true,"href":"https:\/\/www.icon-icon.com\/en\/wp-json\/wp\/v2\/product_brand?post=49702"},{"taxonomy":"product_cat","embeddable":true,"href":"https:\/\/www.icon-icon.com\/en\/wp-json\/wp\/v2\/product_cat?post=49702"},{"taxonomy":"product_tag","embeddable":true,"href":"https:\/\/www.icon-icon.com\/en\/wp-json\/wp\/v2\/product_tag?post=49702"}],"curies":[{"name":"wp","href":"https:\/\/api.w.org\/{rel}","templated":true}]}}