


{"id":49618,"date":"2021-07-12T09:53:19","date_gmt":"2021-07-12T07:57:07","guid":{"rendered":"https:\/\/www.icon-icon.com\/?post_type=product&#038;p=49618"},"modified":"2021-11-25T15:04:50","modified_gmt":"2021-11-25T14:04:50","slug":"beaute-fatale-les-nouveaux-visages-dune-alienation-feminine","status":"publish","type":"product","link":"https:\/\/www.icon-icon.com\/en\/produit\/beaute-fatale-les-nouveaux-visages-dune-alienation-feminine\/","title":{"rendered":"Beaut\u00e9 Fatale: Les nouveaux visages d&#8217;une ali\u00e9nation f\u00e9minine"},"content":{"rendered":"","protected":false},"excerpt":{"rendered":"<p><b>Author: <\/b>Mona Chollet<\/p>\n<p><b>Publishing House: <\/b>Zones<\/p>\n<p><b>Publication Date <\/b>: February 16, 2012<\/p>\n<p><b>Description :\u00a0<\/b>Padded bras for girls, obsession with thinness, trivialization of cosmetic surgery, insistent prescription of the skirt as a symbol of liberation: the &#8220;tyranny of the look&#8221; asserts today its hold to impose the most stereotyped femininity. In this book, Mona Chollet shows how the industries of the &#8220;fashion-beauty complex&#8221; work to maintain, in an insidious and seductive way, the sexist logic at the heart of the cultural sphere.Under the alleged cult of beauty prospers a hatred of oneself and one&#8217;s body, maintained by the hype of unattainable standards. A process of self-devaluation which feeds a constant anxiety about the physicality at the same time as it condemns the women to not know how to exist otherwise than by the seduction, locking them in a state of permanent subordination. In this sense, the question of the body could well constitute the key of an advance of the rights of the women on all the other plans, from the fight against the violence to that against the inequalities at work.<\/p>\n","protected":false},"featured_media":61582,"template":"","meta":{"_acf_changed":false},"product_brand":[],"product_cat":[21562,22973,21727,21593,25037,21665],"product_tag":[25145,22284,25394,25395],"class_list":{"0":"post-49618","1":"product","2":"type-product","3":"status-publish","4":"has-post-thumbnail","6":"product_cat-books","7":"product_cat-culture-and-technology","8":"product_cat-fashion-accessories-selection","9":"product_cat-fashion-and-philosophy-fashion-accessories","10":"product_cat-mode-et-art-en","11":"product_cat-sociology-general-philosophy-selection","12":"product_tag-livres-en","13":"product_tag-luxury-en","14":"product_tag-mona-chollet-en","15":"product_tag-zones-en","17":"first","18":"instock","19":"product-type-external"},"acf":[],"yoast_head":"<!-- This site is optimized with the Yoast SEO plugin v27.2 - https:\/\/yoast.com\/product\/yoast-seo-wordpress\/ -->\n<title>Beaut\u00e9 Fatale: Les nouveaux visages d&#039;une ali\u00e9nation f\u00e9minine - ICON-ICON<\/title>\n<meta name=\"robots\" content=\"index, follow, max-snippet:-1, max-image-preview:large, max-video-preview:-1\" \/>\n<link rel=\"canonical\" href=\"https:\/\/www.icon-icon.com\/en\/produit\/beaute-fatale-les-nouveaux-visages-dune-alienation-feminine\/\" \/>\n<meta property=\"og:locale\" content=\"en_US\" \/>\n<meta property=\"og:type\" content=\"article\" \/>\n<meta property=\"og:title\" content=\"Beaut\u00e9 Fatale: Les nouveaux visages d&#039;une ali\u00e9nation f\u00e9minine - ICON-ICON\" \/>\n<meta property=\"og:description\" content=\"Author: Mona Chollet  Publishing House: Zones  Publication Date : February 16, 2012  Description :\u00a0Padded bras for girls, obsession with thinness, trivialization of cosmetic surgery, insistent prescription of the skirt as a symbol of liberation: the &quot;tyranny of the look&quot; asserts today its hold to impose the most stereotyped femininity. In this book, Mona Chollet shows how the industries of the &quot;fashion-beauty complex&quot; work to maintain, in an insidious and seductive way, the sexist logic at the heart of the cultural sphere.Under the alleged cult of beauty prospers a hatred of oneself and one&#039;s body, maintained by the hype of unattainable standards. A process of self-devaluation which feeds a constant anxiety about the physicality at the same time as it condemns the women to not know how to exist otherwise than by the seduction, locking them in a state of permanent subordination. In this sense, the question of the body could well constitute the key of an advance of the rights of the women on all the other plans, from the fight against the violence to that against the inequalities at work.\" \/>\n<meta property=\"og:url\" content=\"https:\/\/www.icon-icon.com\/en\/produit\/beaute-fatale-les-nouveaux-visages-dune-alienation-feminine\/\" \/>\n<meta property=\"og:site_name\" content=\"ICON-ICON\" \/>\n<meta property=\"article:modified_time\" content=\"2021-11-25T14:04:50+00:00\" \/>\n<meta property=\"og:image\" content=\"https:\/\/www.icon-icon.com\/wp-content\/uploads\/2021\/07\/Mona-Chollet.jpg\" \/>\n\t<meta property=\"og:image:width\" content=\"500\" \/>\n\t<meta property=\"og:image:height\" content=\"500\" \/>\n\t<meta property=\"og:image:type\" content=\"image\/jpeg\" \/>\n<meta name=\"twitter:card\" content=\"summary_large_image\" \/>\n<script type=\"application\/ld+json\" class=\"yoast-schema-graph\">{\"@context\":\"https:\/\/schema.org\",\"@graph\":[{\"@type\":\"WebPage\",\"@id\":\"https:\/\/www.icon-icon.com\/en\/produit\/beaute-fatale-les-nouveaux-visages-dune-alienation-feminine\/\",\"url\":\"https:\/\/www.icon-icon.com\/en\/produit\/beaute-fatale-les-nouveaux-visages-dune-alienation-feminine\/\",\"name\":\"Beaut\u00e9 Fatale: Les nouveaux visages d'une ali\u00e9nation f\u00e9minine - ICON-ICON\",\"isPartOf\":{\"@id\":\"https:\/\/www.icon-icon.com\/#website\"},\"primaryImageOfPage\":{\"@id\":\"https:\/\/www.icon-icon.com\/en\/produit\/beaute-fatale-les-nouveaux-visages-dune-alienation-feminine\/#primaryimage\"},\"image\":{\"@id\":\"https:\/\/www.icon-icon.com\/en\/produit\/beaute-fatale-les-nouveaux-visages-dune-alienation-feminine\/#primaryimage\"},\"thumbnailUrl\":\"https:\/\/www.icon-icon.com\/wp-content\/uploads\/2021\/07\/Mona-Chollet.jpg\",\"datePublished\":\"2021-07-12T07:57:07+00:00\",\"dateModified\":\"2021-11-25T14:04:50+00:00\",\"breadcrumb\":{\"@id\":\"https:\/\/www.icon-icon.com\/en\/produit\/beaute-fatale-les-nouveaux-visages-dune-alienation-feminine\/#breadcrumb\"},\"inLanguage\":\"en-US\",\"potentialAction\":[{\"@type\":\"ReadAction\",\"target\":[\"https:\/\/www.icon-icon.com\/en\/produit\/beaute-fatale-les-nouveaux-visages-dune-alienation-feminine\/\"]}]},{\"@type\":\"ImageObject\",\"inLanguage\":\"en-US\",\"@id\":\"https:\/\/www.icon-icon.com\/en\/produit\/beaute-fatale-les-nouveaux-visages-dune-alienation-feminine\/#primaryimage\",\"url\":\"https:\/\/www.icon-icon.com\/wp-content\/uploads\/2021\/07\/Mona-Chollet.jpg\",\"contentUrl\":\"https:\/\/www.icon-icon.com\/wp-content\/uploads\/2021\/07\/Mona-Chollet.jpg\",\"width\":500,\"height\":500},{\"@type\":\"BreadcrumbList\",\"@id\":\"https:\/\/www.icon-icon.com\/en\/produit\/beaute-fatale-les-nouveaux-visages-dune-alienation-feminine\/#breadcrumb\",\"itemListElement\":[{\"@type\":\"ListItem\",\"position\":1,\"name\":\"Accueil\",\"item\":\"https:\/\/www.icon-icon.com\/en\/\"},{\"@type\":\"ListItem\",\"position\":2,\"name\":\"Shop\",\"item\":\"https:\/\/www.icon-icon.com\/en\/shop-2\/\"},{\"@type\":\"ListItem\",\"position\":3,\"name\":\"Beaut\u00e9 Fatale: Les nouveaux visages d&#8217;une ali\u00e9nation f\u00e9minine\"}]},{\"@type\":\"WebSite\",\"@id\":\"https:\/\/www.icon-icon.com\/#website\",\"url\":\"https:\/\/www.icon-icon.com\/\",\"name\":\"ICON-ICON\",\"description\":\"Luxury Stories\",\"potentialAction\":[{\"@type\":\"SearchAction\",\"target\":{\"@type\":\"EntryPoint\",\"urlTemplate\":\"https:\/\/www.icon-icon.com\/?s={search_term_string}\"},\"query-input\":{\"@type\":\"PropertyValueSpecification\",\"valueRequired\":true,\"valueName\":\"search_term_string\"}}],\"inLanguage\":\"en-US\"}]}<\/script>\n<!-- \/ Yoast SEO plugin. -->","yoast_head_json":{"title":"Beaut\u00e9 Fatale: Les nouveaux visages d'une ali\u00e9nation f\u00e9minine - ICON-ICON","robots":{"index":"index","follow":"follow","max-snippet":"max-snippet:-1","max-image-preview":"max-image-preview:large","max-video-preview":"max-video-preview:-1"},"canonical":"https:\/\/www.icon-icon.com\/en\/produit\/beaute-fatale-les-nouveaux-visages-dune-alienation-feminine\/","og_locale":"en_US","og_type":"article","og_title":"Beaut\u00e9 Fatale: Les nouveaux visages d'une ali\u00e9nation f\u00e9minine - ICON-ICON","og_description":"Author: Mona Chollet  Publishing House: Zones  Publication Date : February 16, 2012  Description :\u00a0Padded bras for girls, obsession with thinness, trivialization of cosmetic surgery, insistent prescription of the skirt as a symbol of liberation: the \"tyranny of the look\" asserts today its hold to impose the most stereotyped femininity. In this book, Mona Chollet shows how the industries of the \"fashion-beauty complex\" work to maintain, in an insidious and seductive way, the sexist logic at the heart of the cultural sphere.Under the alleged cult of beauty prospers a hatred of oneself and one's body, maintained by the hype of unattainable standards. A process of self-devaluation which feeds a constant anxiety about the physicality at the same time as it condemns the women to not know how to exist otherwise than by the seduction, locking them in a state of permanent subordination. In this sense, the question of the body could well constitute the key of an advance of the rights of the women on all the other plans, from the fight against the violence to that against the inequalities at work.","og_url":"https:\/\/www.icon-icon.com\/en\/produit\/beaute-fatale-les-nouveaux-visages-dune-alienation-feminine\/","og_site_name":"ICON-ICON","article_modified_time":"2021-11-25T14:04:50+00:00","og_image":[{"width":500,"height":500,"url":"https:\/\/www.icon-icon.com\/wp-content\/uploads\/2021\/07\/Mona-Chollet.jpg","type":"image\/jpeg"}],"twitter_card":"summary_large_image","schema":{"@context":"https:\/\/schema.org","@graph":[{"@type":"WebPage","@id":"https:\/\/www.icon-icon.com\/en\/produit\/beaute-fatale-les-nouveaux-visages-dune-alienation-feminine\/","url":"https:\/\/www.icon-icon.com\/en\/produit\/beaute-fatale-les-nouveaux-visages-dune-alienation-feminine\/","name":"Beaut\u00e9 Fatale: Les nouveaux visages d'une ali\u00e9nation f\u00e9minine - ICON-ICON","isPartOf":{"@id":"https:\/\/www.icon-icon.com\/#website"},"primaryImageOfPage":{"@id":"https:\/\/www.icon-icon.com\/en\/produit\/beaute-fatale-les-nouveaux-visages-dune-alienation-feminine\/#primaryimage"},"image":{"@id":"https:\/\/www.icon-icon.com\/en\/produit\/beaute-fatale-les-nouveaux-visages-dune-alienation-feminine\/#primaryimage"},"thumbnailUrl":"https:\/\/www.icon-icon.com\/wp-content\/uploads\/2021\/07\/Mona-Chollet.jpg","datePublished":"2021-07-12T07:57:07+00:00","dateModified":"2021-11-25T14:04:50+00:00","breadcrumb":{"@id":"https:\/\/www.icon-icon.com\/en\/produit\/beaute-fatale-les-nouveaux-visages-dune-alienation-feminine\/#breadcrumb"},"inLanguage":"en-US","potentialAction":[{"@type":"ReadAction","target":["https:\/\/www.icon-icon.com\/en\/produit\/beaute-fatale-les-nouveaux-visages-dune-alienation-feminine\/"]}]},{"@type":"ImageObject","inLanguage":"en-US","@id":"https:\/\/www.icon-icon.com\/en\/produit\/beaute-fatale-les-nouveaux-visages-dune-alienation-feminine\/#primaryimage","url":"https:\/\/www.icon-icon.com\/wp-content\/uploads\/2021\/07\/Mona-Chollet.jpg","contentUrl":"https:\/\/www.icon-icon.com\/wp-content\/uploads\/2021\/07\/Mona-Chollet.jpg","width":500,"height":500},{"@type":"BreadcrumbList","@id":"https:\/\/www.icon-icon.com\/en\/produit\/beaute-fatale-les-nouveaux-visages-dune-alienation-feminine\/#breadcrumb","itemListElement":[{"@type":"ListItem","position":1,"name":"Accueil","item":"https:\/\/www.icon-icon.com\/en\/"},{"@type":"ListItem","position":2,"name":"Shop","item":"https:\/\/www.icon-icon.com\/en\/shop-2\/"},{"@type":"ListItem","position":3,"name":"Beaut\u00e9 Fatale: Les nouveaux visages d&#8217;une ali\u00e9nation f\u00e9minine"}]},{"@type":"WebSite","@id":"https:\/\/www.icon-icon.com\/#website","url":"https:\/\/www.icon-icon.com\/","name":"ICON-ICON","description":"Luxury Stories","potentialAction":[{"@type":"SearchAction","target":{"@type":"EntryPoint","urlTemplate":"https:\/\/www.icon-icon.com\/?s={search_term_string}"},"query-input":{"@type":"PropertyValueSpecification","valueRequired":true,"valueName":"search_term_string"}}],"inLanguage":"en-US"}]}},"_links":{"self":[{"href":"https:\/\/www.icon-icon.com\/en\/wp-json\/wp\/v2\/product\/49618","targetHints":{"allow":["GET"]}}],"collection":[{"href":"https:\/\/www.icon-icon.com\/en\/wp-json\/wp\/v2\/product"}],"about":[{"href":"https:\/\/www.icon-icon.com\/en\/wp-json\/wp\/v2\/types\/product"}],"wp:featuredmedia":[{"embeddable":true,"href":"https:\/\/www.icon-icon.com\/en\/wp-json\/wp\/v2\/media\/61582"}],"wp:attachment":[{"href":"https:\/\/www.icon-icon.com\/en\/wp-json\/wp\/v2\/media?parent=49618"}],"wp:term":[{"taxonomy":"product_brand","embeddable":true,"href":"https:\/\/www.icon-icon.com\/en\/wp-json\/wp\/v2\/product_brand?post=49618"},{"taxonomy":"product_cat","embeddable":true,"href":"https:\/\/www.icon-icon.com\/en\/wp-json\/wp\/v2\/product_cat?post=49618"},{"taxonomy":"product_tag","embeddable":true,"href":"https:\/\/www.icon-icon.com\/en\/wp-json\/wp\/v2\/product_tag?post=49618"}],"curies":[{"name":"wp","href":"https:\/\/api.w.org\/{rel}","templated":true}]}}