


{"id":49555,"date":"2021-07-09T15:42:57","date_gmt":"2021-07-09T13:46:26","guid":{"rendered":"https:\/\/www.icon-icon.com\/?post_type=product&#038;p=49555"},"modified":"2021-11-29T14:13:21","modified_gmt":"2021-11-29T13:13:21","slug":"mallarme-on-fashion","status":"publish","type":"product","link":"https:\/\/www.icon-icon.com\/en\/produit\/mallarme-on-fashion\/","title":{"rendered":"Mallarm\u00e9 on Fashion"},"content":{"rendered":"","protected":false},"excerpt":{"rendered":"<p><b>Authors<\/b><b>: <\/b>St\u00e9phane Mallarm\u00e9 (commentary by Furbank Philip Nicholas)<\/p>\n<p><b>Publishing House: <\/b>Bloomsbury 3PL<\/p>\n<p><b>Publication Date<\/b>: 1874<\/p>\n<p><b>Description :\u00a0<\/b>A Translation of the Fashion Magazine La Derni\u00e8re Mode with Commentary.<\/p>\n<p>(Compilation of 8 magazines published in the 19th century).<\/p>\n","protected":false},"featured_media":61976,"template":"","meta":{"_acf_changed":false},"product_brand":[],"product_cat":[21562,22973,21727,21593,21664,25037],"product_tag":[25552,25145,22284],"class_list":{"0":"post-49555","1":"product","2":"type-product","3":"status-publish","4":"has-post-thumbnail","6":"product_cat-books","7":"product_cat-culture-and-technology","8":"product_cat-fashion-accessories-selection","9":"product_cat-fashion-and-philosophy-fashion-accessories","10":"product_cat-historical-and-sociological-studies-of-fashion-selection","11":"product_cat-mode-et-art-en","12":"product_tag-bloomsbury-3pl-en","13":"product_tag-livres-en","14":"product_tag-luxury-en","16":"first","17":"instock","18":"product-type-external"},"acf":[],"yoast_head":"<!-- This site is optimized with the Yoast SEO plugin v27.2 - https:\/\/yoast.com\/product\/yoast-seo-wordpress\/ -->\n<title>Mallarm\u00e9 on Fashion - ICON-ICON<\/title>\n<meta name=\"robots\" content=\"index, follow, max-snippet:-1, max-image-preview:large, max-video-preview:-1\" \/>\n<link rel=\"canonical\" href=\"https:\/\/www.icon-icon.com\/en\/produit\/mallarme-on-fashion\/\" \/>\n<meta property=\"og:locale\" content=\"en_US\" \/>\n<meta property=\"og:type\" content=\"article\" \/>\n<meta property=\"og:title\" content=\"Mallarm\u00e9 on Fashion - ICON-ICON\" \/>\n<meta property=\"og:description\" content=\"Authors: St\u00e9phane Mallarm\u00e9 (commentary by Furbank Philip Nicholas)  Publishing House: Bloomsbury 3PL  Publication Date: 1874  Description :\u00a0A Translation of the Fashion Magazine La Derni\u00e8re Mode with Commentary.  (Compilation of 8 magazines published in the 19th century).\" \/>\n<meta property=\"og:url\" content=\"https:\/\/www.icon-icon.com\/en\/produit\/mallarme-on-fashion\/\" \/>\n<meta property=\"og:site_name\" content=\"ICON-ICON\" \/>\n<meta property=\"article:modified_time\" content=\"2021-11-29T13:13:21+00:00\" \/>\n<meta property=\"og:image\" content=\"https:\/\/www.icon-icon.com\/wp-content\/uploads\/2021\/07\/Mallarme\u0301-on-Fashion.jpg1_.jpg\" \/>\n\t<meta property=\"og:image:width\" content=\"500\" \/>\n\t<meta property=\"og:image:height\" content=\"500\" \/>\n\t<meta property=\"og:image:type\" content=\"image\/jpeg\" \/>\n<meta name=\"twitter:card\" content=\"summary_large_image\" \/>\n<script type=\"application\/ld+json\" class=\"yoast-schema-graph\">{\"@context\":\"https:\/\/schema.org\",\"@graph\":[{\"@type\":\"WebPage\",\"@id\":\"https:\/\/www.icon-icon.com\/en\/produit\/mallarme-on-fashion\/\",\"url\":\"https:\/\/www.icon-icon.com\/en\/produit\/mallarme-on-fashion\/\",\"name\":\"Mallarm\u00e9 on Fashion - ICON-ICON\",\"isPartOf\":{\"@id\":\"https:\/\/www.icon-icon.com\/#website\"},\"primaryImageOfPage\":{\"@id\":\"https:\/\/www.icon-icon.com\/en\/produit\/mallarme-on-fashion\/#primaryimage\"},\"image\":{\"@id\":\"https:\/\/www.icon-icon.com\/en\/produit\/mallarme-on-fashion\/#primaryimage\"},\"thumbnailUrl\":\"https:\/\/www.icon-icon.com\/wp-content\/uploads\/2021\/07\/Mallarme\u0301-on-Fashion.jpg1_.jpg\",\"datePublished\":\"2021-07-09T13:46:26+00:00\",\"dateModified\":\"2021-11-29T13:13:21+00:00\",\"breadcrumb\":{\"@id\":\"https:\/\/www.icon-icon.com\/en\/produit\/mallarme-on-fashion\/#breadcrumb\"},\"inLanguage\":\"en-US\",\"potentialAction\":[{\"@type\":\"ReadAction\",\"target\":[\"https:\/\/www.icon-icon.com\/en\/produit\/mallarme-on-fashion\/\"]}]},{\"@type\":\"ImageObject\",\"inLanguage\":\"en-US\",\"@id\":\"https:\/\/www.icon-icon.com\/en\/produit\/mallarme-on-fashion\/#primaryimage\",\"url\":\"https:\/\/www.icon-icon.com\/wp-content\/uploads\/2021\/07\/Mallarme\u0301-on-Fashion.jpg1_.jpg\",\"contentUrl\":\"https:\/\/www.icon-icon.com\/wp-content\/uploads\/2021\/07\/Mallarme\u0301-on-Fashion.jpg1_.jpg\",\"width\":500,\"height\":500},{\"@type\":\"BreadcrumbList\",\"@id\":\"https:\/\/www.icon-icon.com\/en\/produit\/mallarme-on-fashion\/#breadcrumb\",\"itemListElement\":[{\"@type\":\"ListItem\",\"position\":1,\"name\":\"Accueil\",\"item\":\"https:\/\/www.icon-icon.com\/en\/\"},{\"@type\":\"ListItem\",\"position\":2,\"name\":\"Shop\",\"item\":\"https:\/\/www.icon-icon.com\/en\/shop-2\/\"},{\"@type\":\"ListItem\",\"position\":3,\"name\":\"Mallarm\u00e9 on Fashion\"}]},{\"@type\":\"WebSite\",\"@id\":\"https:\/\/www.icon-icon.com\/#website\",\"url\":\"https:\/\/www.icon-icon.com\/\",\"name\":\"ICON-ICON\",\"description\":\"Luxury Stories\",\"potentialAction\":[{\"@type\":\"SearchAction\",\"target\":{\"@type\":\"EntryPoint\",\"urlTemplate\":\"https:\/\/www.icon-icon.com\/?s={search_term_string}\"},\"query-input\":{\"@type\":\"PropertyValueSpecification\",\"valueRequired\":true,\"valueName\":\"search_term_string\"}}],\"inLanguage\":\"en-US\"}]}<\/script>\n<!-- \/ Yoast SEO plugin. -->","yoast_head_json":{"title":"Mallarm\u00e9 on Fashion - ICON-ICON","robots":{"index":"index","follow":"follow","max-snippet":"max-snippet:-1","max-image-preview":"max-image-preview:large","max-video-preview":"max-video-preview:-1"},"canonical":"https:\/\/www.icon-icon.com\/en\/produit\/mallarme-on-fashion\/","og_locale":"en_US","og_type":"article","og_title":"Mallarm\u00e9 on Fashion - ICON-ICON","og_description":"Authors: St\u00e9phane Mallarm\u00e9 (commentary by Furbank Philip Nicholas)  Publishing House: Bloomsbury 3PL  Publication Date: 1874  Description :\u00a0A Translation of the Fashion Magazine La Derni\u00e8re Mode with Commentary.  (Compilation of 8 magazines published in the 19th century).","og_url":"https:\/\/www.icon-icon.com\/en\/produit\/mallarme-on-fashion\/","og_site_name":"ICON-ICON","article_modified_time":"2021-11-29T13:13:21+00:00","og_image":[{"width":500,"height":500,"url":"https:\/\/www.icon-icon.com\/wp-content\/uploads\/2021\/07\/Mallarme\u0301-on-Fashion.jpg1_.jpg","type":"image\/jpeg"}],"twitter_card":"summary_large_image","schema":{"@context":"https:\/\/schema.org","@graph":[{"@type":"WebPage","@id":"https:\/\/www.icon-icon.com\/en\/produit\/mallarme-on-fashion\/","url":"https:\/\/www.icon-icon.com\/en\/produit\/mallarme-on-fashion\/","name":"Mallarm\u00e9 on Fashion - ICON-ICON","isPartOf":{"@id":"https:\/\/www.icon-icon.com\/#website"},"primaryImageOfPage":{"@id":"https:\/\/www.icon-icon.com\/en\/produit\/mallarme-on-fashion\/#primaryimage"},"image":{"@id":"https:\/\/www.icon-icon.com\/en\/produit\/mallarme-on-fashion\/#primaryimage"},"thumbnailUrl":"https:\/\/www.icon-icon.com\/wp-content\/uploads\/2021\/07\/Mallarme\u0301-on-Fashion.jpg1_.jpg","datePublished":"2021-07-09T13:46:26+00:00","dateModified":"2021-11-29T13:13:21+00:00","breadcrumb":{"@id":"https:\/\/www.icon-icon.com\/en\/produit\/mallarme-on-fashion\/#breadcrumb"},"inLanguage":"en-US","potentialAction":[{"@type":"ReadAction","target":["https:\/\/www.icon-icon.com\/en\/produit\/mallarme-on-fashion\/"]}]},{"@type":"ImageObject","inLanguage":"en-US","@id":"https:\/\/www.icon-icon.com\/en\/produit\/mallarme-on-fashion\/#primaryimage","url":"https:\/\/www.icon-icon.com\/wp-content\/uploads\/2021\/07\/Mallarme\u0301-on-Fashion.jpg1_.jpg","contentUrl":"https:\/\/www.icon-icon.com\/wp-content\/uploads\/2021\/07\/Mallarme\u0301-on-Fashion.jpg1_.jpg","width":500,"height":500},{"@type":"BreadcrumbList","@id":"https:\/\/www.icon-icon.com\/en\/produit\/mallarme-on-fashion\/#breadcrumb","itemListElement":[{"@type":"ListItem","position":1,"name":"Accueil","item":"https:\/\/www.icon-icon.com\/en\/"},{"@type":"ListItem","position":2,"name":"Shop","item":"https:\/\/www.icon-icon.com\/en\/shop-2\/"},{"@type":"ListItem","position":3,"name":"Mallarm\u00e9 on Fashion"}]},{"@type":"WebSite","@id":"https:\/\/www.icon-icon.com\/#website","url":"https:\/\/www.icon-icon.com\/","name":"ICON-ICON","description":"Luxury Stories","potentialAction":[{"@type":"SearchAction","target":{"@type":"EntryPoint","urlTemplate":"https:\/\/www.icon-icon.com\/?s={search_term_string}"},"query-input":{"@type":"PropertyValueSpecification","valueRequired":true,"valueName":"search_term_string"}}],"inLanguage":"en-US"}]}},"_links":{"self":[{"href":"https:\/\/www.icon-icon.com\/en\/wp-json\/wp\/v2\/product\/49555","targetHints":{"allow":["GET"]}}],"collection":[{"href":"https:\/\/www.icon-icon.com\/en\/wp-json\/wp\/v2\/product"}],"about":[{"href":"https:\/\/www.icon-icon.com\/en\/wp-json\/wp\/v2\/types\/product"}],"wp:featuredmedia":[{"embeddable":true,"href":"https:\/\/www.icon-icon.com\/en\/wp-json\/wp\/v2\/media\/61976"}],"wp:attachment":[{"href":"https:\/\/www.icon-icon.com\/en\/wp-json\/wp\/v2\/media?parent=49555"}],"wp:term":[{"taxonomy":"product_brand","embeddable":true,"href":"https:\/\/www.icon-icon.com\/en\/wp-json\/wp\/v2\/product_brand?post=49555"},{"taxonomy":"product_cat","embeddable":true,"href":"https:\/\/www.icon-icon.com\/en\/wp-json\/wp\/v2\/product_cat?post=49555"},{"taxonomy":"product_tag","embeddable":true,"href":"https:\/\/www.icon-icon.com\/en\/wp-json\/wp\/v2\/product_tag?post=49555"}],"curies":[{"name":"wp","href":"https:\/\/api.w.org\/{rel}","templated":true}]}}