


{"id":49437,"date":"2021-07-21T10:25:08","date_gmt":"2021-11-29T10:32:57","guid":{"rendered":"https:\/\/www.icon-icon.com\/?post_type=product&#038;p=49437"},"modified":"2022-07-12T15:32:41","modified_gmt":"2022-07-12T13:32:41","slug":"creatrices-de-legende-de-jeanne-lanvin-a-stella-mccartney","status":"publish","type":"product","link":"https:\/\/www.icon-icon.com\/en\/produit\/creatrices-de-legende-de-jeanne-lanvin-a-stella-mccartney\/","title":{"rendered":"Cr\u00e9atrices de l\u00e9gende &#8211; De Jeanne Lanvin \u00e0 Stella McCartney"},"content":{"rendered":"","protected":false},"excerpt":{"rendered":"<p><strong>Icon Icon Opinion :<\/strong><\/p>\n<p>Fashion and beauty through the eyes of those who make it &#8211; this book offers a fresh perspective on the fertile relationship of 20th century fashion with historical, political, cultural, social, economic and technical events.<\/p>\n<p><b>Authors<\/b>: Bertrand Meyer-Stabley, Laurence Catinot-Crost<\/p>\n<p><b>Publishing House<\/b>: Bartillat<\/p>\n<p><b>Publication Date<\/b>: November 2019<\/p>\n<p><b>Description :\u00a0<\/b>Twenty-five admirably determined women! They have dared, created, innovated and worked hard to impose themselves in the world of fashion and luxury. Dresses, cosmetics, perfumes, jewelry&#8230; They also stood up to men and nothing resisted them!<\/p>\n<p>They made fun of taboos and conventions and their success story is a thrilling picture of more than a century of fashion business. They take us into the great mass of collections, make us witness the launch of a perfume, their titanic battles to bring out the beauty, whether it is an ornament or a line of makeup.<\/p>\n<p>Jeanne Lanvin, Coco Chanel, Elsa Schiaparelli, Mme Gr\u00e8s, Nina Ricci, Carven, Donatella Versace, Sonia Rykiel, Laura Ashley, Chantal Thomass, Vivienne Westwood, Diane de F\u00fcrstenberg, Stella McCartney, Helena Rubinstein, Elizabeth Arden, Est\u00e9e Lauder, the Carita sisters, H\u00e9l\u00e8ne Rochas, Annick Goutal, Gloria Vanderbilt, Lolita Lempicka, Jeanne Toussaint, Paloma Picasso, Victoire de Castellane&#8230; each one has sublimated the woman in her own way. But do we know the other side of the coin, made up of personal sacrifices and humiliations?<\/p>\n<p>Through their destiny, Bertrand Meyer-Stabley, long-time journalist for Elle and author of numerous books on fashion, and Laurence Catinot-Crost, historian, take us to the heights of elegance.<\/p>\n","protected":false},"featured_media":61931,"template":"","meta":{"_acf_changed":false},"product_brand":[],"product_cat":[21562,22973,21727,21580,25037],"product_tag":[25485,25486,25145,22284],"class_list":{"0":"post-49437","1":"product","2":"type-product","3":"status-publish","4":"has-post-thumbnail","6":"product_cat-books","7":"product_cat-culture-and-technology","8":"product_cat-fashion-accessories-selection","9":"product_cat-fashion-designers-fashion-accessories","10":"product_cat-mode-et-art-en","11":"product_tag-bertrand-meyer-stabley-en","12":"product_tag-laurence-catinot-crost-en","13":"product_tag-livres-en","14":"product_tag-luxury-en","16":"first","17":"instock","18":"product-type-external"},"acf":[],"yoast_head":"<!-- This site is optimized with the Yoast SEO plugin v27.2 - https:\/\/yoast.com\/product\/yoast-seo-wordpress\/ -->\n<title>Cr\u00e9atrices de l\u00e9gende - De Jeanne Lanvin \u00e0 Stella McCartney - ICON-ICON<\/title>\n<meta name=\"robots\" content=\"index, follow, max-snippet:-1, max-image-preview:large, max-video-preview:-1\" \/>\n<link rel=\"canonical\" href=\"http:\/\/www.icon-icon.com\/en\/produit\/creatrices-de-legende-de-jeanne-lanvin-a-stella-mccartney\/\" \/>\n<meta property=\"og:locale\" content=\"en_US\" \/>\n<meta property=\"og:type\" content=\"article\" \/>\n<meta property=\"og:title\" content=\"Cr\u00e9atrices de l\u00e9gende - De Jeanne Lanvin \u00e0 Stella McCartney - ICON-ICON\" \/>\n<meta property=\"og:description\" content=\"Icon Icon Opinion :  Fashion and beauty through the eyes of those who make it - this book offers a fresh perspective on the fertile relationship of 20th century fashion with historical, political, cultural, social, economic and technical events.  Authors: Bertrand Meyer-Stabley, Laurence Catinot-Crost  Publishing House: Bartillat  Publication Date: November 2019  Description :\u00a0Twenty-five admirably determined women! They have dared, created, innovated and worked hard to impose themselves in the world of fashion and luxury. Dresses, cosmetics, perfumes, jewelry... They also stood up to men and nothing resisted them!  They made fun of taboos and conventions and their success story is a thrilling picture of more than a century of fashion business. They take us into the great mass of collections, make us witness the launch of a perfume, their titanic battles to bring out the beauty, whether it is an ornament or a line of makeup.  Jeanne Lanvin, Coco Chanel, Elsa Schiaparelli, Mme Gr\u00e8s, Nina Ricci, Carven, Donatella Versace, Sonia Rykiel, Laura Ashley, Chantal Thomass, Vivienne Westwood, Diane de F\u00fcrstenberg, Stella McCartney, Helena Rubinstein, Elizabeth Arden, Est\u00e9e Lauder, the Carita sisters, H\u00e9l\u00e8ne Rochas, Annick Goutal, Gloria Vanderbilt, Lolita Lempicka, Jeanne Toussaint, Paloma Picasso, Victoire de Castellane... each one has sublimated the woman in her own way. But do we know the other side of the coin, made up of personal sacrifices and humiliations?  Through their destiny, Bertrand Meyer-Stabley, long-time journalist for Elle and author of numerous books on fashion, and Laurence Catinot-Crost, historian, take us to the heights of elegance.\" \/>\n<meta property=\"og:url\" content=\"http:\/\/www.icon-icon.com\/en\/produit\/creatrices-de-legende-de-jeanne-lanvin-a-stella-mccartney\/\" \/>\n<meta property=\"og:site_name\" content=\"ICON-ICON\" \/>\n<meta property=\"article:modified_time\" content=\"2022-07-12T13:32:41+00:00\" \/>\n<meta property=\"og:image\" content=\"http:\/\/www.icon-icon.com\/wp-content\/uploads\/2021\/07\/Cre\u0301atrices-de-le\u0301gende-\u2013-De-Jeanne-Lanvin-a\u0300-Stella-McCartney.jpg\" \/>\n\t<meta property=\"og:image:width\" content=\"500\" \/>\n\t<meta property=\"og:image:height\" content=\"501\" \/>\n\t<meta property=\"og:image:type\" content=\"image\/jpeg\" \/>\n<meta name=\"twitter:card\" content=\"summary_large_image\" \/>\n<meta name=\"twitter:label1\" content=\"Est. reading time\" \/>\n\t<meta name=\"twitter:data1\" content=\"1 minute\" \/>\n<script type=\"application\/ld+json\" class=\"yoast-schema-graph\">{\"@context\":\"https:\/\/schema.org\",\"@graph\":[{\"@type\":\"WebPage\",\"@id\":\"http:\/\/www.icon-icon.com\/en\/produit\/creatrices-de-legende-de-jeanne-lanvin-a-stella-mccartney\/\",\"url\":\"http:\/\/www.icon-icon.com\/en\/produit\/creatrices-de-legende-de-jeanne-lanvin-a-stella-mccartney\/\",\"name\":\"Cr\u00e9atrices de l\u00e9gende - De Jeanne Lanvin \u00e0 Stella McCartney - ICON-ICON\",\"isPartOf\":{\"@id\":\"https:\/\/www.icon-icon.com\/#website\"},\"primaryImageOfPage\":{\"@id\":\"http:\/\/www.icon-icon.com\/en\/produit\/creatrices-de-legende-de-jeanne-lanvin-a-stella-mccartney\/#primaryimage\"},\"image\":{\"@id\":\"http:\/\/www.icon-icon.com\/en\/produit\/creatrices-de-legende-de-jeanne-lanvin-a-stella-mccartney\/#primaryimage\"},\"thumbnailUrl\":\"https:\/\/www.icon-icon.com\/wp-content\/uploads\/2021\/07\/Cre\u0301atrices-de-le\u0301gende-\u2013-De-Jeanne-Lanvin-a\u0300-Stella-McCartney.jpg\",\"datePublished\":\"2021-11-29T10:32:57+00:00\",\"dateModified\":\"2022-07-12T13:32:41+00:00\",\"breadcrumb\":{\"@id\":\"http:\/\/www.icon-icon.com\/en\/produit\/creatrices-de-legende-de-jeanne-lanvin-a-stella-mccartney\/#breadcrumb\"},\"inLanguage\":\"en-US\",\"potentialAction\":[{\"@type\":\"ReadAction\",\"target\":[\"http:\/\/www.icon-icon.com\/en\/produit\/creatrices-de-legende-de-jeanne-lanvin-a-stella-mccartney\/\"]}]},{\"@type\":\"ImageObject\",\"inLanguage\":\"en-US\",\"@id\":\"http:\/\/www.icon-icon.com\/en\/produit\/creatrices-de-legende-de-jeanne-lanvin-a-stella-mccartney\/#primaryimage\",\"url\":\"https:\/\/www.icon-icon.com\/wp-content\/uploads\/2021\/07\/Cre\u0301atrices-de-le\u0301gende-\u2013-De-Jeanne-Lanvin-a\u0300-Stella-McCartney.jpg\",\"contentUrl\":\"https:\/\/www.icon-icon.com\/wp-content\/uploads\/2021\/07\/Cre\u0301atrices-de-le\u0301gende-\u2013-De-Jeanne-Lanvin-a\u0300-Stella-McCartney.jpg\",\"width\":500,\"height\":501},{\"@type\":\"BreadcrumbList\",\"@id\":\"http:\/\/www.icon-icon.com\/en\/produit\/creatrices-de-legende-de-jeanne-lanvin-a-stella-mccartney\/#breadcrumb\",\"itemListElement\":[{\"@type\":\"ListItem\",\"position\":1,\"name\":\"Accueil\",\"item\":\"https:\/\/www.icon-icon.com\/en\/\"},{\"@type\":\"ListItem\",\"position\":2,\"name\":\"Shop\",\"item\":\"https:\/\/www.icon-icon.com\/en\/shop-2\/\"},{\"@type\":\"ListItem\",\"position\":3,\"name\":\"Cr\u00e9atrices de l\u00e9gende &#8211; De Jeanne Lanvin \u00e0 Stella McCartney\"}]},{\"@type\":\"WebSite\",\"@id\":\"https:\/\/www.icon-icon.com\/#website\",\"url\":\"https:\/\/www.icon-icon.com\/\",\"name\":\"ICON-ICON\",\"description\":\"Luxury Stories\",\"potentialAction\":[{\"@type\":\"SearchAction\",\"target\":{\"@type\":\"EntryPoint\",\"urlTemplate\":\"https:\/\/www.icon-icon.com\/?s={search_term_string}\"},\"query-input\":{\"@type\":\"PropertyValueSpecification\",\"valueRequired\":true,\"valueName\":\"search_term_string\"}}],\"inLanguage\":\"en-US\"}]}<\/script>\n<!-- \/ Yoast SEO plugin. -->","yoast_head_json":{"title":"Cr\u00e9atrices de l\u00e9gende - De Jeanne Lanvin \u00e0 Stella McCartney - ICON-ICON","robots":{"index":"index","follow":"follow","max-snippet":"max-snippet:-1","max-image-preview":"max-image-preview:large","max-video-preview":"max-video-preview:-1"},"canonical":"http:\/\/www.icon-icon.com\/en\/produit\/creatrices-de-legende-de-jeanne-lanvin-a-stella-mccartney\/","og_locale":"en_US","og_type":"article","og_title":"Cr\u00e9atrices de l\u00e9gende - De Jeanne Lanvin \u00e0 Stella McCartney - ICON-ICON","og_description":"Icon Icon Opinion :  Fashion and beauty through the eyes of those who make it - this book offers a fresh perspective on the fertile relationship of 20th century fashion with historical, political, cultural, social, economic and technical events.  Authors: Bertrand Meyer-Stabley, Laurence Catinot-Crost  Publishing House: Bartillat  Publication Date: November 2019  Description :\u00a0Twenty-five admirably determined women! They have dared, created, innovated and worked hard to impose themselves in the world of fashion and luxury. Dresses, cosmetics, perfumes, jewelry... They also stood up to men and nothing resisted them!  They made fun of taboos and conventions and their success story is a thrilling picture of more than a century of fashion business. They take us into the great mass of collections, make us witness the launch of a perfume, their titanic battles to bring out the beauty, whether it is an ornament or a line of makeup.  Jeanne Lanvin, Coco Chanel, Elsa Schiaparelli, Mme Gr\u00e8s, Nina Ricci, Carven, Donatella Versace, Sonia Rykiel, Laura Ashley, Chantal Thomass, Vivienne Westwood, Diane de F\u00fcrstenberg, Stella McCartney, Helena Rubinstein, Elizabeth Arden, Est\u00e9e Lauder, the Carita sisters, H\u00e9l\u00e8ne Rochas, Annick Goutal, Gloria Vanderbilt, Lolita Lempicka, Jeanne Toussaint, Paloma Picasso, Victoire de Castellane... each one has sublimated the woman in her own way. But do we know the other side of the coin, made up of personal sacrifices and humiliations?  Through their destiny, Bertrand Meyer-Stabley, long-time journalist for Elle and author of numerous books on fashion, and Laurence Catinot-Crost, historian, take us to the heights of elegance.","og_url":"http:\/\/www.icon-icon.com\/en\/produit\/creatrices-de-legende-de-jeanne-lanvin-a-stella-mccartney\/","og_site_name":"ICON-ICON","article_modified_time":"2022-07-12T13:32:41+00:00","og_image":[{"width":500,"height":501,"url":"http:\/\/www.icon-icon.com\/wp-content\/uploads\/2021\/07\/Cre\u0301atrices-de-le\u0301gende-\u2013-De-Jeanne-Lanvin-a\u0300-Stella-McCartney.jpg","type":"image\/jpeg"}],"twitter_card":"summary_large_image","twitter_misc":{"Est. reading time":"1 minute"},"schema":{"@context":"https:\/\/schema.org","@graph":[{"@type":"WebPage","@id":"http:\/\/www.icon-icon.com\/en\/produit\/creatrices-de-legende-de-jeanne-lanvin-a-stella-mccartney\/","url":"http:\/\/www.icon-icon.com\/en\/produit\/creatrices-de-legende-de-jeanne-lanvin-a-stella-mccartney\/","name":"Cr\u00e9atrices de l\u00e9gende - De Jeanne Lanvin \u00e0 Stella McCartney - ICON-ICON","isPartOf":{"@id":"https:\/\/www.icon-icon.com\/#website"},"primaryImageOfPage":{"@id":"http:\/\/www.icon-icon.com\/en\/produit\/creatrices-de-legende-de-jeanne-lanvin-a-stella-mccartney\/#primaryimage"},"image":{"@id":"http:\/\/www.icon-icon.com\/en\/produit\/creatrices-de-legende-de-jeanne-lanvin-a-stella-mccartney\/#primaryimage"},"thumbnailUrl":"https:\/\/www.icon-icon.com\/wp-content\/uploads\/2021\/07\/Cre\u0301atrices-de-le\u0301gende-\u2013-De-Jeanne-Lanvin-a\u0300-Stella-McCartney.jpg","datePublished":"2021-11-29T10:32:57+00:00","dateModified":"2022-07-12T13:32:41+00:00","breadcrumb":{"@id":"http:\/\/www.icon-icon.com\/en\/produit\/creatrices-de-legende-de-jeanne-lanvin-a-stella-mccartney\/#breadcrumb"},"inLanguage":"en-US","potentialAction":[{"@type":"ReadAction","target":["http:\/\/www.icon-icon.com\/en\/produit\/creatrices-de-legende-de-jeanne-lanvin-a-stella-mccartney\/"]}]},{"@type":"ImageObject","inLanguage":"en-US","@id":"http:\/\/www.icon-icon.com\/en\/produit\/creatrices-de-legende-de-jeanne-lanvin-a-stella-mccartney\/#primaryimage","url":"https:\/\/www.icon-icon.com\/wp-content\/uploads\/2021\/07\/Cre\u0301atrices-de-le\u0301gende-\u2013-De-Jeanne-Lanvin-a\u0300-Stella-McCartney.jpg","contentUrl":"https:\/\/www.icon-icon.com\/wp-content\/uploads\/2021\/07\/Cre\u0301atrices-de-le\u0301gende-\u2013-De-Jeanne-Lanvin-a\u0300-Stella-McCartney.jpg","width":500,"height":501},{"@type":"BreadcrumbList","@id":"http:\/\/www.icon-icon.com\/en\/produit\/creatrices-de-legende-de-jeanne-lanvin-a-stella-mccartney\/#breadcrumb","itemListElement":[{"@type":"ListItem","position":1,"name":"Accueil","item":"https:\/\/www.icon-icon.com\/en\/"},{"@type":"ListItem","position":2,"name":"Shop","item":"https:\/\/www.icon-icon.com\/en\/shop-2\/"},{"@type":"ListItem","position":3,"name":"Cr\u00e9atrices de l\u00e9gende &#8211; De Jeanne Lanvin \u00e0 Stella McCartney"}]},{"@type":"WebSite","@id":"https:\/\/www.icon-icon.com\/#website","url":"https:\/\/www.icon-icon.com\/","name":"ICON-ICON","description":"Luxury Stories","potentialAction":[{"@type":"SearchAction","target":{"@type":"EntryPoint","urlTemplate":"https:\/\/www.icon-icon.com\/?s={search_term_string}"},"query-input":{"@type":"PropertyValueSpecification","valueRequired":true,"valueName":"search_term_string"}}],"inLanguage":"en-US"}]}},"_links":{"self":[{"href":"https:\/\/www.icon-icon.com\/en\/wp-json\/wp\/v2\/product\/49437","targetHints":{"allow":["GET"]}}],"collection":[{"href":"https:\/\/www.icon-icon.com\/en\/wp-json\/wp\/v2\/product"}],"about":[{"href":"https:\/\/www.icon-icon.com\/en\/wp-json\/wp\/v2\/types\/product"}],"wp:featuredmedia":[{"embeddable":true,"href":"https:\/\/www.icon-icon.com\/en\/wp-json\/wp\/v2\/media\/61931"}],"wp:attachment":[{"href":"https:\/\/www.icon-icon.com\/en\/wp-json\/wp\/v2\/media?parent=49437"}],"wp:term":[{"taxonomy":"product_brand","embeddable":true,"href":"https:\/\/www.icon-icon.com\/en\/wp-json\/wp\/v2\/product_brand?post=49437"},{"taxonomy":"product_cat","embeddable":true,"href":"https:\/\/www.icon-icon.com\/en\/wp-json\/wp\/v2\/product_cat?post=49437"},{"taxonomy":"product_tag","embeddable":true,"href":"https:\/\/www.icon-icon.com\/en\/wp-json\/wp\/v2\/product_tag?post=49437"}],"curies":[{"name":"wp","href":"https:\/\/api.w.org\/{rel}","templated":true}]}}