


{"id":49419,"date":"2021-07-21T12:22:39","date_gmt":"2021-11-29T11:06:25","guid":{"rendered":"https:\/\/www.icon-icon.com\/?post_type=product&#038;p=49419"},"modified":"2022-07-12T17:24:20","modified_gmt":"2022-07-12T15:24:20","slug":"la-maison-worth-naissance-de-la-haute-couture-1958-1954","status":"publish","type":"product","link":"https:\/\/www.icon-icon.com\/en\/produit\/la-maison-worth-naissance-de-la-haute-couture-1958-1954\/","title":{"rendered":"La Maison Worth : Naissance de la haute couture, 1958-1954"},"content":{"rendered":"","protected":false},"excerpt":{"rendered":"<p><strong>Icon Icon Opinion :<\/strong><\/p>\n<p>He was the official supplier to Empress Eugenie, and thus the father of Haute Couture. The system as we know it today is intrinsically linked to the pioneering work of Charles Fr\u00e9d\u00e9rick Worth &#8211; a masterful and crucial work in the history of fashion and luxury to be discovered in this beautiful book!<\/p>\n<p><b>Authors<\/b>: Chantal Trubert-Tollu, Fran\u00e7oise T\u00e9tart-Vittu, Jean-Marie Martin-Hattemberg, Fabrice Olivieri<\/p>\n<p><b>Publishing House<\/b>: Biblioth\u00e8que Des Arts<\/p>\n<p><b>Publication <\/b><b>Date<\/b>: November 2017<\/p>\n<p><b>Description :<\/b><\/p>\n<p>This book traces the career of Charles Frederick Worth, a visionary man. This Englishman, who arrived in Paris at a young age, dared to launch himself into women&#8217;s fashion, and who today is universally recognized as the &#8220;father&#8221; of haute couture. He contributed to making Paris the world capital of fashion. His descendants did not deny his reputation, and this over nearly four generations! Thus Charles Frederick and his wife Marie, Gaston and Jean-Philippe their sons, Jacques and Jean-Charles the sons of Gaston, Maurice and Roger the sons of Jacques, always in pairs, have forged, thanks to strong creations, the success of the name and the durability of this great house, for almost a century. This magnificent book presents a family saga of fashion, perfume, architecture and history, both large and small, from a unique perspective, thanks to sources that have never been used before (family archives, personal objects, dresses and accessories, perfume bottles, etc.) as well as sources kept in the most prestigious museums around the world. This sumptuous work, with its often unpublished iconography, will satisfy even the most demanding fashion aficionados and is a wonderful source of inspiration.<\/p>\n","protected":false},"featured_media":61952,"template":"","meta":{"_acf_changed":false},"product_brand":[],"product_cat":[21562,22973,21727,21580,25037],"product_tag":[25512,25514,25513,25145,22284],"class_list":{"0":"post-49419","1":"product","2":"type-product","3":"status-publish","4":"has-post-thumbnail","6":"product_cat-books","7":"product_cat-culture-and-technology","8":"product_cat-fashion-accessories-selection","9":"product_cat-fashion-designers-fashion-accessories","10":"product_cat-mode-et-art-en","11":"product_tag-bibliotheque-des-arts-en","12":"product_tag-fabrice-olivieri-en","13":"product_tag-jean-marie-martin-hattemberg-en","14":"product_tag-livres-en","15":"product_tag-luxury-en","17":"first","18":"instock","19":"product-type-external"},"acf":[],"yoast_head":"<!-- This site is optimized with the Yoast SEO plugin v27.2 - https:\/\/yoast.com\/product\/yoast-seo-wordpress\/ -->\n<title>La Maison Worth : Naissance de la haute couture, 1958-1954 - ICON-ICON<\/title>\n<meta name=\"robots\" content=\"index, follow, max-snippet:-1, max-image-preview:large, max-video-preview:-1\" \/>\n<link rel=\"canonical\" href=\"http:\/\/www.icon-icon.com\/en\/produit\/la-maison-worth-naissance-de-la-haute-couture-1958-1954\/\" \/>\n<meta property=\"og:locale\" content=\"en_US\" \/>\n<meta property=\"og:type\" content=\"article\" \/>\n<meta property=\"og:title\" content=\"La Maison Worth : Naissance de la haute couture, 1958-1954 - ICON-ICON\" \/>\n<meta property=\"og:description\" content=\"Icon Icon Opinion :  He was the official supplier to Empress Eugenie, and thus the father of Haute Couture. The system as we know it today is intrinsically linked to the pioneering work of Charles Fr\u00e9d\u00e9rick Worth - a masterful and crucial work in the history of fashion and luxury to be discovered in this beautiful book!  Authors: Chantal Trubert-Tollu, Fran\u00e7oise T\u00e9tart-Vittu, Jean-Marie Martin-Hattemberg, Fabrice Olivieri  Publishing House: Biblioth\u00e8que Des Arts  Publication Date: November 2017  Description :  This book traces the career of Charles Frederick Worth, a visionary man. This Englishman, who arrived in Paris at a young age, dared to launch himself into women&#039;s fashion, and who today is universally recognized as the &quot;father&quot; of haute couture. He contributed to making Paris the world capital of fashion. His descendants did not deny his reputation, and this over nearly four generations! Thus Charles Frederick and his wife Marie, Gaston and Jean-Philippe their sons, Jacques and Jean-Charles the sons of Gaston, Maurice and Roger the sons of Jacques, always in pairs, have forged, thanks to strong creations, the success of the name and the durability of this great house, for almost a century. This magnificent book presents a family saga of fashion, perfume, architecture and history, both large and small, from a unique perspective, thanks to sources that have never been used before (family archives, personal objects, dresses and accessories, perfume bottles, etc.) as well as sources kept in the most prestigious museums around the world. This sumptuous work, with its often unpublished iconography, will satisfy even the most demanding fashion aficionados and is a wonderful source of inspiration.\" \/>\n<meta property=\"og:url\" content=\"http:\/\/www.icon-icon.com\/en\/produit\/la-maison-worth-naissance-de-la-haute-couture-1958-1954\/\" \/>\n<meta property=\"og:site_name\" content=\"ICON-ICON\" \/>\n<meta property=\"article:modified_time\" content=\"2022-07-12T15:24:20+00:00\" \/>\n<meta property=\"og:image\" content=\"http:\/\/www.icon-icon.com\/wp-content\/uploads\/2021\/07\/maison-worth.jpg\" \/>\n\t<meta property=\"og:image:width\" content=\"500\" \/>\n\t<meta property=\"og:image:height\" content=\"501\" \/>\n\t<meta property=\"og:image:type\" content=\"image\/jpeg\" \/>\n<meta name=\"twitter:card\" content=\"summary_large_image\" \/>\n<script type=\"application\/ld+json\" class=\"yoast-schema-graph\">{\"@context\":\"https:\/\/schema.org\",\"@graph\":[{\"@type\":\"WebPage\",\"@id\":\"http:\/\/www.icon-icon.com\/en\/produit\/la-maison-worth-naissance-de-la-haute-couture-1958-1954\/\",\"url\":\"http:\/\/www.icon-icon.com\/en\/produit\/la-maison-worth-naissance-de-la-haute-couture-1958-1954\/\",\"name\":\"La Maison Worth : Naissance de la haute couture, 1958-1954 - ICON-ICON\",\"isPartOf\":{\"@id\":\"https:\/\/www.icon-icon.com\/#website\"},\"primaryImageOfPage\":{\"@id\":\"http:\/\/www.icon-icon.com\/en\/produit\/la-maison-worth-naissance-de-la-haute-couture-1958-1954\/#primaryimage\"},\"image\":{\"@id\":\"http:\/\/www.icon-icon.com\/en\/produit\/la-maison-worth-naissance-de-la-haute-couture-1958-1954\/#primaryimage\"},\"thumbnailUrl\":\"https:\/\/www.icon-icon.com\/wp-content\/uploads\/2021\/07\/maison-worth.jpg\",\"datePublished\":\"2021-11-29T11:06:25+00:00\",\"dateModified\":\"2022-07-12T15:24:20+00:00\",\"breadcrumb\":{\"@id\":\"http:\/\/www.icon-icon.com\/en\/produit\/la-maison-worth-naissance-de-la-haute-couture-1958-1954\/#breadcrumb\"},\"inLanguage\":\"en-US\",\"potentialAction\":[{\"@type\":\"ReadAction\",\"target\":[\"http:\/\/www.icon-icon.com\/en\/produit\/la-maison-worth-naissance-de-la-haute-couture-1958-1954\/\"]}]},{\"@type\":\"ImageObject\",\"inLanguage\":\"en-US\",\"@id\":\"http:\/\/www.icon-icon.com\/en\/produit\/la-maison-worth-naissance-de-la-haute-couture-1958-1954\/#primaryimage\",\"url\":\"https:\/\/www.icon-icon.com\/wp-content\/uploads\/2021\/07\/maison-worth.jpg\",\"contentUrl\":\"https:\/\/www.icon-icon.com\/wp-content\/uploads\/2021\/07\/maison-worth.jpg\",\"width\":500,\"height\":501},{\"@type\":\"BreadcrumbList\",\"@id\":\"http:\/\/www.icon-icon.com\/en\/produit\/la-maison-worth-naissance-de-la-haute-couture-1958-1954\/#breadcrumb\",\"itemListElement\":[{\"@type\":\"ListItem\",\"position\":1,\"name\":\"Accueil\",\"item\":\"https:\/\/www.icon-icon.com\/en\/\"},{\"@type\":\"ListItem\",\"position\":2,\"name\":\"Shop\",\"item\":\"https:\/\/www.icon-icon.com\/en\/shop-2\/\"},{\"@type\":\"ListItem\",\"position\":3,\"name\":\"La Maison Worth : Naissance de la haute couture, 1958-1954\"}]},{\"@type\":\"WebSite\",\"@id\":\"https:\/\/www.icon-icon.com\/#website\",\"url\":\"https:\/\/www.icon-icon.com\/\",\"name\":\"ICON-ICON\",\"description\":\"Luxury Stories\",\"potentialAction\":[{\"@type\":\"SearchAction\",\"target\":{\"@type\":\"EntryPoint\",\"urlTemplate\":\"https:\/\/www.icon-icon.com\/?s={search_term_string}\"},\"query-input\":{\"@type\":\"PropertyValueSpecification\",\"valueRequired\":true,\"valueName\":\"search_term_string\"}}],\"inLanguage\":\"en-US\"}]}<\/script>\n<!-- \/ Yoast SEO plugin. -->","yoast_head_json":{"title":"La Maison Worth : Naissance de la haute couture, 1958-1954 - ICON-ICON","robots":{"index":"index","follow":"follow","max-snippet":"max-snippet:-1","max-image-preview":"max-image-preview:large","max-video-preview":"max-video-preview:-1"},"canonical":"http:\/\/www.icon-icon.com\/en\/produit\/la-maison-worth-naissance-de-la-haute-couture-1958-1954\/","og_locale":"en_US","og_type":"article","og_title":"La Maison Worth : Naissance de la haute couture, 1958-1954 - ICON-ICON","og_description":"Icon Icon Opinion :  He was the official supplier to Empress Eugenie, and thus the father of Haute Couture. The system as we know it today is intrinsically linked to the pioneering work of Charles Fr\u00e9d\u00e9rick Worth - a masterful and crucial work in the history of fashion and luxury to be discovered in this beautiful book!  Authors: Chantal Trubert-Tollu, Fran\u00e7oise T\u00e9tart-Vittu, Jean-Marie Martin-Hattemberg, Fabrice Olivieri  Publishing House: Biblioth\u00e8que Des Arts  Publication Date: November 2017  Description :  This book traces the career of Charles Frederick Worth, a visionary man. This Englishman, who arrived in Paris at a young age, dared to launch himself into women's fashion, and who today is universally recognized as the \"father\" of haute couture. He contributed to making Paris the world capital of fashion. His descendants did not deny his reputation, and this over nearly four generations! Thus Charles Frederick and his wife Marie, Gaston and Jean-Philippe their sons, Jacques and Jean-Charles the sons of Gaston, Maurice and Roger the sons of Jacques, always in pairs, have forged, thanks to strong creations, the success of the name and the durability of this great house, for almost a century. This magnificent book presents a family saga of fashion, perfume, architecture and history, both large and small, from a unique perspective, thanks to sources that have never been used before (family archives, personal objects, dresses and accessories, perfume bottles, etc.) as well as sources kept in the most prestigious museums around the world. This sumptuous work, with its often unpublished iconography, will satisfy even the most demanding fashion aficionados and is a wonderful source of inspiration.","og_url":"http:\/\/www.icon-icon.com\/en\/produit\/la-maison-worth-naissance-de-la-haute-couture-1958-1954\/","og_site_name":"ICON-ICON","article_modified_time":"2022-07-12T15:24:20+00:00","og_image":[{"width":500,"height":501,"url":"http:\/\/www.icon-icon.com\/wp-content\/uploads\/2021\/07\/maison-worth.jpg","type":"image\/jpeg"}],"twitter_card":"summary_large_image","schema":{"@context":"https:\/\/schema.org","@graph":[{"@type":"WebPage","@id":"http:\/\/www.icon-icon.com\/en\/produit\/la-maison-worth-naissance-de-la-haute-couture-1958-1954\/","url":"http:\/\/www.icon-icon.com\/en\/produit\/la-maison-worth-naissance-de-la-haute-couture-1958-1954\/","name":"La Maison Worth : Naissance de la haute couture, 1958-1954 - ICON-ICON","isPartOf":{"@id":"https:\/\/www.icon-icon.com\/#website"},"primaryImageOfPage":{"@id":"http:\/\/www.icon-icon.com\/en\/produit\/la-maison-worth-naissance-de-la-haute-couture-1958-1954\/#primaryimage"},"image":{"@id":"http:\/\/www.icon-icon.com\/en\/produit\/la-maison-worth-naissance-de-la-haute-couture-1958-1954\/#primaryimage"},"thumbnailUrl":"https:\/\/www.icon-icon.com\/wp-content\/uploads\/2021\/07\/maison-worth.jpg","datePublished":"2021-11-29T11:06:25+00:00","dateModified":"2022-07-12T15:24:20+00:00","breadcrumb":{"@id":"http:\/\/www.icon-icon.com\/en\/produit\/la-maison-worth-naissance-de-la-haute-couture-1958-1954\/#breadcrumb"},"inLanguage":"en-US","potentialAction":[{"@type":"ReadAction","target":["http:\/\/www.icon-icon.com\/en\/produit\/la-maison-worth-naissance-de-la-haute-couture-1958-1954\/"]}]},{"@type":"ImageObject","inLanguage":"en-US","@id":"http:\/\/www.icon-icon.com\/en\/produit\/la-maison-worth-naissance-de-la-haute-couture-1958-1954\/#primaryimage","url":"https:\/\/www.icon-icon.com\/wp-content\/uploads\/2021\/07\/maison-worth.jpg","contentUrl":"https:\/\/www.icon-icon.com\/wp-content\/uploads\/2021\/07\/maison-worth.jpg","width":500,"height":501},{"@type":"BreadcrumbList","@id":"http:\/\/www.icon-icon.com\/en\/produit\/la-maison-worth-naissance-de-la-haute-couture-1958-1954\/#breadcrumb","itemListElement":[{"@type":"ListItem","position":1,"name":"Accueil","item":"https:\/\/www.icon-icon.com\/en\/"},{"@type":"ListItem","position":2,"name":"Shop","item":"https:\/\/www.icon-icon.com\/en\/shop-2\/"},{"@type":"ListItem","position":3,"name":"La Maison Worth : Naissance de la haute couture, 1958-1954"}]},{"@type":"WebSite","@id":"https:\/\/www.icon-icon.com\/#website","url":"https:\/\/www.icon-icon.com\/","name":"ICON-ICON","description":"Luxury Stories","potentialAction":[{"@type":"SearchAction","target":{"@type":"EntryPoint","urlTemplate":"https:\/\/www.icon-icon.com\/?s={search_term_string}"},"query-input":{"@type":"PropertyValueSpecification","valueRequired":true,"valueName":"search_term_string"}}],"inLanguage":"en-US"}]}},"_links":{"self":[{"href":"https:\/\/www.icon-icon.com\/en\/wp-json\/wp\/v2\/product\/49419","targetHints":{"allow":["GET"]}}],"collection":[{"href":"https:\/\/www.icon-icon.com\/en\/wp-json\/wp\/v2\/product"}],"about":[{"href":"https:\/\/www.icon-icon.com\/en\/wp-json\/wp\/v2\/types\/product"}],"wp:featuredmedia":[{"embeddable":true,"href":"https:\/\/www.icon-icon.com\/en\/wp-json\/wp\/v2\/media\/61952"}],"wp:attachment":[{"href":"https:\/\/www.icon-icon.com\/en\/wp-json\/wp\/v2\/media?parent=49419"}],"wp:term":[{"taxonomy":"product_brand","embeddable":true,"href":"https:\/\/www.icon-icon.com\/en\/wp-json\/wp\/v2\/product_brand?post=49419"},{"taxonomy":"product_cat","embeddable":true,"href":"https:\/\/www.icon-icon.com\/en\/wp-json\/wp\/v2\/product_cat?post=49419"},{"taxonomy":"product_tag","embeddable":true,"href":"https:\/\/www.icon-icon.com\/en\/wp-json\/wp\/v2\/product_tag?post=49419"}],"curies":[{"name":"wp","href":"https:\/\/api.w.org\/{rel}","templated":true}]}}