


{"id":49397,"date":"2021-07-09T12:20:52","date_gmt":"2021-07-09T10:20:52","guid":{"rendered":"https:\/\/www.icon-icon.com\/?post_type=product&#038;p=49397"},"modified":"2021-11-25T15:15:49","modified_gmt":"2021-11-25T14:15:49","slug":"la-barriere-et-le-niveau-etude-sociologique-sur-la-bourgeoisie-francaise-moderne","status":"publish","type":"product","link":"https:\/\/www.icon-icon.com\/en\/produit\/la-barriere-et-le-niveau-etude-sociologique-sur-la-bourgeoisie-francaise-moderne\/","title":{"rendered":"La barri\u00e8re et le niveau &#8211; \u00c9tude sociologique sur la bourgeoisie fran\u00e7aise moderne"},"content":{"rendered":"","protected":false},"excerpt":{"rendered":"<p><b>Author: <\/b>\u00a0Edmond Goblot<\/p>\n<p><b>Publishing House: <\/b>PUF<\/p>\n<p><b>Publication Date<\/b>: February 20, 2010<\/p>\n<p class=\"p1\"><b>Description : <\/b>&#8220;Published in 1925, The Barrier and the Level is one of those major works that exerted a very powerful underground influence on the French sociology of education and culture in the 1960s and 1970s. Written by a philosopher of science, epistemologist and logician, Edmond Goblot (1858-1935), the book has almost never been cited by sociologists who have nevertheless appropriated its interpretative schemes, its language, and sometimes even its critical tone. It is only fair, therefore, to recall the debt owed to this luminous work.&#8221; (Extract from the preface by B. Lahire)<\/p>\n","protected":false},"featured_media":61586,"template":"","meta":{"_acf_changed":false},"product_brand":[],"product_cat":[21562,21593,21665],"product_tag":[25402,25145,22284,25403],"class_list":{"0":"post-49397","1":"product","2":"type-product","3":"status-publish","4":"has-post-thumbnail","6":"product_cat-books","7":"product_cat-fashion-and-philosophy-fashion-accessories","8":"product_cat-sociology-general-philosophy-selection","9":"product_tag-edmond-goblot","10":"product_tag-livres-en","11":"product_tag-luxury-en","12":"product_tag-puf","14":"first","15":"instock","16":"product-type-external"},"acf":[],"yoast_head":"<!-- This site is optimized with the Yoast SEO plugin v27.2 - https:\/\/yoast.com\/product\/yoast-seo-wordpress\/ -->\n<title>La barri\u00e8re et le niveau - \u00c9tude sociologique sur la bourgeoisie fran\u00e7aise moderne - ICON-ICON<\/title>\n<meta name=\"robots\" content=\"index, follow, max-snippet:-1, max-image-preview:large, max-video-preview:-1\" \/>\n<link rel=\"canonical\" href=\"https:\/\/www.icon-icon.com\/en\/produit\/la-barriere-et-le-niveau-etude-sociologique-sur-la-bourgeoisie-francaise-moderne\/\" \/>\n<meta property=\"og:locale\" content=\"en_US\" \/>\n<meta property=\"og:type\" content=\"article\" \/>\n<meta property=\"og:title\" content=\"La barri\u00e8re et le niveau - \u00c9tude sociologique sur la bourgeoisie fran\u00e7aise moderne - ICON-ICON\" \/>\n<meta property=\"og:description\" content=\"Author: \u00a0Edmond Goblot  Publishing House: PUF  Publication Date: February 20, 2010 Description : &quot;Published in 1925, The Barrier and the Level is one of those major works that exerted a very powerful underground influence on the French sociology of education and culture in the 1960s and 1970s. Written by a philosopher of science, epistemologist and logician, Edmond Goblot (1858-1935), the book has almost never been cited by sociologists who have nevertheless appropriated its interpretative schemes, its language, and sometimes even its critical tone. It is only fair, therefore, to recall the debt owed to this luminous work.&quot; (Extract from the preface by B. Lahire)\" \/>\n<meta property=\"og:url\" content=\"https:\/\/www.icon-icon.com\/en\/produit\/la-barriere-et-le-niveau-etude-sociologique-sur-la-bourgeoisie-francaise-moderne\/\" \/>\n<meta property=\"og:site_name\" content=\"ICON-ICON\" \/>\n<meta property=\"article:modified_time\" content=\"2021-11-25T14:15:49+00:00\" \/>\n<meta property=\"og:image\" content=\"https:\/\/www.icon-icon.com\/wp-content\/uploads\/2021\/07\/Edmond-Goblot.jpg\" \/>\n\t<meta property=\"og:image:width\" content=\"500\" \/>\n\t<meta property=\"og:image:height\" content=\"500\" \/>\n\t<meta property=\"og:image:type\" content=\"image\/jpeg\" \/>\n<meta name=\"twitter:card\" content=\"summary_large_image\" \/>\n<script type=\"application\/ld+json\" class=\"yoast-schema-graph\">{\"@context\":\"https:\/\/schema.org\",\"@graph\":[{\"@type\":\"WebPage\",\"@id\":\"https:\/\/www.icon-icon.com\/en\/produit\/la-barriere-et-le-niveau-etude-sociologique-sur-la-bourgeoisie-francaise-moderne\/\",\"url\":\"https:\/\/www.icon-icon.com\/en\/produit\/la-barriere-et-le-niveau-etude-sociologique-sur-la-bourgeoisie-francaise-moderne\/\",\"name\":\"La barri\u00e8re et le niveau - \u00c9tude sociologique sur la bourgeoisie fran\u00e7aise moderne - ICON-ICON\",\"isPartOf\":{\"@id\":\"https:\/\/www.icon-icon.com\/#website\"},\"primaryImageOfPage\":{\"@id\":\"https:\/\/www.icon-icon.com\/en\/produit\/la-barriere-et-le-niveau-etude-sociologique-sur-la-bourgeoisie-francaise-moderne\/#primaryimage\"},\"image\":{\"@id\":\"https:\/\/www.icon-icon.com\/en\/produit\/la-barriere-et-le-niveau-etude-sociologique-sur-la-bourgeoisie-francaise-moderne\/#primaryimage\"},\"thumbnailUrl\":\"https:\/\/www.icon-icon.com\/wp-content\/uploads\/2021\/07\/Edmond-Goblot.jpg\",\"datePublished\":\"2021-07-09T10:20:52+00:00\",\"dateModified\":\"2021-11-25T14:15:49+00:00\",\"breadcrumb\":{\"@id\":\"https:\/\/www.icon-icon.com\/en\/produit\/la-barriere-et-le-niveau-etude-sociologique-sur-la-bourgeoisie-francaise-moderne\/#breadcrumb\"},\"inLanguage\":\"en-US\",\"potentialAction\":[{\"@type\":\"ReadAction\",\"target\":[\"https:\/\/www.icon-icon.com\/en\/produit\/la-barriere-et-le-niveau-etude-sociologique-sur-la-bourgeoisie-francaise-moderne\/\"]}]},{\"@type\":\"ImageObject\",\"inLanguage\":\"en-US\",\"@id\":\"https:\/\/www.icon-icon.com\/en\/produit\/la-barriere-et-le-niveau-etude-sociologique-sur-la-bourgeoisie-francaise-moderne\/#primaryimage\",\"url\":\"https:\/\/www.icon-icon.com\/wp-content\/uploads\/2021\/07\/Edmond-Goblot.jpg\",\"contentUrl\":\"https:\/\/www.icon-icon.com\/wp-content\/uploads\/2021\/07\/Edmond-Goblot.jpg\",\"width\":500,\"height\":500},{\"@type\":\"BreadcrumbList\",\"@id\":\"https:\/\/www.icon-icon.com\/en\/produit\/la-barriere-et-le-niveau-etude-sociologique-sur-la-bourgeoisie-francaise-moderne\/#breadcrumb\",\"itemListElement\":[{\"@type\":\"ListItem\",\"position\":1,\"name\":\"Accueil\",\"item\":\"https:\/\/www.icon-icon.com\/en\/\"},{\"@type\":\"ListItem\",\"position\":2,\"name\":\"Shop\",\"item\":\"https:\/\/www.icon-icon.com\/en\/shop-2\/\"},{\"@type\":\"ListItem\",\"position\":3,\"name\":\"La barri\u00e8re et le niveau &#8211; \u00c9tude sociologique sur la bourgeoisie fran\u00e7aise moderne\"}]},{\"@type\":\"WebSite\",\"@id\":\"https:\/\/www.icon-icon.com\/#website\",\"url\":\"https:\/\/www.icon-icon.com\/\",\"name\":\"ICON-ICON\",\"description\":\"Luxury Stories\",\"potentialAction\":[{\"@type\":\"SearchAction\",\"target\":{\"@type\":\"EntryPoint\",\"urlTemplate\":\"https:\/\/www.icon-icon.com\/?s={search_term_string}\"},\"query-input\":{\"@type\":\"PropertyValueSpecification\",\"valueRequired\":true,\"valueName\":\"search_term_string\"}}],\"inLanguage\":\"en-US\"}]}<\/script>\n<!-- \/ Yoast SEO plugin. -->","yoast_head_json":{"title":"La barri\u00e8re et le niveau - \u00c9tude sociologique sur la bourgeoisie fran\u00e7aise moderne - ICON-ICON","robots":{"index":"index","follow":"follow","max-snippet":"max-snippet:-1","max-image-preview":"max-image-preview:large","max-video-preview":"max-video-preview:-1"},"canonical":"https:\/\/www.icon-icon.com\/en\/produit\/la-barriere-et-le-niveau-etude-sociologique-sur-la-bourgeoisie-francaise-moderne\/","og_locale":"en_US","og_type":"article","og_title":"La barri\u00e8re et le niveau - \u00c9tude sociologique sur la bourgeoisie fran\u00e7aise moderne - ICON-ICON","og_description":"Author: \u00a0Edmond Goblot  Publishing House: PUF  Publication Date: February 20, 2010 Description : \"Published in 1925, The Barrier and the Level is one of those major works that exerted a very powerful underground influence on the French sociology of education and culture in the 1960s and 1970s. Written by a philosopher of science, epistemologist and logician, Edmond Goblot (1858-1935), the book has almost never been cited by sociologists who have nevertheless appropriated its interpretative schemes, its language, and sometimes even its critical tone. It is only fair, therefore, to recall the debt owed to this luminous work.\" (Extract from the preface by B. Lahire)","og_url":"https:\/\/www.icon-icon.com\/en\/produit\/la-barriere-et-le-niveau-etude-sociologique-sur-la-bourgeoisie-francaise-moderne\/","og_site_name":"ICON-ICON","article_modified_time":"2021-11-25T14:15:49+00:00","og_image":[{"width":500,"height":500,"url":"https:\/\/www.icon-icon.com\/wp-content\/uploads\/2021\/07\/Edmond-Goblot.jpg","type":"image\/jpeg"}],"twitter_card":"summary_large_image","schema":{"@context":"https:\/\/schema.org","@graph":[{"@type":"WebPage","@id":"https:\/\/www.icon-icon.com\/en\/produit\/la-barriere-et-le-niveau-etude-sociologique-sur-la-bourgeoisie-francaise-moderne\/","url":"https:\/\/www.icon-icon.com\/en\/produit\/la-barriere-et-le-niveau-etude-sociologique-sur-la-bourgeoisie-francaise-moderne\/","name":"La barri\u00e8re et le niveau - \u00c9tude sociologique sur la bourgeoisie fran\u00e7aise moderne - ICON-ICON","isPartOf":{"@id":"https:\/\/www.icon-icon.com\/#website"},"primaryImageOfPage":{"@id":"https:\/\/www.icon-icon.com\/en\/produit\/la-barriere-et-le-niveau-etude-sociologique-sur-la-bourgeoisie-francaise-moderne\/#primaryimage"},"image":{"@id":"https:\/\/www.icon-icon.com\/en\/produit\/la-barriere-et-le-niveau-etude-sociologique-sur-la-bourgeoisie-francaise-moderne\/#primaryimage"},"thumbnailUrl":"https:\/\/www.icon-icon.com\/wp-content\/uploads\/2021\/07\/Edmond-Goblot.jpg","datePublished":"2021-07-09T10:20:52+00:00","dateModified":"2021-11-25T14:15:49+00:00","breadcrumb":{"@id":"https:\/\/www.icon-icon.com\/en\/produit\/la-barriere-et-le-niveau-etude-sociologique-sur-la-bourgeoisie-francaise-moderne\/#breadcrumb"},"inLanguage":"en-US","potentialAction":[{"@type":"ReadAction","target":["https:\/\/www.icon-icon.com\/en\/produit\/la-barriere-et-le-niveau-etude-sociologique-sur-la-bourgeoisie-francaise-moderne\/"]}]},{"@type":"ImageObject","inLanguage":"en-US","@id":"https:\/\/www.icon-icon.com\/en\/produit\/la-barriere-et-le-niveau-etude-sociologique-sur-la-bourgeoisie-francaise-moderne\/#primaryimage","url":"https:\/\/www.icon-icon.com\/wp-content\/uploads\/2021\/07\/Edmond-Goblot.jpg","contentUrl":"https:\/\/www.icon-icon.com\/wp-content\/uploads\/2021\/07\/Edmond-Goblot.jpg","width":500,"height":500},{"@type":"BreadcrumbList","@id":"https:\/\/www.icon-icon.com\/en\/produit\/la-barriere-et-le-niveau-etude-sociologique-sur-la-bourgeoisie-francaise-moderne\/#breadcrumb","itemListElement":[{"@type":"ListItem","position":1,"name":"Accueil","item":"https:\/\/www.icon-icon.com\/en\/"},{"@type":"ListItem","position":2,"name":"Shop","item":"https:\/\/www.icon-icon.com\/en\/shop-2\/"},{"@type":"ListItem","position":3,"name":"La barri\u00e8re et le niveau &#8211; \u00c9tude sociologique sur la bourgeoisie fran\u00e7aise moderne"}]},{"@type":"WebSite","@id":"https:\/\/www.icon-icon.com\/#website","url":"https:\/\/www.icon-icon.com\/","name":"ICON-ICON","description":"Luxury Stories","potentialAction":[{"@type":"SearchAction","target":{"@type":"EntryPoint","urlTemplate":"https:\/\/www.icon-icon.com\/?s={search_term_string}"},"query-input":{"@type":"PropertyValueSpecification","valueRequired":true,"valueName":"search_term_string"}}],"inLanguage":"en-US"}]}},"_links":{"self":[{"href":"https:\/\/www.icon-icon.com\/en\/wp-json\/wp\/v2\/product\/49397","targetHints":{"allow":["GET"]}}],"collection":[{"href":"https:\/\/www.icon-icon.com\/en\/wp-json\/wp\/v2\/product"}],"about":[{"href":"https:\/\/www.icon-icon.com\/en\/wp-json\/wp\/v2\/types\/product"}],"wp:featuredmedia":[{"embeddable":true,"href":"https:\/\/www.icon-icon.com\/en\/wp-json\/wp\/v2\/media\/61586"}],"wp:attachment":[{"href":"https:\/\/www.icon-icon.com\/en\/wp-json\/wp\/v2\/media?parent=49397"}],"wp:term":[{"taxonomy":"product_brand","embeddable":true,"href":"https:\/\/www.icon-icon.com\/en\/wp-json\/wp\/v2\/product_brand?post=49397"},{"taxonomy":"product_cat","embeddable":true,"href":"https:\/\/www.icon-icon.com\/en\/wp-json\/wp\/v2\/product_cat?post=49397"},{"taxonomy":"product_tag","embeddable":true,"href":"https:\/\/www.icon-icon.com\/en\/wp-json\/wp\/v2\/product_tag?post=49397"}],"curies":[{"name":"wp","href":"https:\/\/api.w.org\/{rel}","templated":true}]}}