


{"id":49333,"date":"2021-11-29T11:44:53","date_gmt":"2021-11-29T10:44:53","guid":{"rendered":"https:\/\/www.icon-icon.com\/?post_type=product&#038;p=49333"},"modified":"2022-07-12T17:10:47","modified_gmt":"2022-07-12T15:10:47","slug":"gucci-the-making-of","status":"publish","type":"product","link":"https:\/\/www.icon-icon.com\/en\/produit\/gucci-the-making-of\/","title":{"rendered":"GUCCI: The Making Of"},"content":{"rendered":"","protected":false},"excerpt":{"rendered":"<p><strong>Icon Icon Opinion :<\/strong><\/p>\n<p>L\u2019histoire compl\u00e8te de la famille et de la maison Gucci, certes\u2026 Mais l\u2019histoire surtout de la super maison Gucci au prisme de tous les ingr\u00e9dients de ce succ\u00e8s ph\u00e9nom\u00e9nal \u2014 ce beau livre stimule tout \u00e0 la fois l\u2019intellect et la fantaisie !<\/p>\n<p><b>Authors: <\/b>Katie Grand, Peter Arnell, Rula Jebreal, Christopher Breward, Frida Giannini<\/p>\n<p><b>Publishing House: <\/b>Rizzoli International Publishing<\/p>\n<p><b>Publication date<\/b>: November 2011<\/p>\n<p class=\"p1\"><b>Description : <\/b>An unprecedented publication showcasing Gucci as never before, including thought-provoking essays, commentaries, and authoritative anecdotes along with previously unpublished contemporary and archival photographs. Published in conjunction with the opening of the new Gucci Museum in Florence, Gucci is the ultimate celebration of the world-renowned fashion house. Told through a loose grouping of words, concepts, shapes, and moods, the book tells its story through new conceptual forms and the free links between images, symbols, and objects. Edited by Gucci Creative Director Frida Giannini, with essays and inserts by contributors including Katie Grand, Peter Arnell, Rula Jebreal, Christopher Breward and Stefano Micelli, <i>Gucci: The Making Of<\/i> is a dynamic record of a much-coveted brand that will be a must this season for anyone with a love of fashion and an interest in contemporary culture. This comprehensive volume showcases the genius of the fashion house through an exclusive lens with inside looks into the inspirations behind the design.<\/p>\n<p>This gorgeous book designed by Arnell offers an in-depth look into Gucci\u2019s origins, identity, influence, and innovation, including fabrication methods and appropriation of signature materials, past and present, and its influence among high society and Hollywood. The book is a heartfelt and personalized tribute to the heritage and influence of this iconic, multifaceted brand.<\/p>\n","protected":false},"featured_media":61941,"template":"","meta":{"_acf_changed":false},"product_brand":[],"product_cat":[21562,21580],"product_tag":[25498,25499,25145,22284,25497],"class_list":{"0":"post-49333","1":"product","2":"type-product","3":"status-publish","4":"has-post-thumbnail","6":"product_cat-books","7":"product_cat-fashion-designers-fashion-accessories","8":"product_tag-christopher-breward","9":"product_tag-frida-giannini","10":"product_tag-livres-en","11":"product_tag-luxury-en","12":"product_tag-rizzoli-international-publishing","14":"first","15":"instock","16":"product-type-external"},"acf":[],"yoast_head":"<!-- This site is optimized with the Yoast SEO plugin v27.2 - https:\/\/yoast.com\/product\/yoast-seo-wordpress\/ -->\n<title>GUCCI: The Making Of - ICON-ICON<\/title>\n<meta name=\"robots\" content=\"index, follow, max-snippet:-1, max-image-preview:large, max-video-preview:-1\" \/>\n<link rel=\"canonical\" href=\"https:\/\/www.icon-icon.com\/en\/produit\/gucci-the-making-of\/\" \/>\n<meta property=\"og:locale\" content=\"en_US\" \/>\n<meta property=\"og:type\" content=\"article\" \/>\n<meta property=\"og:title\" content=\"GUCCI: The Making Of - ICON-ICON\" \/>\n<meta property=\"og:description\" content=\"Icon Icon Opinion :  L\u2019histoire compl\u00e8te de la famille et de la maison Gucci, certes\u2026 Mais l\u2019histoire surtout de la super maison Gucci au prisme de tous les ingr\u00e9dients de ce succ\u00e8s ph\u00e9nom\u00e9nal \u2014 ce beau livre stimule tout \u00e0 la fois l\u2019intellect et la fantaisie !  Authors: Katie Grand, Peter Arnell, Rula Jebreal, Christopher Breward, Frida Giannini  Publishing House: Rizzoli International Publishing  Publication date: November 2011 Description : An unprecedented publication showcasing Gucci as never before, including thought-provoking essays, commentaries, and authoritative anecdotes along with previously unpublished contemporary and archival photographs. Published in conjunction with the opening of the new Gucci Museum in Florence, Gucci is the ultimate celebration of the world-renowned fashion house. Told through a loose grouping of words, concepts, shapes, and moods, the book tells its story through new conceptual forms and the free links between images, symbols, and objects. Edited by Gucci Creative Director Frida Giannini, with essays and inserts by contributors including Katie Grand, Peter Arnell, Rula Jebreal, Christopher Breward and Stefano Micelli, Gucci: The Making Of is a dynamic record of a much-coveted brand that will be a must this season for anyone with a love of fashion and an interest in contemporary culture. This comprehensive volume showcases the genius of the fashion house through an exclusive lens with inside looks into the inspirations behind the design. This gorgeous book designed by Arnell offers an in-depth look into Gucci\u2019s origins, identity, influence, and innovation, including fabrication methods and appropriation of signature materials, past and present, and its influence among high society and Hollywood. The book is a heartfelt and personalized tribute to the heritage and influence of this iconic, multifaceted brand.\" \/>\n<meta property=\"og:url\" content=\"https:\/\/www.icon-icon.com\/en\/produit\/gucci-the-making-of\/\" \/>\n<meta property=\"og:site_name\" content=\"ICON-ICON\" \/>\n<meta property=\"article:modified_time\" content=\"2022-07-12T15:10:47+00:00\" \/>\n<meta property=\"og:image\" content=\"https:\/\/www.icon-icon.com\/wp-content\/uploads\/2021\/07\/GUCCI-The-Making-Of.jpg1_.jpg\" \/>\n\t<meta property=\"og:image:width\" content=\"500\" \/>\n\t<meta property=\"og:image:height\" content=\"500\" \/>\n\t<meta property=\"og:image:type\" content=\"image\/jpeg\" \/>\n<meta name=\"twitter:card\" content=\"summary_large_image\" \/>\n<script type=\"application\/ld+json\" class=\"yoast-schema-graph\">{\"@context\":\"https:\/\/schema.org\",\"@graph\":[{\"@type\":\"WebPage\",\"@id\":\"https:\/\/www.icon-icon.com\/en\/produit\/gucci-the-making-of\/\",\"url\":\"https:\/\/www.icon-icon.com\/en\/produit\/gucci-the-making-of\/\",\"name\":\"GUCCI: The Making Of - ICON-ICON\",\"isPartOf\":{\"@id\":\"https:\/\/www.icon-icon.com\/#website\"},\"primaryImageOfPage\":{\"@id\":\"https:\/\/www.icon-icon.com\/en\/produit\/gucci-the-making-of\/#primaryimage\"},\"image\":{\"@id\":\"https:\/\/www.icon-icon.com\/en\/produit\/gucci-the-making-of\/#primaryimage\"},\"thumbnailUrl\":\"https:\/\/www.icon-icon.com\/wp-content\/uploads\/2021\/07\/GUCCI-The-Making-Of.jpg1_.jpg\",\"datePublished\":\"2021-11-29T10:44:53+00:00\",\"dateModified\":\"2022-07-12T15:10:47+00:00\",\"breadcrumb\":{\"@id\":\"https:\/\/www.icon-icon.com\/en\/produit\/gucci-the-making-of\/#breadcrumb\"},\"inLanguage\":\"en-US\",\"potentialAction\":[{\"@type\":\"ReadAction\",\"target\":[\"https:\/\/www.icon-icon.com\/en\/produit\/gucci-the-making-of\/\"]}]},{\"@type\":\"ImageObject\",\"inLanguage\":\"en-US\",\"@id\":\"https:\/\/www.icon-icon.com\/en\/produit\/gucci-the-making-of\/#primaryimage\",\"url\":\"https:\/\/www.icon-icon.com\/wp-content\/uploads\/2021\/07\/GUCCI-The-Making-Of.jpg1_.jpg\",\"contentUrl\":\"https:\/\/www.icon-icon.com\/wp-content\/uploads\/2021\/07\/GUCCI-The-Making-Of.jpg1_.jpg\",\"width\":500,\"height\":500},{\"@type\":\"BreadcrumbList\",\"@id\":\"https:\/\/www.icon-icon.com\/en\/produit\/gucci-the-making-of\/#breadcrumb\",\"itemListElement\":[{\"@type\":\"ListItem\",\"position\":1,\"name\":\"Accueil\",\"item\":\"https:\/\/www.icon-icon.com\/en\/\"},{\"@type\":\"ListItem\",\"position\":2,\"name\":\"Shop\",\"item\":\"https:\/\/www.icon-icon.com\/en\/shop-2\/\"},{\"@type\":\"ListItem\",\"position\":3,\"name\":\"GUCCI: The Making Of\"}]},{\"@type\":\"WebSite\",\"@id\":\"https:\/\/www.icon-icon.com\/#website\",\"url\":\"https:\/\/www.icon-icon.com\/\",\"name\":\"ICON-ICON\",\"description\":\"Luxury Stories\",\"potentialAction\":[{\"@type\":\"SearchAction\",\"target\":{\"@type\":\"EntryPoint\",\"urlTemplate\":\"https:\/\/www.icon-icon.com\/?s={search_term_string}\"},\"query-input\":{\"@type\":\"PropertyValueSpecification\",\"valueRequired\":true,\"valueName\":\"search_term_string\"}}],\"inLanguage\":\"en-US\"}]}<\/script>\n<!-- \/ Yoast SEO plugin. -->","yoast_head_json":{"title":"GUCCI: The Making Of - ICON-ICON","robots":{"index":"index","follow":"follow","max-snippet":"max-snippet:-1","max-image-preview":"max-image-preview:large","max-video-preview":"max-video-preview:-1"},"canonical":"https:\/\/www.icon-icon.com\/en\/produit\/gucci-the-making-of\/","og_locale":"en_US","og_type":"article","og_title":"GUCCI: The Making Of - ICON-ICON","og_description":"Icon Icon Opinion :  L\u2019histoire compl\u00e8te de la famille et de la maison Gucci, certes\u2026 Mais l\u2019histoire surtout de la super maison Gucci au prisme de tous les ingr\u00e9dients de ce succ\u00e8s ph\u00e9nom\u00e9nal \u2014 ce beau livre stimule tout \u00e0 la fois l\u2019intellect et la fantaisie !  Authors: Katie Grand, Peter Arnell, Rula Jebreal, Christopher Breward, Frida Giannini  Publishing House: Rizzoli International Publishing  Publication date: November 2011 Description : An unprecedented publication showcasing Gucci as never before, including thought-provoking essays, commentaries, and authoritative anecdotes along with previously unpublished contemporary and archival photographs. Published in conjunction with the opening of the new Gucci Museum in Florence, Gucci is the ultimate celebration of the world-renowned fashion house. Told through a loose grouping of words, concepts, shapes, and moods, the book tells its story through new conceptual forms and the free links between images, symbols, and objects. Edited by Gucci Creative Director Frida Giannini, with essays and inserts by contributors including Katie Grand, Peter Arnell, Rula Jebreal, Christopher Breward and Stefano Micelli, Gucci: The Making Of is a dynamic record of a much-coveted brand that will be a must this season for anyone with a love of fashion and an interest in contemporary culture. This comprehensive volume showcases the genius of the fashion house through an exclusive lens with inside looks into the inspirations behind the design. This gorgeous book designed by Arnell offers an in-depth look into Gucci\u2019s origins, identity, influence, and innovation, including fabrication methods and appropriation of signature materials, past and present, and its influence among high society and Hollywood. The book is a heartfelt and personalized tribute to the heritage and influence of this iconic, multifaceted brand.","og_url":"https:\/\/www.icon-icon.com\/en\/produit\/gucci-the-making-of\/","og_site_name":"ICON-ICON","article_modified_time":"2022-07-12T15:10:47+00:00","og_image":[{"width":500,"height":500,"url":"https:\/\/www.icon-icon.com\/wp-content\/uploads\/2021\/07\/GUCCI-The-Making-Of.jpg1_.jpg","type":"image\/jpeg"}],"twitter_card":"summary_large_image","schema":{"@context":"https:\/\/schema.org","@graph":[{"@type":"WebPage","@id":"https:\/\/www.icon-icon.com\/en\/produit\/gucci-the-making-of\/","url":"https:\/\/www.icon-icon.com\/en\/produit\/gucci-the-making-of\/","name":"GUCCI: The Making Of - ICON-ICON","isPartOf":{"@id":"https:\/\/www.icon-icon.com\/#website"},"primaryImageOfPage":{"@id":"https:\/\/www.icon-icon.com\/en\/produit\/gucci-the-making-of\/#primaryimage"},"image":{"@id":"https:\/\/www.icon-icon.com\/en\/produit\/gucci-the-making-of\/#primaryimage"},"thumbnailUrl":"https:\/\/www.icon-icon.com\/wp-content\/uploads\/2021\/07\/GUCCI-The-Making-Of.jpg1_.jpg","datePublished":"2021-11-29T10:44:53+00:00","dateModified":"2022-07-12T15:10:47+00:00","breadcrumb":{"@id":"https:\/\/www.icon-icon.com\/en\/produit\/gucci-the-making-of\/#breadcrumb"},"inLanguage":"en-US","potentialAction":[{"@type":"ReadAction","target":["https:\/\/www.icon-icon.com\/en\/produit\/gucci-the-making-of\/"]}]},{"@type":"ImageObject","inLanguage":"en-US","@id":"https:\/\/www.icon-icon.com\/en\/produit\/gucci-the-making-of\/#primaryimage","url":"https:\/\/www.icon-icon.com\/wp-content\/uploads\/2021\/07\/GUCCI-The-Making-Of.jpg1_.jpg","contentUrl":"https:\/\/www.icon-icon.com\/wp-content\/uploads\/2021\/07\/GUCCI-The-Making-Of.jpg1_.jpg","width":500,"height":500},{"@type":"BreadcrumbList","@id":"https:\/\/www.icon-icon.com\/en\/produit\/gucci-the-making-of\/#breadcrumb","itemListElement":[{"@type":"ListItem","position":1,"name":"Accueil","item":"https:\/\/www.icon-icon.com\/en\/"},{"@type":"ListItem","position":2,"name":"Shop","item":"https:\/\/www.icon-icon.com\/en\/shop-2\/"},{"@type":"ListItem","position":3,"name":"GUCCI: The Making Of"}]},{"@type":"WebSite","@id":"https:\/\/www.icon-icon.com\/#website","url":"https:\/\/www.icon-icon.com\/","name":"ICON-ICON","description":"Luxury Stories","potentialAction":[{"@type":"SearchAction","target":{"@type":"EntryPoint","urlTemplate":"https:\/\/www.icon-icon.com\/?s={search_term_string}"},"query-input":{"@type":"PropertyValueSpecification","valueRequired":true,"valueName":"search_term_string"}}],"inLanguage":"en-US"}]}},"_links":{"self":[{"href":"https:\/\/www.icon-icon.com\/en\/wp-json\/wp\/v2\/product\/49333","targetHints":{"allow":["GET"]}}],"collection":[{"href":"https:\/\/www.icon-icon.com\/en\/wp-json\/wp\/v2\/product"}],"about":[{"href":"https:\/\/www.icon-icon.com\/en\/wp-json\/wp\/v2\/types\/product"}],"wp:featuredmedia":[{"embeddable":true,"href":"https:\/\/www.icon-icon.com\/en\/wp-json\/wp\/v2\/media\/61941"}],"wp:attachment":[{"href":"https:\/\/www.icon-icon.com\/en\/wp-json\/wp\/v2\/media?parent=49333"}],"wp:term":[{"taxonomy":"product_brand","embeddable":true,"href":"https:\/\/www.icon-icon.com\/en\/wp-json\/wp\/v2\/product_brand?post=49333"},{"taxonomy":"product_cat","embeddable":true,"href":"https:\/\/www.icon-icon.com\/en\/wp-json\/wp\/v2\/product_cat?post=49333"},{"taxonomy":"product_tag","embeddable":true,"href":"https:\/\/www.icon-icon.com\/en\/wp-json\/wp\/v2\/product_tag?post=49333"}],"curies":[{"name":"wp","href":"https:\/\/api.w.org\/{rel}","templated":true}]}}