


{"id":49192,"date":"2021-07-08T12:33:41","date_gmt":"2021-07-08T10:36:26","guid":{"rendered":"https:\/\/www.icon-icon.com\/?post_type=product&#038;p=49192"},"modified":"2021-11-23T13:51:46","modified_gmt":"2021-11-23T12:51:46","slug":"cartier-panthere","status":"publish","type":"product","link":"https:\/\/www.icon-icon.com\/en\/produit\/cartier-panthere\/","title":{"rendered":"Cartier Panth\u00e8re"},"content":{"rendered":"","protected":false},"excerpt":{"rendered":"<p><b>Authors<\/b><b>: <\/b>B\u00e9r\u00e9nice Geoffroy-Schneiter, Vivienne Becker, Joanna Hardy, Andr\u00e9 Leon Talley<\/p>\n<p><b>Publishing House: <\/b>Assouline<\/p>\n<p><b>Publication Date: <\/b>July 2015<\/p>\n<p><b>Description :\u00a0<\/b>Silently stalking its way through Cartier iconography for a century, the panther is the proud leader of the pack of precious animals that make up the famous Cartier menagerie. No other creature or jewel is quite so indissolubly and emotively connected to outstanding 20th-century women of style, to ideals of modern femininity, and has become Cartier\u2019s most iconic motif for a century. A symbol of power, seduction, and triumph since ancient times, the image of the panther never fails to arouse fantasies and dreams.<\/p>\n<p>Featuring texts by art historian B\u00e9r\u00e9nice Geoffroy-Schneiter, jewelry historian Vivienne Becker, jewelry expert Joanna Hardy, and fashion editor Andr\u00e9 Leon Talley,\u00a0Cartier Panth\u00e8re\u00a0chronicles the panther in art history, the evolution of Cartier panther jewels, the techniques involved in creating a Cartier panther jewel, the influence of the panther in fashion, design, and popular culture, and includes a chronology of 100 years of Cartier panther jewels.<\/p>\n","protected":false},"featured_media":61181,"template":"","meta":{"_acf_changed":false},"product_brand":[],"product_cat":[21562,22973,21589,24887],"product_tag":[],"class_list":{"0":"post-49192","1":"product","2":"type-product","3":"status-publish","4":"has-post-thumbnail","6":"product_cat-books","7":"product_cat-culture-and-technology","8":"product_cat-iconic-products-selection","9":"product_cat-luxury-and-lifestyle","11":"first","12":"instock","13":"product-type-external"},"acf":[],"yoast_head":"<!-- This site is optimized with the Yoast SEO plugin v27.2 - https:\/\/yoast.com\/product\/yoast-seo-wordpress\/ -->\n<title>Cartier Panth\u00e8re - ICON-ICON<\/title>\n<meta name=\"robots\" content=\"index, follow, max-snippet:-1, max-image-preview:large, max-video-preview:-1\" \/>\n<link rel=\"canonical\" href=\"https:\/\/www.icon-icon.com\/en\/produit\/cartier-panthere\/\" \/>\n<meta property=\"og:locale\" content=\"en_US\" \/>\n<meta property=\"og:type\" content=\"article\" \/>\n<meta property=\"og:title\" content=\"Cartier Panth\u00e8re - ICON-ICON\" \/>\n<meta property=\"og:description\" content=\"Authors: B\u00e9r\u00e9nice Geoffroy-Schneiter, Vivienne Becker, Joanna Hardy, Andr\u00e9 Leon Talley  Publishing House: Assouline  Publication Date: July 2015  Description :\u00a0Silently stalking its way through Cartier iconography for a century, the panther is the proud leader of the pack of precious animals that make up the famous Cartier menagerie. No other creature or jewel is quite so indissolubly and emotively connected to outstanding 20th-century women of style, to ideals of modern femininity, and has become Cartier\u2019s most iconic motif for a century. A symbol of power, seduction, and triumph since ancient times, the image of the panther never fails to arouse fantasies and dreams.  Featuring texts by art historian B\u00e9r\u00e9nice Geoffroy-Schneiter, jewelry historian Vivienne Becker, jewelry expert Joanna Hardy, and fashion editor Andr\u00e9 Leon Talley,\u00a0Cartier Panth\u00e8re\u00a0chronicles the panther in art history, the evolution of Cartier panther jewels, the techniques involved in creating a Cartier panther jewel, the influence of the panther in fashion, design, and popular culture, and includes a chronology of 100 years of Cartier panther jewels.\" \/>\n<meta property=\"og:url\" content=\"https:\/\/www.icon-icon.com\/en\/produit\/cartier-panthere\/\" \/>\n<meta property=\"og:site_name\" content=\"ICON-ICON\" \/>\n<meta property=\"article:modified_time\" content=\"2021-11-23T12:51:46+00:00\" \/>\n<meta property=\"og:image\" content=\"https:\/\/www.icon-icon.com\/wp-content\/uploads\/2021\/07\/Assouline.jpg\" \/>\n\t<meta property=\"og:image:width\" content=\"501\" \/>\n\t<meta property=\"og:image:height\" content=\"500\" \/>\n\t<meta property=\"og:image:type\" content=\"image\/jpeg\" \/>\n<meta name=\"twitter:card\" content=\"summary_large_image\" \/>\n<meta name=\"twitter:label1\" content=\"Est. reading time\" \/>\n\t<meta name=\"twitter:data1\" content=\"1 minute\" \/>\n<script type=\"application\/ld+json\" class=\"yoast-schema-graph\">{\"@context\":\"https:\/\/schema.org\",\"@graph\":[{\"@type\":\"WebPage\",\"@id\":\"https:\/\/www.icon-icon.com\/en\/produit\/cartier-panthere\/\",\"url\":\"https:\/\/www.icon-icon.com\/en\/produit\/cartier-panthere\/\",\"name\":\"Cartier Panth\u00e8re - ICON-ICON\",\"isPartOf\":{\"@id\":\"https:\/\/www.icon-icon.com\/#website\"},\"primaryImageOfPage\":{\"@id\":\"https:\/\/www.icon-icon.com\/en\/produit\/cartier-panthere\/#primaryimage\"},\"image\":{\"@id\":\"https:\/\/www.icon-icon.com\/en\/produit\/cartier-panthere\/#primaryimage\"},\"thumbnailUrl\":\"https:\/\/www.icon-icon.com\/wp-content\/uploads\/2021\/07\/Assouline.jpg\",\"datePublished\":\"2021-07-08T10:36:26+00:00\",\"dateModified\":\"2021-11-23T12:51:46+00:00\",\"breadcrumb\":{\"@id\":\"https:\/\/www.icon-icon.com\/en\/produit\/cartier-panthere\/#breadcrumb\"},\"inLanguage\":\"en-US\",\"potentialAction\":[{\"@type\":\"ReadAction\",\"target\":[\"https:\/\/www.icon-icon.com\/en\/produit\/cartier-panthere\/\"]}]},{\"@type\":\"ImageObject\",\"inLanguage\":\"en-US\",\"@id\":\"https:\/\/www.icon-icon.com\/en\/produit\/cartier-panthere\/#primaryimage\",\"url\":\"https:\/\/www.icon-icon.com\/wp-content\/uploads\/2021\/07\/Assouline.jpg\",\"contentUrl\":\"https:\/\/www.icon-icon.com\/wp-content\/uploads\/2021\/07\/Assouline.jpg\",\"width\":501,\"height\":500},{\"@type\":\"BreadcrumbList\",\"@id\":\"https:\/\/www.icon-icon.com\/en\/produit\/cartier-panthere\/#breadcrumb\",\"itemListElement\":[{\"@type\":\"ListItem\",\"position\":1,\"name\":\"Accueil\",\"item\":\"https:\/\/www.icon-icon.com\/en\/\"},{\"@type\":\"ListItem\",\"position\":2,\"name\":\"Shop\",\"item\":\"https:\/\/www.icon-icon.com\/en\/shop-2\/\"},{\"@type\":\"ListItem\",\"position\":3,\"name\":\"Cartier Panth\u00e8re\"}]},{\"@type\":\"WebSite\",\"@id\":\"https:\/\/www.icon-icon.com\/#website\",\"url\":\"https:\/\/www.icon-icon.com\/\",\"name\":\"ICON-ICON\",\"description\":\"Luxury Stories\",\"potentialAction\":[{\"@type\":\"SearchAction\",\"target\":{\"@type\":\"EntryPoint\",\"urlTemplate\":\"https:\/\/www.icon-icon.com\/?s={search_term_string}\"},\"query-input\":{\"@type\":\"PropertyValueSpecification\",\"valueRequired\":true,\"valueName\":\"search_term_string\"}}],\"inLanguage\":\"en-US\"}]}<\/script>\n<!-- \/ Yoast SEO plugin. -->","yoast_head_json":{"title":"Cartier Panth\u00e8re - ICON-ICON","robots":{"index":"index","follow":"follow","max-snippet":"max-snippet:-1","max-image-preview":"max-image-preview:large","max-video-preview":"max-video-preview:-1"},"canonical":"https:\/\/www.icon-icon.com\/en\/produit\/cartier-panthere\/","og_locale":"en_US","og_type":"article","og_title":"Cartier Panth\u00e8re - ICON-ICON","og_description":"Authors: B\u00e9r\u00e9nice Geoffroy-Schneiter, Vivienne Becker, Joanna Hardy, Andr\u00e9 Leon Talley  Publishing House: Assouline  Publication Date: July 2015  Description :\u00a0Silently stalking its way through Cartier iconography for a century, the panther is the proud leader of the pack of precious animals that make up the famous Cartier menagerie. No other creature or jewel is quite so indissolubly and emotively connected to outstanding 20th-century women of style, to ideals of modern femininity, and has become Cartier\u2019s most iconic motif for a century. A symbol of power, seduction, and triumph since ancient times, the image of the panther never fails to arouse fantasies and dreams.  Featuring texts by art historian B\u00e9r\u00e9nice Geoffroy-Schneiter, jewelry historian Vivienne Becker, jewelry expert Joanna Hardy, and fashion editor Andr\u00e9 Leon Talley,\u00a0Cartier Panth\u00e8re\u00a0chronicles the panther in art history, the evolution of Cartier panther jewels, the techniques involved in creating a Cartier panther jewel, the influence of the panther in fashion, design, and popular culture, and includes a chronology of 100 years of Cartier panther jewels.","og_url":"https:\/\/www.icon-icon.com\/en\/produit\/cartier-panthere\/","og_site_name":"ICON-ICON","article_modified_time":"2021-11-23T12:51:46+00:00","og_image":[{"width":501,"height":500,"url":"https:\/\/www.icon-icon.com\/wp-content\/uploads\/2021\/07\/Assouline.jpg","type":"image\/jpeg"}],"twitter_card":"summary_large_image","twitter_misc":{"Est. reading time":"1 minute"},"schema":{"@context":"https:\/\/schema.org","@graph":[{"@type":"WebPage","@id":"https:\/\/www.icon-icon.com\/en\/produit\/cartier-panthere\/","url":"https:\/\/www.icon-icon.com\/en\/produit\/cartier-panthere\/","name":"Cartier Panth\u00e8re - ICON-ICON","isPartOf":{"@id":"https:\/\/www.icon-icon.com\/#website"},"primaryImageOfPage":{"@id":"https:\/\/www.icon-icon.com\/en\/produit\/cartier-panthere\/#primaryimage"},"image":{"@id":"https:\/\/www.icon-icon.com\/en\/produit\/cartier-panthere\/#primaryimage"},"thumbnailUrl":"https:\/\/www.icon-icon.com\/wp-content\/uploads\/2021\/07\/Assouline.jpg","datePublished":"2021-07-08T10:36:26+00:00","dateModified":"2021-11-23T12:51:46+00:00","breadcrumb":{"@id":"https:\/\/www.icon-icon.com\/en\/produit\/cartier-panthere\/#breadcrumb"},"inLanguage":"en-US","potentialAction":[{"@type":"ReadAction","target":["https:\/\/www.icon-icon.com\/en\/produit\/cartier-panthere\/"]}]},{"@type":"ImageObject","inLanguage":"en-US","@id":"https:\/\/www.icon-icon.com\/en\/produit\/cartier-panthere\/#primaryimage","url":"https:\/\/www.icon-icon.com\/wp-content\/uploads\/2021\/07\/Assouline.jpg","contentUrl":"https:\/\/www.icon-icon.com\/wp-content\/uploads\/2021\/07\/Assouline.jpg","width":501,"height":500},{"@type":"BreadcrumbList","@id":"https:\/\/www.icon-icon.com\/en\/produit\/cartier-panthere\/#breadcrumb","itemListElement":[{"@type":"ListItem","position":1,"name":"Accueil","item":"https:\/\/www.icon-icon.com\/en\/"},{"@type":"ListItem","position":2,"name":"Shop","item":"https:\/\/www.icon-icon.com\/en\/shop-2\/"},{"@type":"ListItem","position":3,"name":"Cartier Panth\u00e8re"}]},{"@type":"WebSite","@id":"https:\/\/www.icon-icon.com\/#website","url":"https:\/\/www.icon-icon.com\/","name":"ICON-ICON","description":"Luxury Stories","potentialAction":[{"@type":"SearchAction","target":{"@type":"EntryPoint","urlTemplate":"https:\/\/www.icon-icon.com\/?s={search_term_string}"},"query-input":{"@type":"PropertyValueSpecification","valueRequired":true,"valueName":"search_term_string"}}],"inLanguage":"en-US"}]}},"_links":{"self":[{"href":"https:\/\/www.icon-icon.com\/en\/wp-json\/wp\/v2\/product\/49192","targetHints":{"allow":["GET"]}}],"collection":[{"href":"https:\/\/www.icon-icon.com\/en\/wp-json\/wp\/v2\/product"}],"about":[{"href":"https:\/\/www.icon-icon.com\/en\/wp-json\/wp\/v2\/types\/product"}],"wp:featuredmedia":[{"embeddable":true,"href":"https:\/\/www.icon-icon.com\/en\/wp-json\/wp\/v2\/media\/61181"}],"wp:attachment":[{"href":"https:\/\/www.icon-icon.com\/en\/wp-json\/wp\/v2\/media?parent=49192"}],"wp:term":[{"taxonomy":"product_brand","embeddable":true,"href":"https:\/\/www.icon-icon.com\/en\/wp-json\/wp\/v2\/product_brand?post=49192"},{"taxonomy":"product_cat","embeddable":true,"href":"https:\/\/www.icon-icon.com\/en\/wp-json\/wp\/v2\/product_cat?post=49192"},{"taxonomy":"product_tag","embeddable":true,"href":"https:\/\/www.icon-icon.com\/en\/wp-json\/wp\/v2\/product_tag?post=49192"}],"curies":[{"name":"wp","href":"https:\/\/api.w.org\/{rel}","templated":true}]}}