


{"id":48805,"date":"2021-07-06T10:18:31","date_gmt":"2021-07-06T14:03:40","guid":{"rendered":"https:\/\/www.icon-icon.com\/?post_type=product&#038;p=48805"},"modified":"2021-11-23T15:55:18","modified_gmt":"2021-11-23T14:55:18","slug":"grace-a-memoir","status":"publish","type":"product","link":"https:\/\/www.icon-icon.com\/en\/produit\/grace-a-memoir\/","title":{"rendered":"Grace: A Memoir"},"content":{"rendered":"","protected":false},"excerpt":{"rendered":"<p><b>Auteur : <\/b>Grace Coddington<\/p>\n<p><b>Maison <\/b><b>d\u2019Edition<\/b><b> : <\/b>Random House<\/p>\n<p><b>Date de <\/b><b>Parution<\/b> :\u00a0 2012<\/p>\n<p><b>Description :\u00a0<\/b>D\u00e9licieusement accompagn\u00e9e des illustrations \u00e0 l\u2019encre de Grace, <i>Grace<\/i> pr\u00e9sentera aux lecteurs les cr\u00e9ateurs color\u00e9s, coiffeurs, maquilleurs, photographes, mannequins et c\u00e9l\u00e9brit\u00e9s avec lesquels Grace cr\u00e9a ses images signatures. Grace r\u00e9v\u00e8le son jardin secret avec candeur\u2014l\u2019accident de voiture qui d\u00e9railla presque sa carri\u00e8re dans le mannequinnat, ses deux mariages, le d\u00e9c\u00e8s pr\u00e9matur\u00e9 de sa s\u0153ur Rosemary, son amiti\u00e9 avec la r\u00e9dactrice-en-chef du <i>Harper\u2019s Bazaar <\/i>Liz Tilberis, et sa romance de trente ans avec Didier Malige. Enfin, Grace d\u00e9crit sa longue relation avec Anna Witour, et la ma\u00eetrise \u00e9volutive par laquelle elle a su d\u00e9finir le summum de la mode.<\/p>\n","protected":false},"featured_media":61248,"template":"","meta":{"_acf_changed":false},"product_brand":[],"product_cat":[21562,22973,21727,21650,25037],"product_tag":[25239,25145,22284,25240],"class_list":{"0":"post-48805","1":"product","2":"type-product","3":"status-publish","4":"has-post-thumbnail","6":"product_cat-books","7":"product_cat-culture-and-technology","8":"product_cat-fashion-accessories-selection","9":"product_cat-fashion-editors-en","10":"product_cat-mode-et-art-en","11":"product_tag-grace-coddington-en","12":"product_tag-livres-en","13":"product_tag-luxury-en","14":"product_tag-random-house-en","16":"first","17":"instock","18":"product-type-external"},"acf":[],"yoast_head":"<!-- This site is optimized with the Yoast SEO plugin v27.2 - https:\/\/yoast.com\/product\/yoast-seo-wordpress\/ -->\n<title>Grace: A Memoir - ICON-ICON<\/title>\n<meta name=\"robots\" content=\"index, follow, max-snippet:-1, max-image-preview:large, max-video-preview:-1\" \/>\n<link rel=\"canonical\" href=\"https:\/\/www.icon-icon.com\/en\/produit\/grace-a-memoir\/\" \/>\n<meta property=\"og:locale\" content=\"en_US\" \/>\n<meta property=\"og:type\" content=\"article\" \/>\n<meta property=\"og:title\" content=\"Grace: A Memoir - ICON-ICON\" \/>\n<meta property=\"og:description\" content=\"Auteur : Grace Coddington  Maison d\u2019Edition : Random House  Date de Parution :\u00a0 2012  Description :\u00a0D\u00e9licieusement accompagn\u00e9e des illustrations \u00e0 l\u2019encre de Grace, Grace pr\u00e9sentera aux lecteurs les cr\u00e9ateurs color\u00e9s, coiffeurs, maquilleurs, photographes, mannequins et c\u00e9l\u00e9brit\u00e9s avec lesquels Grace cr\u00e9a ses images signatures. Grace r\u00e9v\u00e8le son jardin secret avec candeur\u2014l\u2019accident de voiture qui d\u00e9railla presque sa carri\u00e8re dans le mannequinnat, ses deux mariages, le d\u00e9c\u00e8s pr\u00e9matur\u00e9 de sa s\u0153ur Rosemary, son amiti\u00e9 avec la r\u00e9dactrice-en-chef du Harper\u2019s Bazaar Liz Tilberis, et sa romance de trente ans avec Didier Malige. Enfin, Grace d\u00e9crit sa longue relation avec Anna Witour, et la ma\u00eetrise \u00e9volutive par laquelle elle a su d\u00e9finir le summum de la mode.\" \/>\n<meta property=\"og:url\" content=\"https:\/\/www.icon-icon.com\/en\/produit\/grace-a-memoir\/\" \/>\n<meta property=\"og:site_name\" content=\"ICON-ICON\" \/>\n<meta property=\"article:modified_time\" content=\"2021-11-23T14:55:18+00:00\" \/>\n<meta property=\"og:image\" content=\"https:\/\/www.icon-icon.com\/wp-content\/uploads\/2021\/07\/Grace-Coddington.jpg\" \/>\n\t<meta property=\"og:image:width\" content=\"500\" \/>\n\t<meta property=\"og:image:height\" content=\"499\" \/>\n\t<meta property=\"og:image:type\" content=\"image\/jpeg\" \/>\n<meta name=\"twitter:card\" content=\"summary_large_image\" \/>\n<meta name=\"twitter:label1\" content=\"Est. reading time\" \/>\n\t<meta name=\"twitter:data1\" content=\"1 minute\" \/>\n<script type=\"application\/ld+json\" class=\"yoast-schema-graph\">{\"@context\":\"https:\/\/schema.org\",\"@graph\":[{\"@type\":\"WebPage\",\"@id\":\"https:\/\/www.icon-icon.com\/en\/produit\/grace-a-memoir\/\",\"url\":\"https:\/\/www.icon-icon.com\/en\/produit\/grace-a-memoir\/\",\"name\":\"Grace: A Memoir - ICON-ICON\",\"isPartOf\":{\"@id\":\"https:\/\/www.icon-icon.com\/#website\"},\"primaryImageOfPage\":{\"@id\":\"https:\/\/www.icon-icon.com\/en\/produit\/grace-a-memoir\/#primaryimage\"},\"image\":{\"@id\":\"https:\/\/www.icon-icon.com\/en\/produit\/grace-a-memoir\/#primaryimage\"},\"thumbnailUrl\":\"https:\/\/www.icon-icon.com\/wp-content\/uploads\/2021\/07\/Grace-Coddington.jpg\",\"datePublished\":\"2021-07-06T14:03:40+00:00\",\"dateModified\":\"2021-11-23T14:55:18+00:00\",\"breadcrumb\":{\"@id\":\"https:\/\/www.icon-icon.com\/en\/produit\/grace-a-memoir\/#breadcrumb\"},\"inLanguage\":\"en-US\",\"potentialAction\":[{\"@type\":\"ReadAction\",\"target\":[\"https:\/\/www.icon-icon.com\/en\/produit\/grace-a-memoir\/\"]}]},{\"@type\":\"ImageObject\",\"inLanguage\":\"en-US\",\"@id\":\"https:\/\/www.icon-icon.com\/en\/produit\/grace-a-memoir\/#primaryimage\",\"url\":\"https:\/\/www.icon-icon.com\/wp-content\/uploads\/2021\/07\/Grace-Coddington.jpg\",\"contentUrl\":\"https:\/\/www.icon-icon.com\/wp-content\/uploads\/2021\/07\/Grace-Coddington.jpg\",\"width\":500,\"height\":499},{\"@type\":\"BreadcrumbList\",\"@id\":\"https:\/\/www.icon-icon.com\/en\/produit\/grace-a-memoir\/#breadcrumb\",\"itemListElement\":[{\"@type\":\"ListItem\",\"position\":1,\"name\":\"Accueil\",\"item\":\"https:\/\/www.icon-icon.com\/en\/\"},{\"@type\":\"ListItem\",\"position\":2,\"name\":\"Shop\",\"item\":\"https:\/\/www.icon-icon.com\/en\/shop-2\/\"},{\"@type\":\"ListItem\",\"position\":3,\"name\":\"Grace: A Memoir\"}]},{\"@type\":\"WebSite\",\"@id\":\"https:\/\/www.icon-icon.com\/#website\",\"url\":\"https:\/\/www.icon-icon.com\/\",\"name\":\"ICON-ICON\",\"description\":\"Luxury Stories\",\"potentialAction\":[{\"@type\":\"SearchAction\",\"target\":{\"@type\":\"EntryPoint\",\"urlTemplate\":\"https:\/\/www.icon-icon.com\/?s={search_term_string}\"},\"query-input\":{\"@type\":\"PropertyValueSpecification\",\"valueRequired\":true,\"valueName\":\"search_term_string\"}}],\"inLanguage\":\"en-US\"}]}<\/script>\n<!-- \/ Yoast SEO plugin. -->","yoast_head_json":{"title":"Grace: A Memoir - ICON-ICON","robots":{"index":"index","follow":"follow","max-snippet":"max-snippet:-1","max-image-preview":"max-image-preview:large","max-video-preview":"max-video-preview:-1"},"canonical":"https:\/\/www.icon-icon.com\/en\/produit\/grace-a-memoir\/","og_locale":"en_US","og_type":"article","og_title":"Grace: A Memoir - ICON-ICON","og_description":"Auteur : Grace Coddington  Maison d\u2019Edition : Random House  Date de Parution :\u00a0 2012  Description :\u00a0D\u00e9licieusement accompagn\u00e9e des illustrations \u00e0 l\u2019encre de Grace, Grace pr\u00e9sentera aux lecteurs les cr\u00e9ateurs color\u00e9s, coiffeurs, maquilleurs, photographes, mannequins et c\u00e9l\u00e9brit\u00e9s avec lesquels Grace cr\u00e9a ses images signatures. Grace r\u00e9v\u00e8le son jardin secret avec candeur\u2014l\u2019accident de voiture qui d\u00e9railla presque sa carri\u00e8re dans le mannequinnat, ses deux mariages, le d\u00e9c\u00e8s pr\u00e9matur\u00e9 de sa s\u0153ur Rosemary, son amiti\u00e9 avec la r\u00e9dactrice-en-chef du Harper\u2019s Bazaar Liz Tilberis, et sa romance de trente ans avec Didier Malige. Enfin, Grace d\u00e9crit sa longue relation avec Anna Witour, et la ma\u00eetrise \u00e9volutive par laquelle elle a su d\u00e9finir le summum de la mode.","og_url":"https:\/\/www.icon-icon.com\/en\/produit\/grace-a-memoir\/","og_site_name":"ICON-ICON","article_modified_time":"2021-11-23T14:55:18+00:00","og_image":[{"width":500,"height":499,"url":"https:\/\/www.icon-icon.com\/wp-content\/uploads\/2021\/07\/Grace-Coddington.jpg","type":"image\/jpeg"}],"twitter_card":"summary_large_image","twitter_misc":{"Est. reading time":"1 minute"},"schema":{"@context":"https:\/\/schema.org","@graph":[{"@type":"WebPage","@id":"https:\/\/www.icon-icon.com\/en\/produit\/grace-a-memoir\/","url":"https:\/\/www.icon-icon.com\/en\/produit\/grace-a-memoir\/","name":"Grace: A Memoir - ICON-ICON","isPartOf":{"@id":"https:\/\/www.icon-icon.com\/#website"},"primaryImageOfPage":{"@id":"https:\/\/www.icon-icon.com\/en\/produit\/grace-a-memoir\/#primaryimage"},"image":{"@id":"https:\/\/www.icon-icon.com\/en\/produit\/grace-a-memoir\/#primaryimage"},"thumbnailUrl":"https:\/\/www.icon-icon.com\/wp-content\/uploads\/2021\/07\/Grace-Coddington.jpg","datePublished":"2021-07-06T14:03:40+00:00","dateModified":"2021-11-23T14:55:18+00:00","breadcrumb":{"@id":"https:\/\/www.icon-icon.com\/en\/produit\/grace-a-memoir\/#breadcrumb"},"inLanguage":"en-US","potentialAction":[{"@type":"ReadAction","target":["https:\/\/www.icon-icon.com\/en\/produit\/grace-a-memoir\/"]}]},{"@type":"ImageObject","inLanguage":"en-US","@id":"https:\/\/www.icon-icon.com\/en\/produit\/grace-a-memoir\/#primaryimage","url":"https:\/\/www.icon-icon.com\/wp-content\/uploads\/2021\/07\/Grace-Coddington.jpg","contentUrl":"https:\/\/www.icon-icon.com\/wp-content\/uploads\/2021\/07\/Grace-Coddington.jpg","width":500,"height":499},{"@type":"BreadcrumbList","@id":"https:\/\/www.icon-icon.com\/en\/produit\/grace-a-memoir\/#breadcrumb","itemListElement":[{"@type":"ListItem","position":1,"name":"Accueil","item":"https:\/\/www.icon-icon.com\/en\/"},{"@type":"ListItem","position":2,"name":"Shop","item":"https:\/\/www.icon-icon.com\/en\/shop-2\/"},{"@type":"ListItem","position":3,"name":"Grace: A Memoir"}]},{"@type":"WebSite","@id":"https:\/\/www.icon-icon.com\/#website","url":"https:\/\/www.icon-icon.com\/","name":"ICON-ICON","description":"Luxury Stories","potentialAction":[{"@type":"SearchAction","target":{"@type":"EntryPoint","urlTemplate":"https:\/\/www.icon-icon.com\/?s={search_term_string}"},"query-input":{"@type":"PropertyValueSpecification","valueRequired":true,"valueName":"search_term_string"}}],"inLanguage":"en-US"}]}},"_links":{"self":[{"href":"https:\/\/www.icon-icon.com\/en\/wp-json\/wp\/v2\/product\/48805","targetHints":{"allow":["GET"]}}],"collection":[{"href":"https:\/\/www.icon-icon.com\/en\/wp-json\/wp\/v2\/product"}],"about":[{"href":"https:\/\/www.icon-icon.com\/en\/wp-json\/wp\/v2\/types\/product"}],"wp:featuredmedia":[{"embeddable":true,"href":"https:\/\/www.icon-icon.com\/en\/wp-json\/wp\/v2\/media\/61248"}],"wp:attachment":[{"href":"https:\/\/www.icon-icon.com\/en\/wp-json\/wp\/v2\/media?parent=48805"}],"wp:term":[{"taxonomy":"product_brand","embeddable":true,"href":"https:\/\/www.icon-icon.com\/en\/wp-json\/wp\/v2\/product_brand?post=48805"},{"taxonomy":"product_cat","embeddable":true,"href":"https:\/\/www.icon-icon.com\/en\/wp-json\/wp\/v2\/product_cat?post=48805"},{"taxonomy":"product_tag","embeddable":true,"href":"https:\/\/www.icon-icon.com\/en\/wp-json\/wp\/v2\/product_tag?post=48805"}],"curies":[{"name":"wp","href":"https:\/\/api.w.org\/{rel}","templated":true}]}}