


{"id":74210,"date":"2022-03-25T11:58:36","date_gmt":"2022-04-04T13:50:46","guid":{"rendered":"https:\/\/www.icon-icon.com\/produit\/basilique-st-pierre\/"},"modified":"2022-04-04T15:50:46","modified_gmt":"2022-04-04T13:50:46","slug":"basilique-st-pierre-2","status":"publish","type":"product","link":"http:\/\/www.icon-icon.com\/en\/produit\/basilique-st-pierre-2\/","title":{"rendered":"Basilique St Pierre"},"content":{"rendered":"","protected":false},"excerpt":{"rendered":"<p class=\"p1\"><b>Icon-Icon Opinion :<\/b><\/p>\n<p class=\"p1\">This is the temple of catholicism- inscribed on the UNESCO World Heritage List, the basilica moved by its grandiose architecture and its history that is rooted in a mystical and political epic!<\/p>\n<p class=\"p1\"><b>To be seen : <\/b>Basilique St Pierre<\/p>\n<p class=\"p1\"><b>Adress : <\/b>Piazza San Pietro, 00120 Citt\u00e0 del Vaticano, \u00c9tat de la Cit\u00e9 du Vatican<\/p>\n<p class=\"p1\"><b>Contacts :<\/b><\/p>\n<p>For any information, please contact the teams by phone at<a href=\"https:\/\/www.google.com\/search?q=+Basilique+St+Pierre&amp;client=safari&amp;sxsrf=APq-WBuRCcCWChcG5h-FM2NABb7j6wolKA%3A1648205476397&amp;source=hp&amp;ei=pJ49YsO6FqWJlwTe8YjoAg&amp;iflsig=AHkkrS4AAAAAYj2stID15AG7UqG9demxM0DyY2MwGj0q&amp;ved=0ahUKEwjDnL7vi-H2AhWlxIUKHd44Ai0Q4dUDCAw&amp;uact=5&amp;oq=+Basilique+St+Pierre&amp;gs_lcp=Cgdnd3Mtd2l6EAMyDQguELEDEMcBEK8BEAoyBAgAEAoyBAgAEAoyCgguEMcBEK8BEAoyBAgAEAoyBAgAEAoyBAgAEAoyBAgAEAoyBAgAEAoyCgguEMcBEK8BEApQAFgAYPUFaABwAHgAgAGdAogBnQKSAQMyLTGYAQCgAQKgAQE&amp;sclient=gws-wiz#\" data-dtype=\"d3ph\" data-local-attribute=\"d3ph\" data-ved=\"2ahUKEwjAyvDwi-H2AhUS1RoKHaxtDCsQkAgoAHoECDYQAw\"><span aria-label=\"Appeler le +39 06 6982\">+39 06 6982<\/span><\/a><\/p>\n","protected":false},"featured_media":73606,"template":"","meta":{"_acf_changed":false},"product_brand":[],"product_cat":[25963,28901,30079],"product_tag":[30933,22280,30669,30934],"class_list":{"0":"post-74210","1":"product","2":"type-product","3":"status-publish","4":"has-post-thumbnail","6":"product_cat-destinations-en","7":"product_cat-must-see-places","8":"product_cat-roma","9":"product_tag-basilique-st-pierre-en","10":"product_tag-destination-en","11":"product_tag-rome-en","12":"product_tag-vatican-en","14":"first","15":"instock","16":"product-type-external"},"acf":[],"yoast_head":"<!-- This site is optimized with the Yoast SEO plugin v27.2 - https:\/\/yoast.com\/product\/yoast-seo-wordpress\/ -->\n<title>Basilique St Pierre - ICON-ICON<\/title>\n<meta name=\"robots\" content=\"index, follow, max-snippet:-1, max-image-preview:large, max-video-preview:-1\" \/>\n<link rel=\"canonical\" href=\"https:\/\/www.icon-icon.com\/en\/produit\/basilique-st-pierre-2\/\" \/>\n<meta property=\"og:locale\" content=\"en_US\" \/>\n<meta property=\"og:type\" content=\"article\" \/>\n<meta property=\"og:title\" content=\"Basilique St Pierre - ICON-ICON\" \/>\n<meta property=\"og:description\" content=\"Icon-Icon Opinion : This is the temple of catholicism- inscribed on the UNESCO World Heritage List, the basilica moved by its grandiose architecture and its history that is rooted in a mystical and political epic! To be seen : Basilique St Pierre Adress : Piazza San Pietro, 00120 Citt\u00e0 del Vaticano, \u00c9tat de la Cit\u00e9 du Vatican Contacts : For any information, please contact the teams by phone at+39 06 6982\" \/>\n<meta property=\"og:url\" content=\"https:\/\/www.icon-icon.com\/en\/produit\/basilique-st-pierre-2\/\" \/>\n<meta property=\"og:site_name\" content=\"ICON-ICON\" \/>\n<meta property=\"og:image\" content=\"https:\/\/www.icon-icon.com\/wp-content\/uploads\/2022\/03\/basilique_saint-pierre.jpg\" \/>\n\t<meta property=\"og:image:width\" content=\"500\" \/>\n\t<meta property=\"og:image:height\" content=\"500\" \/>\n\t<meta property=\"og:image:type\" content=\"image\/jpeg\" \/>\n<meta name=\"twitter:card\" content=\"summary_large_image\" \/>\n<script type=\"application\/ld+json\" class=\"yoast-schema-graph\">{\"@context\":\"https:\/\/schema.org\",\"@graph\":[{\"@type\":\"WebPage\",\"@id\":\"https:\/\/www.icon-icon.com\/en\/produit\/basilique-st-pierre-2\/\",\"url\":\"https:\/\/www.icon-icon.com\/en\/produit\/basilique-st-pierre-2\/\",\"name\":\"Basilique St Pierre - ICON-ICON\",\"isPartOf\":{\"@id\":\"https:\/\/www.icon-icon.com\/#website\"},\"primaryImageOfPage\":{\"@id\":\"https:\/\/www.icon-icon.com\/en\/produit\/basilique-st-pierre-2\/#primaryimage\"},\"image\":{\"@id\":\"https:\/\/www.icon-icon.com\/en\/produit\/basilique-st-pierre-2\/#primaryimage\"},\"thumbnailUrl\":\"http:\/\/www.icon-icon.com\/wp-content\/uploads\/2022\/03\/basilique_saint-pierre.jpg\",\"datePublished\":\"2022-04-04T13:50:46+00:00\",\"breadcrumb\":{\"@id\":\"https:\/\/www.icon-icon.com\/en\/produit\/basilique-st-pierre-2\/#breadcrumb\"},\"inLanguage\":\"en-US\",\"potentialAction\":[{\"@type\":\"ReadAction\",\"target\":[\"https:\/\/www.icon-icon.com\/en\/produit\/basilique-st-pierre-2\/\"]}]},{\"@type\":\"ImageObject\",\"inLanguage\":\"en-US\",\"@id\":\"https:\/\/www.icon-icon.com\/en\/produit\/basilique-st-pierre-2\/#primaryimage\",\"url\":\"http:\/\/www.icon-icon.com\/wp-content\/uploads\/2022\/03\/basilique_saint-pierre.jpg\",\"contentUrl\":\"http:\/\/www.icon-icon.com\/wp-content\/uploads\/2022\/03\/basilique_saint-pierre.jpg\",\"width\":500,\"height\":500},{\"@type\":\"BreadcrumbList\",\"@id\":\"https:\/\/www.icon-icon.com\/en\/produit\/basilique-st-pierre-2\/#breadcrumb\",\"itemListElement\":[{\"@type\":\"ListItem\",\"position\":1,\"name\":\"Accueil\",\"item\":\"https:\/\/www.icon-icon.com\/en\/\"},{\"@type\":\"ListItem\",\"position\":2,\"name\":\"Shop\",\"item\":\"https:\/\/www.icon-icon.com\/en\/shop-2\/\"},{\"@type\":\"ListItem\",\"position\":3,\"name\":\"Basilique St Pierre\"}]},{\"@type\":\"WebSite\",\"@id\":\"https:\/\/www.icon-icon.com\/#website\",\"url\":\"https:\/\/www.icon-icon.com\/\",\"name\":\"ICON-ICON\",\"description\":\"Luxury Stories\",\"potentialAction\":[{\"@type\":\"SearchAction\",\"target\":{\"@type\":\"EntryPoint\",\"urlTemplate\":\"https:\/\/www.icon-icon.com\/?s={search_term_string}\"},\"query-input\":{\"@type\":\"PropertyValueSpecification\",\"valueRequired\":true,\"valueName\":\"search_term_string\"}}],\"inLanguage\":\"en-US\"}]}<\/script>\n<!-- \/ Yoast SEO plugin. -->","yoast_head_json":{"title":"Basilique St Pierre - ICON-ICON","robots":{"index":"index","follow":"follow","max-snippet":"max-snippet:-1","max-image-preview":"max-image-preview:large","max-video-preview":"max-video-preview:-1"},"canonical":"https:\/\/www.icon-icon.com\/en\/produit\/basilique-st-pierre-2\/","og_locale":"en_US","og_type":"article","og_title":"Basilique St Pierre - ICON-ICON","og_description":"Icon-Icon Opinion : This is the temple of catholicism- inscribed on the UNESCO World Heritage List, the basilica moved by its grandiose architecture and its history that is rooted in a mystical and political epic! To be seen : Basilique St Pierre Adress : Piazza San Pietro, 00120 Citt\u00e0 del Vaticano, \u00c9tat de la Cit\u00e9 du Vatican Contacts : For any information, please contact the teams by phone at+39 06 6982","og_url":"https:\/\/www.icon-icon.com\/en\/produit\/basilique-st-pierre-2\/","og_site_name":"ICON-ICON","og_image":[{"width":500,"height":500,"url":"https:\/\/www.icon-icon.com\/wp-content\/uploads\/2022\/03\/basilique_saint-pierre.jpg","type":"image\/jpeg"}],"twitter_card":"summary_large_image","schema":{"@context":"https:\/\/schema.org","@graph":[{"@type":"WebPage","@id":"https:\/\/www.icon-icon.com\/en\/produit\/basilique-st-pierre-2\/","url":"https:\/\/www.icon-icon.com\/en\/produit\/basilique-st-pierre-2\/","name":"Basilique St Pierre - ICON-ICON","isPartOf":{"@id":"https:\/\/www.icon-icon.com\/#website"},"primaryImageOfPage":{"@id":"https:\/\/www.icon-icon.com\/en\/produit\/basilique-st-pierre-2\/#primaryimage"},"image":{"@id":"https:\/\/www.icon-icon.com\/en\/produit\/basilique-st-pierre-2\/#primaryimage"},"thumbnailUrl":"http:\/\/www.icon-icon.com\/wp-content\/uploads\/2022\/03\/basilique_saint-pierre.jpg","datePublished":"2022-04-04T13:50:46+00:00","breadcrumb":{"@id":"https:\/\/www.icon-icon.com\/en\/produit\/basilique-st-pierre-2\/#breadcrumb"},"inLanguage":"en-US","potentialAction":[{"@type":"ReadAction","target":["https:\/\/www.icon-icon.com\/en\/produit\/basilique-st-pierre-2\/"]}]},{"@type":"ImageObject","inLanguage":"en-US","@id":"https:\/\/www.icon-icon.com\/en\/produit\/basilique-st-pierre-2\/#primaryimage","url":"http:\/\/www.icon-icon.com\/wp-content\/uploads\/2022\/03\/basilique_saint-pierre.jpg","contentUrl":"http:\/\/www.icon-icon.com\/wp-content\/uploads\/2022\/03\/basilique_saint-pierre.jpg","width":500,"height":500},{"@type":"BreadcrumbList","@id":"https:\/\/www.icon-icon.com\/en\/produit\/basilique-st-pierre-2\/#breadcrumb","itemListElement":[{"@type":"ListItem","position":1,"name":"Accueil","item":"https:\/\/www.icon-icon.com\/en\/"},{"@type":"ListItem","position":2,"name":"Shop","item":"https:\/\/www.icon-icon.com\/en\/shop-2\/"},{"@type":"ListItem","position":3,"name":"Basilique St Pierre"}]},{"@type":"WebSite","@id":"https:\/\/www.icon-icon.com\/#website","url":"https:\/\/www.icon-icon.com\/","name":"ICON-ICON","description":"Luxury Stories","potentialAction":[{"@type":"SearchAction","target":{"@type":"EntryPoint","urlTemplate":"https:\/\/www.icon-icon.com\/?s={search_term_string}"},"query-input":{"@type":"PropertyValueSpecification","valueRequired":true,"valueName":"search_term_string"}}],"inLanguage":"en-US"}]}},"_links":{"self":[{"href":"http:\/\/www.icon-icon.com\/en\/wp-json\/wp\/v2\/product\/74210","targetHints":{"allow":["GET"]}}],"collection":[{"href":"http:\/\/www.icon-icon.com\/en\/wp-json\/wp\/v2\/product"}],"about":[{"href":"http:\/\/www.icon-icon.com\/en\/wp-json\/wp\/v2\/types\/product"}],"wp:featuredmedia":[{"embeddable":true,"href":"http:\/\/www.icon-icon.com\/en\/wp-json\/wp\/v2\/media\/73606"}],"wp:attachment":[{"href":"http:\/\/www.icon-icon.com\/en\/wp-json\/wp\/v2\/media?parent=74210"}],"wp:term":[{"taxonomy":"product_brand","embeddable":true,"href":"http:\/\/www.icon-icon.com\/en\/wp-json\/wp\/v2\/product_brand?post=74210"},{"taxonomy":"product_cat","embeddable":true,"href":"http:\/\/www.icon-icon.com\/en\/wp-json\/wp\/v2\/product_cat?post=74210"},{"taxonomy":"product_tag","embeddable":true,"href":"http:\/\/www.icon-icon.com\/en\/wp-json\/wp\/v2\/product_tag?post=74210"}],"curies":[{"name":"wp","href":"https:\/\/api.w.org\/{rel}","templated":true}]}}