


{"id":61327,"date":"2021-07-16T12:59:24","date_gmt":"2021-07-16T10:59:24","guid":{"rendered":"https:\/\/www.icon-icon.com\/produit\/so-shoes-la-botte-secrete-de-lelegance-francaise\/"},"modified":"2021-11-23T17:34:22","modified_gmt":"2021-11-23T16:34:22","slug":"so-shoes-la-botte-secrete-de-lelegance-francaise","status":"publish","type":"product","link":"http:\/\/www.icon-icon.com\/en\/produit\/so-shoes-la-botte-secrete-de-lelegance-francaise\/","title":{"rendered":"So Shoes &#8211; La Botte Secr\u00e8te de L&#8217;\u00e9l\u00e9gance Fran\u00e7aise"},"content":{"rendered":"","protected":false},"excerpt":{"rendered":"<p><b>Authors : <\/b>Isabelle Thomas, Fr\u00e9d\u00e9rique Veysset<\/p>\n<p><b>Publisher :<\/b>\u00a0La Martini\u00e8re<\/p>\n<p><b>Date of Publication\u00a0<\/b><strong>:<\/strong> Octobre 2014<\/p>\n<p>An object of passion for women &#8211; and fantasy for men &#8211; shoes are an essential accessory of style, a signature of taste and an essential touch of elegance.<\/p>\n<p>This book, with its incisive and light tone, deciphers this fashion phenomenon, and delivers sound advice to women who want to follow the trends while cultivating their personality. From moccasins to thigh-high boots, via ballerinas: a fashion coaching according to the occasion, her dressing room and her fantasy&#8230;<\/p>\n<p>With many anecdotes on the history of emblematic shoes, the favorite shoes of many personalities, and interviews with professionals and designers, including Christian Louboutin, Michel Vivien or In\u00e8s de la Fressange&#8230;<\/p>\n<p>&nbsp;<\/p>\n<p>Objet de passion pour les femmes &#8211; et de fantasmes pour les hommes -, la chaussure est un accessoire essentiel du style, signature du go\u00fbt et touche incontournable de l&#8217;\u00e9l\u00e9gance.<\/p>\n<p>Cet ouvrage, au ton incisif et l\u00e9ger, d\u00e9crypte ce ph\u00e9nom\u00e8ne de mode, et d\u00e9livre des conseils avis\u00e9s aux femmes d\u00e9sireuses de suivre les tendances tout en cultivant leur personnalit\u00e9. Du mocassin aux cuissardes, en passant par les ballerines : un coaching mode selon les occasions, son dressing et sa fantaisie&#8230;<\/p>\n<p>Avec de nombreuses anecdotes sur l&#8217;histoire de souliers embl\u00e9matiques, les chaussures pr\u00e9f\u00e9r\u00e9es de nombreuses personnalit\u00e9s, et des interviews de professionnels et de cr\u00e9ateurs, dont Christian Louboutin, Michel Vivien ou encore In\u00e8s de la Fressange&#8230;<\/p>\n","protected":false},"featured_media":61320,"template":"","meta":{"_acf_changed":false},"product_brand":[],"product_cat":[21562,22973,21727,21606,25037,30113],"product_tag":[25040,24902,24276,25301],"class_list":{"0":"post-61327","1":"product","2":"type-product","3":"status-publish","4":"has-post-thumbnail","6":"product_cat-books","7":"product_cat-culture-and-technology","8":"product_cat-fashion-accessories-selection","9":"product_cat-fashion-accessories-selection-selection","10":"product_cat-mode-et-art-en","11":"product_cat-shoes-en","12":"product_tag-book-en","13":"product_tag-la-martiniere-en","14":"product_tag-shoes-en","15":"product_tag-soshoes-en","17":"first","18":"instock","19":"product-type-external"},"acf":[],"yoast_head":"<!-- This site is optimized with the Yoast SEO plugin v27.2 - https:\/\/yoast.com\/product\/yoast-seo-wordpress\/ -->\n<title>So Shoes - La Botte Secr\u00e8te de L&#039;\u00e9l\u00e9gance Fran\u00e7aise - ICON-ICON<\/title>\n<meta name=\"robots\" content=\"index, follow, max-snippet:-1, max-image-preview:large, max-video-preview:-1\" \/>\n<link rel=\"canonical\" href=\"https:\/\/www.icon-icon.com\/en\/produit\/so-shoes-la-botte-secrete-de-lelegance-francaise\/\" \/>\n<meta property=\"og:locale\" content=\"en_US\" \/>\n<meta property=\"og:type\" content=\"article\" \/>\n<meta property=\"og:title\" content=\"So Shoes - La Botte Secr\u00e8te de L&#039;\u00e9l\u00e9gance Fran\u00e7aise - ICON-ICON\" \/>\n<meta property=\"og:description\" content=\"Authors : Isabelle Thomas, Fr\u00e9d\u00e9rique Veysset  Publisher :\u00a0La Martini\u00e8re  Date of Publication\u00a0: Octobre 2014  An object of passion for women - and fantasy for men - shoes are an essential accessory of style, a signature of taste and an essential touch of elegance.  This book, with its incisive and light tone, deciphers this fashion phenomenon, and delivers sound advice to women who want to follow the trends while cultivating their personality. From moccasins to thigh-high boots, via ballerinas: a fashion coaching according to the occasion, her dressing room and her fantasy...  With many anecdotes on the history of emblematic shoes, the favorite shoes of many personalities, and interviews with professionals and designers, including Christian Louboutin, Michel Vivien or In\u00e8s de la Fressange...  &nbsp;  Objet de passion pour les femmes - et de fantasmes pour les hommes -, la chaussure est un accessoire essentiel du style, signature du go\u00fbt et touche incontournable de l&#039;\u00e9l\u00e9gance.  Cet ouvrage, au ton incisif et l\u00e9ger, d\u00e9crypte ce ph\u00e9nom\u00e8ne de mode, et d\u00e9livre des conseils avis\u00e9s aux femmes d\u00e9sireuses de suivre les tendances tout en cultivant leur personnalit\u00e9. Du mocassin aux cuissardes, en passant par les ballerines : un coaching mode selon les occasions, son dressing et sa fantaisie...  Avec de nombreuses anecdotes sur l&#039;histoire de souliers embl\u00e9matiques, les chaussures pr\u00e9f\u00e9r\u00e9es de nombreuses personnalit\u00e9s, et des interviews de professionnels et de cr\u00e9ateurs, dont Christian Louboutin, Michel Vivien ou encore In\u00e8s de la Fressange...\" \/>\n<meta property=\"og:url\" content=\"https:\/\/www.icon-icon.com\/en\/produit\/so-shoes-la-botte-secrete-de-lelegance-francaise\/\" \/>\n<meta property=\"og:site_name\" content=\"ICON-ICON\" \/>\n<meta property=\"article:modified_time\" content=\"2021-11-23T16:34:22+00:00\" \/>\n<meta property=\"og:image\" content=\"https:\/\/www.icon-icon.com\/wp-content\/uploads\/2021\/07\/SoShoes.jpg\" \/>\n\t<meta property=\"og:image:width\" content=\"500\" \/>\n\t<meta property=\"og:image:height\" content=\"500\" \/>\n\t<meta property=\"og:image:type\" content=\"image\/jpeg\" \/>\n<meta name=\"twitter:card\" content=\"summary_large_image\" \/>\n<script type=\"application\/ld+json\" class=\"yoast-schema-graph\">{\"@context\":\"https:\/\/schema.org\",\"@graph\":[{\"@type\":\"WebPage\",\"@id\":\"https:\/\/www.icon-icon.com\/en\/produit\/so-shoes-la-botte-secrete-de-lelegance-francaise\/\",\"url\":\"https:\/\/www.icon-icon.com\/en\/produit\/so-shoes-la-botte-secrete-de-lelegance-francaise\/\",\"name\":\"So Shoes - La Botte Secr\u00e8te de L'\u00e9l\u00e9gance Fran\u00e7aise - ICON-ICON\",\"isPartOf\":{\"@id\":\"https:\/\/www.icon-icon.com\/#website\"},\"primaryImageOfPage\":{\"@id\":\"https:\/\/www.icon-icon.com\/en\/produit\/so-shoes-la-botte-secrete-de-lelegance-francaise\/#primaryimage\"},\"image\":{\"@id\":\"https:\/\/www.icon-icon.com\/en\/produit\/so-shoes-la-botte-secrete-de-lelegance-francaise\/#primaryimage\"},\"thumbnailUrl\":\"http:\/\/www.icon-icon.com\/wp-content\/uploads\/2021\/07\/SoShoes.jpg\",\"datePublished\":\"2021-07-16T10:59:24+00:00\",\"dateModified\":\"2021-11-23T16:34:22+00:00\",\"breadcrumb\":{\"@id\":\"https:\/\/www.icon-icon.com\/en\/produit\/so-shoes-la-botte-secrete-de-lelegance-francaise\/#breadcrumb\"},\"inLanguage\":\"en-US\",\"potentialAction\":[{\"@type\":\"ReadAction\",\"target\":[\"https:\/\/www.icon-icon.com\/en\/produit\/so-shoes-la-botte-secrete-de-lelegance-francaise\/\"]}]},{\"@type\":\"ImageObject\",\"inLanguage\":\"en-US\",\"@id\":\"https:\/\/www.icon-icon.com\/en\/produit\/so-shoes-la-botte-secrete-de-lelegance-francaise\/#primaryimage\",\"url\":\"http:\/\/www.icon-icon.com\/wp-content\/uploads\/2021\/07\/SoShoes.jpg\",\"contentUrl\":\"http:\/\/www.icon-icon.com\/wp-content\/uploads\/2021\/07\/SoShoes.jpg\",\"width\":500,\"height\":500},{\"@type\":\"BreadcrumbList\",\"@id\":\"https:\/\/www.icon-icon.com\/en\/produit\/so-shoes-la-botte-secrete-de-lelegance-francaise\/#breadcrumb\",\"itemListElement\":[{\"@type\":\"ListItem\",\"position\":1,\"name\":\"Accueil\",\"item\":\"https:\/\/www.icon-icon.com\/en\/\"},{\"@type\":\"ListItem\",\"position\":2,\"name\":\"Shop\",\"item\":\"https:\/\/www.icon-icon.com\/en\/shop-2\/\"},{\"@type\":\"ListItem\",\"position\":3,\"name\":\"So Shoes &#8211; La Botte Secr\u00e8te de L&#8217;\u00e9l\u00e9gance Fran\u00e7aise\"}]},{\"@type\":\"WebSite\",\"@id\":\"https:\/\/www.icon-icon.com\/#website\",\"url\":\"https:\/\/www.icon-icon.com\/\",\"name\":\"ICON-ICON\",\"description\":\"Luxury Stories\",\"potentialAction\":[{\"@type\":\"SearchAction\",\"target\":{\"@type\":\"EntryPoint\",\"urlTemplate\":\"https:\/\/www.icon-icon.com\/?s={search_term_string}\"},\"query-input\":{\"@type\":\"PropertyValueSpecification\",\"valueRequired\":true,\"valueName\":\"search_term_string\"}}],\"inLanguage\":\"en-US\"}]}<\/script>\n<!-- \/ Yoast SEO plugin. -->","yoast_head_json":{"title":"So Shoes - La Botte Secr\u00e8te de L'\u00e9l\u00e9gance Fran\u00e7aise - ICON-ICON","robots":{"index":"index","follow":"follow","max-snippet":"max-snippet:-1","max-image-preview":"max-image-preview:large","max-video-preview":"max-video-preview:-1"},"canonical":"https:\/\/www.icon-icon.com\/en\/produit\/so-shoes-la-botte-secrete-de-lelegance-francaise\/","og_locale":"en_US","og_type":"article","og_title":"So Shoes - La Botte Secr\u00e8te de L'\u00e9l\u00e9gance Fran\u00e7aise - ICON-ICON","og_description":"Authors : Isabelle Thomas, Fr\u00e9d\u00e9rique Veysset  Publisher :\u00a0La Martini\u00e8re  Date of Publication\u00a0: Octobre 2014  An object of passion for women - and fantasy for men - shoes are an essential accessory of style, a signature of taste and an essential touch of elegance.  This book, with its incisive and light tone, deciphers this fashion phenomenon, and delivers sound advice to women who want to follow the trends while cultivating their personality. From moccasins to thigh-high boots, via ballerinas: a fashion coaching according to the occasion, her dressing room and her fantasy...  With many anecdotes on the history of emblematic shoes, the favorite shoes of many personalities, and interviews with professionals and designers, including Christian Louboutin, Michel Vivien or In\u00e8s de la Fressange...  &nbsp;  Objet de passion pour les femmes - et de fantasmes pour les hommes -, la chaussure est un accessoire essentiel du style, signature du go\u00fbt et touche incontournable de l'\u00e9l\u00e9gance.  Cet ouvrage, au ton incisif et l\u00e9ger, d\u00e9crypte ce ph\u00e9nom\u00e8ne de mode, et d\u00e9livre des conseils avis\u00e9s aux femmes d\u00e9sireuses de suivre les tendances tout en cultivant leur personnalit\u00e9. Du mocassin aux cuissardes, en passant par les ballerines : un coaching mode selon les occasions, son dressing et sa fantaisie...  Avec de nombreuses anecdotes sur l'histoire de souliers embl\u00e9matiques, les chaussures pr\u00e9f\u00e9r\u00e9es de nombreuses personnalit\u00e9s, et des interviews de professionnels et de cr\u00e9ateurs, dont Christian Louboutin, Michel Vivien ou encore In\u00e8s de la Fressange...","og_url":"https:\/\/www.icon-icon.com\/en\/produit\/so-shoes-la-botte-secrete-de-lelegance-francaise\/","og_site_name":"ICON-ICON","article_modified_time":"2021-11-23T16:34:22+00:00","og_image":[{"width":500,"height":500,"url":"https:\/\/www.icon-icon.com\/wp-content\/uploads\/2021\/07\/SoShoes.jpg","type":"image\/jpeg"}],"twitter_card":"summary_large_image","schema":{"@context":"https:\/\/schema.org","@graph":[{"@type":"WebPage","@id":"https:\/\/www.icon-icon.com\/en\/produit\/so-shoes-la-botte-secrete-de-lelegance-francaise\/","url":"https:\/\/www.icon-icon.com\/en\/produit\/so-shoes-la-botte-secrete-de-lelegance-francaise\/","name":"So Shoes - La Botte Secr\u00e8te de L'\u00e9l\u00e9gance Fran\u00e7aise - ICON-ICON","isPartOf":{"@id":"https:\/\/www.icon-icon.com\/#website"},"primaryImageOfPage":{"@id":"https:\/\/www.icon-icon.com\/en\/produit\/so-shoes-la-botte-secrete-de-lelegance-francaise\/#primaryimage"},"image":{"@id":"https:\/\/www.icon-icon.com\/en\/produit\/so-shoes-la-botte-secrete-de-lelegance-francaise\/#primaryimage"},"thumbnailUrl":"http:\/\/www.icon-icon.com\/wp-content\/uploads\/2021\/07\/SoShoes.jpg","datePublished":"2021-07-16T10:59:24+00:00","dateModified":"2021-11-23T16:34:22+00:00","breadcrumb":{"@id":"https:\/\/www.icon-icon.com\/en\/produit\/so-shoes-la-botte-secrete-de-lelegance-francaise\/#breadcrumb"},"inLanguage":"en-US","potentialAction":[{"@type":"ReadAction","target":["https:\/\/www.icon-icon.com\/en\/produit\/so-shoes-la-botte-secrete-de-lelegance-francaise\/"]}]},{"@type":"ImageObject","inLanguage":"en-US","@id":"https:\/\/www.icon-icon.com\/en\/produit\/so-shoes-la-botte-secrete-de-lelegance-francaise\/#primaryimage","url":"http:\/\/www.icon-icon.com\/wp-content\/uploads\/2021\/07\/SoShoes.jpg","contentUrl":"http:\/\/www.icon-icon.com\/wp-content\/uploads\/2021\/07\/SoShoes.jpg","width":500,"height":500},{"@type":"BreadcrumbList","@id":"https:\/\/www.icon-icon.com\/en\/produit\/so-shoes-la-botte-secrete-de-lelegance-francaise\/#breadcrumb","itemListElement":[{"@type":"ListItem","position":1,"name":"Accueil","item":"https:\/\/www.icon-icon.com\/en\/"},{"@type":"ListItem","position":2,"name":"Shop","item":"https:\/\/www.icon-icon.com\/en\/shop-2\/"},{"@type":"ListItem","position":3,"name":"So Shoes &#8211; La Botte Secr\u00e8te de L&#8217;\u00e9l\u00e9gance Fran\u00e7aise"}]},{"@type":"WebSite","@id":"https:\/\/www.icon-icon.com\/#website","url":"https:\/\/www.icon-icon.com\/","name":"ICON-ICON","description":"Luxury Stories","potentialAction":[{"@type":"SearchAction","target":{"@type":"EntryPoint","urlTemplate":"https:\/\/www.icon-icon.com\/?s={search_term_string}"},"query-input":{"@type":"PropertyValueSpecification","valueRequired":true,"valueName":"search_term_string"}}],"inLanguage":"en-US"}]}},"_links":{"self":[{"href":"http:\/\/www.icon-icon.com\/en\/wp-json\/wp\/v2\/product\/61327","targetHints":{"allow":["GET"]}}],"collection":[{"href":"http:\/\/www.icon-icon.com\/en\/wp-json\/wp\/v2\/product"}],"about":[{"href":"http:\/\/www.icon-icon.com\/en\/wp-json\/wp\/v2\/types\/product"}],"wp:featuredmedia":[{"embeddable":true,"href":"http:\/\/www.icon-icon.com\/en\/wp-json\/wp\/v2\/media\/61320"}],"wp:attachment":[{"href":"http:\/\/www.icon-icon.com\/en\/wp-json\/wp\/v2\/media?parent=61327"}],"wp:term":[{"taxonomy":"product_brand","embeddable":true,"href":"http:\/\/www.icon-icon.com\/en\/wp-json\/wp\/v2\/product_brand?post=61327"},{"taxonomy":"product_cat","embeddable":true,"href":"http:\/\/www.icon-icon.com\/en\/wp-json\/wp\/v2\/product_cat?post=61327"},{"taxonomy":"product_tag","embeddable":true,"href":"http:\/\/www.icon-icon.com\/en\/wp-json\/wp\/v2\/product_tag?post=61327"}],"curies":[{"name":"wp","href":"https:\/\/api.w.org\/{rel}","templated":true}]}}