


{"id":53236,"date":"2021-09-12T10:55:31","date_gmt":"2022-07-04T14:54:47","guid":{"rendered":"https:\/\/www.icon-icon.com\/?post_type=product&#038;p=53236"},"modified":"2022-07-04T16:54:48","modified_gmt":"2022-07-04T14:54:48","slug":"hotel-plaza-athenee-ladresse-couture","status":"publish","type":"product","link":"http:\/\/www.icon-icon.com\/en\/produit\/hotel-plaza-athenee-ladresse-couture\/","title":{"rendered":"H\u00f4tel Plaza Ath\u00e9n\u00e9e &#8211; L&#8217;adresse couture"},"content":{"rendered":"","protected":false},"excerpt":{"rendered":"<p><b>Author<\/b>: Fran\u00e7ois Simon<\/p>\n<p><b>Publishing House<\/b><strong>:<\/strong> Assouline<\/p>\n<p><b>Publication Date<\/b>: 30 April 2015<\/p>\n<p>Celebrating its first 100 years, H\u00f4tel Plaza Ath\u00e9n\u00e9e in the elegant heart of Paris is looking ahead to its next century. Following a yearlong renovation, guests are rediscovering the warm, refined surroundings for which the hotel is legendary. Located within one of Paris&#8217;s most prestigious districts, the Plaza Ath\u00e9n\u00e9e remains at the center of fashionable and artistic Parisian life. This stately volume opens the doors of this magnificent place, through previously unpublished documents and interviews with those whose lives have intersected there, recounting the life of a mythical hotel.<\/p>\n","protected":false},"featured_media":60616,"template":"","meta":{"_acf_changed":false},"product_brand":[],"product_cat":[21562,22973,21711,21725,24887],"product_tag":[22277,27956,26014,22282,22283,22278,22281,22284,28563,26015,27732,28018],"class_list":{"0":"post-53236","1":"product","2":"type-product","3":"status-publish","4":"has-post-thumbnail","6":"product_cat-books","7":"product_cat-culture-and-technology","8":"product_cat-iconic-hotels","9":"product_cat-locations","10":"product_cat-luxury-and-lifestyle","11":"product_tag-assouline-en","12":"product_tag-france-en","13":"product_tag-hotel-en","14":"product_tag-icon-en","15":"product_tag-iconique-en","16":"product_tag-livre-en","17":"product_tag-luxe-en","18":"product_tag-luxury-en","19":"product_tag-mythique-en","20":"product_tag-palace-en","21":"product_tag-paris-en","22":"product_tag-plaza-athenee-en","24":"first","25":"instock","26":"product-type-external"},"acf":[],"yoast_head":"<!-- This site is optimized with the Yoast SEO plugin v27.2 - https:\/\/yoast.com\/product\/yoast-seo-wordpress\/ -->\n<title>H\u00f4tel Plaza Ath\u00e9n\u00e9e - L&#039;adresse couture - ICON-ICON<\/title>\n<meta name=\"robots\" content=\"index, follow, max-snippet:-1, max-image-preview:large, max-video-preview:-1\" \/>\n<link rel=\"canonical\" href=\"https:\/\/www.icon-icon.com\/en\/produit\/hotel-plaza-athenee-ladresse-couture\/\" \/>\n<meta property=\"og:locale\" content=\"en_US\" \/>\n<meta property=\"og:type\" content=\"article\" \/>\n<meta property=\"og:title\" content=\"H\u00f4tel Plaza Ath\u00e9n\u00e9e - L&#039;adresse couture - ICON-ICON\" \/>\n<meta property=\"og:description\" content=\"Author: Fran\u00e7ois Simon  Publishing House: Assouline  Publication Date: 30 April 2015  Celebrating its first 100 years, H\u00f4tel Plaza Ath\u00e9n\u00e9e in the elegant heart of Paris is looking ahead to its next century. Following a yearlong renovation, guests are rediscovering the warm, refined surroundings for which the hotel is legendary. Located within one of Paris&#039;s most prestigious districts, the Plaza Ath\u00e9n\u00e9e remains at the center of fashionable and artistic Parisian life. This stately volume opens the doors of this magnificent place, through previously unpublished documents and interviews with those whose lives have intersected there, recounting the life of a mythical hotel.\" \/>\n<meta property=\"og:url\" content=\"https:\/\/www.icon-icon.com\/en\/produit\/hotel-plaza-athenee-ladresse-couture\/\" \/>\n<meta property=\"og:site_name\" content=\"ICON-ICON\" \/>\n<meta property=\"article:modified_time\" content=\"2022-07-04T14:54:48+00:00\" \/>\n<meta property=\"og:image\" content=\"https:\/\/www.icon-icon.com\/wp-content\/uploads\/2021\/09\/Plaza-Athenee.jpg\" \/>\n\t<meta property=\"og:image:width\" content=\"500\" \/>\n\t<meta property=\"og:image:height\" content=\"500\" \/>\n\t<meta property=\"og:image:type\" content=\"image\/jpeg\" \/>\n<meta name=\"twitter:card\" content=\"summary_large_image\" \/>\n<script type=\"application\/ld+json\" class=\"yoast-schema-graph\">{\"@context\":\"https:\/\/schema.org\",\"@graph\":[{\"@type\":\"WebPage\",\"@id\":\"https:\/\/www.icon-icon.com\/en\/produit\/hotel-plaza-athenee-ladresse-couture\/\",\"url\":\"https:\/\/www.icon-icon.com\/en\/produit\/hotel-plaza-athenee-ladresse-couture\/\",\"name\":\"H\u00f4tel Plaza Ath\u00e9n\u00e9e - L'adresse couture - ICON-ICON\",\"isPartOf\":{\"@id\":\"https:\/\/www.icon-icon.com\/#website\"},\"primaryImageOfPage\":{\"@id\":\"https:\/\/www.icon-icon.com\/en\/produit\/hotel-plaza-athenee-ladresse-couture\/#primaryimage\"},\"image\":{\"@id\":\"https:\/\/www.icon-icon.com\/en\/produit\/hotel-plaza-athenee-ladresse-couture\/#primaryimage\"},\"thumbnailUrl\":\"http:\/\/www.icon-icon.com\/wp-content\/uploads\/2021\/09\/Plaza-Athenee.jpg\",\"datePublished\":\"2022-07-04T14:54:47+00:00\",\"dateModified\":\"2022-07-04T14:54:48+00:00\",\"breadcrumb\":{\"@id\":\"https:\/\/www.icon-icon.com\/en\/produit\/hotel-plaza-athenee-ladresse-couture\/#breadcrumb\"},\"inLanguage\":\"en-US\",\"potentialAction\":[{\"@type\":\"ReadAction\",\"target\":[\"https:\/\/www.icon-icon.com\/en\/produit\/hotel-plaza-athenee-ladresse-couture\/\"]}]},{\"@type\":\"ImageObject\",\"inLanguage\":\"en-US\",\"@id\":\"https:\/\/www.icon-icon.com\/en\/produit\/hotel-plaza-athenee-ladresse-couture\/#primaryimage\",\"url\":\"http:\/\/www.icon-icon.com\/wp-content\/uploads\/2021\/09\/Plaza-Athenee.jpg\",\"contentUrl\":\"http:\/\/www.icon-icon.com\/wp-content\/uploads\/2021\/09\/Plaza-Athenee.jpg\",\"width\":500,\"height\":500,\"caption\":\"Plaza Ath\u00e9n\u00e9e\"},{\"@type\":\"BreadcrumbList\",\"@id\":\"https:\/\/www.icon-icon.com\/en\/produit\/hotel-plaza-athenee-ladresse-couture\/#breadcrumb\",\"itemListElement\":[{\"@type\":\"ListItem\",\"position\":1,\"name\":\"Accueil\",\"item\":\"https:\/\/www.icon-icon.com\/en\/\"},{\"@type\":\"ListItem\",\"position\":2,\"name\":\"Shop\",\"item\":\"https:\/\/www.icon-icon.com\/en\/shop-2\/\"},{\"@type\":\"ListItem\",\"position\":3,\"name\":\"H\u00f4tel Plaza Ath\u00e9n\u00e9e &#8211; L&#8217;adresse couture\"}]},{\"@type\":\"WebSite\",\"@id\":\"https:\/\/www.icon-icon.com\/#website\",\"url\":\"https:\/\/www.icon-icon.com\/\",\"name\":\"ICON-ICON\",\"description\":\"Luxury Stories\",\"potentialAction\":[{\"@type\":\"SearchAction\",\"target\":{\"@type\":\"EntryPoint\",\"urlTemplate\":\"https:\/\/www.icon-icon.com\/?s={search_term_string}\"},\"query-input\":{\"@type\":\"PropertyValueSpecification\",\"valueRequired\":true,\"valueName\":\"search_term_string\"}}],\"inLanguage\":\"en-US\"}]}<\/script>\n<!-- \/ Yoast SEO plugin. -->","yoast_head_json":{"title":"H\u00f4tel Plaza Ath\u00e9n\u00e9e - L'adresse couture - ICON-ICON","robots":{"index":"index","follow":"follow","max-snippet":"max-snippet:-1","max-image-preview":"max-image-preview:large","max-video-preview":"max-video-preview:-1"},"canonical":"https:\/\/www.icon-icon.com\/en\/produit\/hotel-plaza-athenee-ladresse-couture\/","og_locale":"en_US","og_type":"article","og_title":"H\u00f4tel Plaza Ath\u00e9n\u00e9e - L'adresse couture - ICON-ICON","og_description":"Author: Fran\u00e7ois Simon  Publishing House: Assouline  Publication Date: 30 April 2015  Celebrating its first 100 years, H\u00f4tel Plaza Ath\u00e9n\u00e9e in the elegant heart of Paris is looking ahead to its next century. Following a yearlong renovation, guests are rediscovering the warm, refined surroundings for which the hotel is legendary. Located within one of Paris's most prestigious districts, the Plaza Ath\u00e9n\u00e9e remains at the center of fashionable and artistic Parisian life. This stately volume opens the doors of this magnificent place, through previously unpublished documents and interviews with those whose lives have intersected there, recounting the life of a mythical hotel.","og_url":"https:\/\/www.icon-icon.com\/en\/produit\/hotel-plaza-athenee-ladresse-couture\/","og_site_name":"ICON-ICON","article_modified_time":"2022-07-04T14:54:48+00:00","og_image":[{"width":500,"height":500,"url":"https:\/\/www.icon-icon.com\/wp-content\/uploads\/2021\/09\/Plaza-Athenee.jpg","type":"image\/jpeg"}],"twitter_card":"summary_large_image","schema":{"@context":"https:\/\/schema.org","@graph":[{"@type":"WebPage","@id":"https:\/\/www.icon-icon.com\/en\/produit\/hotel-plaza-athenee-ladresse-couture\/","url":"https:\/\/www.icon-icon.com\/en\/produit\/hotel-plaza-athenee-ladresse-couture\/","name":"H\u00f4tel Plaza Ath\u00e9n\u00e9e - L'adresse couture - ICON-ICON","isPartOf":{"@id":"https:\/\/www.icon-icon.com\/#website"},"primaryImageOfPage":{"@id":"https:\/\/www.icon-icon.com\/en\/produit\/hotel-plaza-athenee-ladresse-couture\/#primaryimage"},"image":{"@id":"https:\/\/www.icon-icon.com\/en\/produit\/hotel-plaza-athenee-ladresse-couture\/#primaryimage"},"thumbnailUrl":"http:\/\/www.icon-icon.com\/wp-content\/uploads\/2021\/09\/Plaza-Athenee.jpg","datePublished":"2022-07-04T14:54:47+00:00","dateModified":"2022-07-04T14:54:48+00:00","breadcrumb":{"@id":"https:\/\/www.icon-icon.com\/en\/produit\/hotel-plaza-athenee-ladresse-couture\/#breadcrumb"},"inLanguage":"en-US","potentialAction":[{"@type":"ReadAction","target":["https:\/\/www.icon-icon.com\/en\/produit\/hotel-plaza-athenee-ladresse-couture\/"]}]},{"@type":"ImageObject","inLanguage":"en-US","@id":"https:\/\/www.icon-icon.com\/en\/produit\/hotel-plaza-athenee-ladresse-couture\/#primaryimage","url":"http:\/\/www.icon-icon.com\/wp-content\/uploads\/2021\/09\/Plaza-Athenee.jpg","contentUrl":"http:\/\/www.icon-icon.com\/wp-content\/uploads\/2021\/09\/Plaza-Athenee.jpg","width":500,"height":500,"caption":"Plaza Ath\u00e9n\u00e9e"},{"@type":"BreadcrumbList","@id":"https:\/\/www.icon-icon.com\/en\/produit\/hotel-plaza-athenee-ladresse-couture\/#breadcrumb","itemListElement":[{"@type":"ListItem","position":1,"name":"Accueil","item":"https:\/\/www.icon-icon.com\/en\/"},{"@type":"ListItem","position":2,"name":"Shop","item":"https:\/\/www.icon-icon.com\/en\/shop-2\/"},{"@type":"ListItem","position":3,"name":"H\u00f4tel Plaza Ath\u00e9n\u00e9e &#8211; L&#8217;adresse couture"}]},{"@type":"WebSite","@id":"https:\/\/www.icon-icon.com\/#website","url":"https:\/\/www.icon-icon.com\/","name":"ICON-ICON","description":"Luxury Stories","potentialAction":[{"@type":"SearchAction","target":{"@type":"EntryPoint","urlTemplate":"https:\/\/www.icon-icon.com\/?s={search_term_string}"},"query-input":{"@type":"PropertyValueSpecification","valueRequired":true,"valueName":"search_term_string"}}],"inLanguage":"en-US"}]}},"_links":{"self":[{"href":"http:\/\/www.icon-icon.com\/en\/wp-json\/wp\/v2\/product\/53236","targetHints":{"allow":["GET"]}}],"collection":[{"href":"http:\/\/www.icon-icon.com\/en\/wp-json\/wp\/v2\/product"}],"about":[{"href":"http:\/\/www.icon-icon.com\/en\/wp-json\/wp\/v2\/types\/product"}],"wp:featuredmedia":[{"embeddable":true,"href":"http:\/\/www.icon-icon.com\/en\/wp-json\/wp\/v2\/media\/60616"}],"wp:attachment":[{"href":"http:\/\/www.icon-icon.com\/en\/wp-json\/wp\/v2\/media?parent=53236"}],"wp:term":[{"taxonomy":"product_brand","embeddable":true,"href":"http:\/\/www.icon-icon.com\/en\/wp-json\/wp\/v2\/product_brand?post=53236"},{"taxonomy":"product_cat","embeddable":true,"href":"http:\/\/www.icon-icon.com\/en\/wp-json\/wp\/v2\/product_cat?post=53236"},{"taxonomy":"product_tag","embeddable":true,"href":"http:\/\/www.icon-icon.com\/en\/wp-json\/wp\/v2\/product_tag?post=53236"}],"curies":[{"name":"wp","href":"https:\/\/api.w.org\/{rel}","templated":true}]}}